{"id":2503,"date":"2016-01-02T22:57:20","date_gmt":"2016-01-02T22:57:20","guid":{"rendered":"http:\/\/themedemos.webmandesign.eu\/polyclinic\/?page_id=86"},"modified":"2026-03-30T08:20:19","modified_gmt":"2026-03-30T11:20:19","slug":"a-lira-odonto","status":"publish","type":"page","link":"https:\/\/liraodonto.com.br\/en\/a-lira-odonto\/","title":{"rendered":"A Lira Odonto"},"content":{"rendered":"<h2><strong>Lira Odonto takes care of you<\/strong><\/h2>\n\t<p>A beautiful smile reveals the best in you. Being able to lead life in a light and pleasant way is enough to have a good reason to smile. A carefree, uninhibited, contagious smile can be intense and lasting when well cared for.<\/p>\n<p>A <strong>Lira Odonto<\/strong> was born to restore beautiful smiles and take care of oral health, paying attention to the well-being of her patients with all the comfort that each one needs and deserves.<\/p>\n<p>Com duas unidades em S\u00e3o Paulo, desde 2009, oferece atendimento adequado \u00e0s necessidades de seus pacientes, com <a href=\"https:\/\/liraodonto.com.br\/en\/especialidades\/\">complete<\/a> and integrated solutions in a <a href=\"https:\/\/liraodonto.com.br\/en\/a-lira-odonto\/estrutura\/\">welcoming environment<\/a> that is capable of transforming the fear of going to the dental office into the pleasure of being with him.<\/p>\n<figure itemscope itemtype=\"https:\/\/schema.org\/ImageObject\">\n\t\t\t\t<img decoding=\"async\" src=\"https:\/\/liraodonto.com.br\/wp-content\/uploads\/2015\/09\/liraodonto_quemsomos.jpg\" alt=\"liraodonto_quemsomos\" height=\"320\" width=\"550\" title=\"liraodonto_quemsomos\" onerror=\"this.style.display='none'\" loading=\"lazy\" \/>\n\t<\/figure>\n\t<h2>OUR PHILOSOPHY<\/h2>\nWe believe in oral health as a way to people's well-being. After all, a healthy and beautiful mouth raises self-esteem!<br \/>\nA beautiful smile has to be within everyone's reach. That's why we offer the main <a href=\"https:\/\/liraodonto.com.br\/en\/tratamentos\/\">dental specialties<\/a> in one place, with high quality standards and multiple payment options. Our work philosophy is based on:\n\t<h2>Professionalism<\/h2>\n<p>Lira Odonto dentists are, first and foremost, people who treat people. Careful and dedicated professionals are supervised by highly trained specialists who manage their treatment with cutting-edge techniques and procedures.<\/p>\n\t<h3>Quality standard<\/h3>\n<p>Our quality standard encompasses both administrative and dental activities. The patient will realize this quality at all times. Therefore, our processes are carefully designed and supported by training, routines and systems that ensure a superior care experience.<\/p>\n\t<h3>Integrated dentistry<\/h3>\n<p>The integration of Lira Odonto specialties allows full coordination of the treatments performed. From dental cleaning to complex implants, we always see the patient completely. This means greater communication between professionals, resulting in more effective and coordinated treatments and greater convenience for the patient.<\/p>\n\t<h3>Patient in control<\/h3>\n<p>At Lira Odonto, everything is designed to give the patient greater control over their own treatment. As a result, we offer a variety of schedule options, great location and various contact options. In Lira Odonto, the patient is never taken by surprise, we always act with clarity and transparency.<\/p>","protected":false},"excerpt":{"rendered":"<div class=\"entry-summary\">\n<div class=\"entry-summary\">\nA Lira Odonto cuida de voc\u00ea Um belo sorriso revela o que h\u00e1 de melhor em voc\u00ea. Poder&hellip;\n<\/div>\n<div class=\"link-more\"><a href=\"https:\/\/liraodonto.com.br\/en\/a-lira-odonto\/\" class=\"more-link\">Continue reading<span class=\"screen-reader-text\"> &ldquo;A Lira Odonto&rdquo;<\/span>&hellip;<\/a><\/div>\n<\/div>\n<div class=\"link-more\"><a href=\"https:\/\/liraodonto.com.br\/en\/a-lira-odonto\/\" class=\"more-link\">Continue reading<span class=\"screen-reader-text\"> &ldquo;A Lira Odonto&rdquo;<\/span>&hellip;<\/a><\/div>","protected":false},"author":1,"featured_media":0,"parent":0,"menu_order":13,"comment_status":"closed","ping_status":"closed","template":"templates\/no-title.php","meta":{"_acf_changed":false,"_monsterinsights_skip_tracking":false,"_monsterinsights_sitenote_active":false,"_monsterinsights_sitenote_note":"","_monsterinsights_sitenote_category":0,"_joinchat":[],"footnotes":""},"class_list":["post-2503","page","type-page","status-publish","hentry","entry"],"acf":[],"yoast_head":"<!-- This site is optimized with the Yoast SEO plugin v27.4 - https:\/\/yoast.com\/product\/yoast-seo-wordpress\/ -->\n<title>A Lira Odonto - Lira Odonto<\/title>\n<meta name=\"robots\" content=\"index, follow, max-snippet:-1, max-image-preview:large, max-video-preview:-1\" \/>\n<link rel=\"canonical\" href=\"https:\/\/liraodonto.com.br\/en\/a-lira-odonto\/\" \/>\n<meta property=\"og:locale\" content=\"en_US\" \/>\n<meta property=\"og:type\" content=\"article\" \/>\n<meta property=\"og:title\" content=\"A Lira Odonto - Lira Odonto\" \/>\n<meta property=\"og:description\" content=\"A Lira Odonto cuida de voc\u00ea Um belo sorriso revela o que h\u00e1 de melhor em voc\u00ea. Poder&hellip; Continue reading &ldquo;A Lira Odonto&rdquo;&hellip;\" \/>\n<meta property=\"og:url\" content=\"https:\/\/liraodonto.com.br\/en\/a-lira-odonto\/\" \/>\n<meta property=\"og:site_name\" content=\"Lira Odonto\" \/>\n<meta property=\"article:publisher\" content=\"https:\/\/www.facebook.com\/liraodonto\/\" \/>\n<meta property=\"article:modified_time\" content=\"2026-03-30T11:20:19+00:00\" \/>\n<meta property=\"og:image\" content=\"https:\/\/liraodonto.com.br\/wp-content\/uploads\/2015\/09\/liraodonto_quemsomos.jpg\" \/>\n<meta name=\"twitter:card\" content=\"summary_large_image\" \/>\n<meta name=\"twitter:label1\" content=\"Est. reading time\" \/>\n\t<meta name=\"twitter:data1\" content=\"2 minutes\" \/>\n<script type=\"application\/ld+json\" class=\"yoast-schema-graph\">{\"@context\":\"https:\\\/\\\/schema.org\",\"@graph\":[{\"@type\":\"WebPage\",\"@id\":\"https:\\\/\\\/liraodonto.com.br\\\/a-lira-odonto\\\/\",\"url\":\"https:\\\/\\\/liraodonto.com.br\\\/a-lira-odonto\\\/\",\"name\":\"A Lira Odonto - Lira Odonto\",\"isPartOf\":{\"@id\":\"https:\\\/\\\/liraodonto.com.br\\\/#website\"},\"primaryImageOfPage\":{\"@id\":\"https:\\\/\\\/liraodonto.com.br\\\/a-lira-odonto\\\/#primaryimage\"},\"image\":{\"@id\":\"https:\\\/\\\/liraodonto.com.br\\\/a-lira-odonto\\\/#primaryimage\"},\"thumbnailUrl\":\"https:\\\/\\\/liraodonto.com.br\\\/wp-content\\\/uploads\\\/2015\\\/09\\\/liraodonto_quemsomos.jpg\",\"datePublished\":\"2016-01-02T22:57:20+00:00\",\"dateModified\":\"2026-03-30T11:20:19+00:00\",\"breadcrumb\":{\"@id\":\"https:\\\/\\\/liraodonto.com.br\\\/a-lira-odonto\\\/#breadcrumb\"},\"inLanguage\":\"en-US\",\"potentialAction\":[{\"@type\":\"ReadAction\",\"target\":[\"https:\\\/\\\/liraodonto.com.br\\\/a-lira-odonto\\\/\"]}]},{\"@type\":\"ImageObject\",\"inLanguage\":\"en-US\",\"@id\":\"https:\\\/\\\/liraodonto.com.br\\\/a-lira-odonto\\\/#primaryimage\",\"url\":\"https:\\\/\\\/liraodonto.com.br\\\/wp-content\\\/uploads\\\/2015\\\/09\\\/liraodonto_quemsomos.jpg\",\"contentUrl\":\"https:\\\/\\\/liraodonto.com.br\\\/wp-content\\\/uploads\\\/2015\\\/09\\\/liraodonto_quemsomos.jpg\"},{\"@type\":\"BreadcrumbList\",\"@id\":\"https:\\\/\\\/liraodonto.com.br\\\/a-lira-odonto\\\/#breadcrumb\",\"itemListElement\":[{\"@type\":\"ListItem\",\"position\":1,\"name\":\"In\u00edcio\",\"item\":\"https:\\\/\\\/liraodonto.com.br\\\/\"},{\"@type\":\"ListItem\",\"position\":2,\"name\":\"A Lira Odonto\"}]},{\"@type\":\"WebSite\",\"@id\":\"https:\\\/\\\/liraodonto.com.br\\\/#website\",\"url\":\"https:\\\/\\\/liraodonto.com.br\\\/\",\"name\":\"Lira Odonto\",\"description\":\"\",\"publisher\":{\"@id\":\"https:\\\/\\\/liraodonto.com.br\\\/#organization\"},\"potentialAction\":[{\"@type\":\"SearchAction\",\"target\":{\"@type\":\"EntryPoint\",\"urlTemplate\":\"https:\\\/\\\/liraodonto.com.br\\\/?s={search_term_string}\"},\"query-input\":{\"@type\":\"PropertyValueSpecification\",\"valueRequired\":true,\"valueName\":\"search_term_string\"}}],\"inLanguage\":\"en-US\"},{\"@type\":\"Organization\",\"@id\":\"https:\\\/\\\/liraodonto.com.br\\\/#organization\",\"name\":\"Lira Odonto\",\"url\":\"https:\\\/\\\/liraodonto.com.br\\\/\",\"logo\":{\"@type\":\"ImageObject\",\"inLanguage\":\"en-US\",\"@id\":\"https:\\\/\\\/liraodonto.com.br\\\/#\\\/schema\\\/logo\\\/image\\\/\",\"url\":\"https:\\\/\\\/liraodonto.com.br\\\/wp-content\\\/uploads\\\/2016\\\/04\\\/cropped-cropped-lira_odonto_site.png\",\"contentUrl\":\"https:\\\/\\\/liraodonto.com.br\\\/wp-content\\\/uploads\\\/2016\\\/04\\\/cropped-cropped-lira_odonto_site.png\",\"width\":200,\"height\":46,\"caption\":\"Lira Odonto\"},\"image\":{\"@id\":\"https:\\\/\\\/liraodonto.com.br\\\/#\\\/schema\\\/logo\\\/image\\\/\"},\"sameAs\":[\"https:\\\/\\\/www.facebook.com\\\/liraodonto\\\/\",\"https:\\\/\\\/www.instagram.com\\\/liraodonto\\\/\"]}]}<\/script>\n<!-- \/ Yoast SEO plugin. -->","yoast_head_json":{"title":"A Lira Odonto - Lira Odonto","robots":{"index":"index","follow":"follow","max-snippet":"max-snippet:-1","max-image-preview":"max-image-preview:large","max-video-preview":"max-video-preview:-1"},"canonical":"https:\/\/liraodonto.com.br\/en\/a-lira-odonto\/","og_locale":"en_US","og_type":"article","og_title":"A Lira Odonto - Lira Odonto","og_description":"A Lira Odonto cuida de voc\u00ea Um belo sorriso revela o que h\u00e1 de melhor em voc\u00ea. Poder&hellip; Continue reading &ldquo;A Lira Odonto&rdquo;&hellip;","og_url":"https:\/\/liraodonto.com.br\/en\/a-lira-odonto\/","og_site_name":"Lira Odonto","article_publisher":"https:\/\/www.facebook.com\/liraodonto\/","article_modified_time":"2026-03-30T11:20:19+00:00","og_image":[{"url":"https:\/\/liraodonto.com.br\/wp-content\/uploads\/2015\/09\/liraodonto_quemsomos.jpg","type":"","width":"","height":""}],"twitter_card":"summary_large_image","twitter_misc":{"Est. reading time":"2 minutes"},"schema":{"@context":"https:\/\/schema.org","@graph":[{"@type":"WebPage","@id":"https:\/\/liraodonto.com.br\/a-lira-odonto\/","url":"https:\/\/liraodonto.com.br\/a-lira-odonto\/","name":"A Lira Odonto - Lira Odonto","isPartOf":{"@id":"https:\/\/liraodonto.com.br\/#website"},"primaryImageOfPage":{"@id":"https:\/\/liraodonto.com.br\/a-lira-odonto\/#primaryimage"},"image":{"@id":"https:\/\/liraodonto.com.br\/a-lira-odonto\/#primaryimage"},"thumbnailUrl":"https:\/\/liraodonto.com.br\/wp-content\/uploads\/2015\/09\/liraodonto_quemsomos.jpg","datePublished":"2016-01-02T22:57:20+00:00","dateModified":"2026-03-30T11:20:19+00:00","breadcrumb":{"@id":"https:\/\/liraodonto.com.br\/a-lira-odonto\/#breadcrumb"},"inLanguage":"en-US","potentialAction":[{"@type":"ReadAction","target":["https:\/\/liraodonto.com.br\/a-lira-odonto\/"]}]},{"@type":"ImageObject","inLanguage":"en-US","@id":"https:\/\/liraodonto.com.br\/a-lira-odonto\/#primaryimage","url":"https:\/\/liraodonto.com.br\/wp-content\/uploads\/2015\/09\/liraodonto_quemsomos.jpg","contentUrl":"https:\/\/liraodonto.com.br\/wp-content\/uploads\/2015\/09\/liraodonto_quemsomos.jpg"},{"@type":"BreadcrumbList","@id":"https:\/\/liraodonto.com.br\/a-lira-odonto\/#breadcrumb","itemListElement":[{"@type":"ListItem","position":1,"name":"In\u00edcio","item":"https:\/\/liraodonto.com.br\/"},{"@type":"ListItem","position":2,"name":"A Lira Odonto"}]},{"@type":"WebSite","@id":"https:\/\/liraodonto.com.br\/#website","url":"https:\/\/liraodonto.com.br\/","name":"Lira Odonto","description":"","publisher":{"@id":"https:\/\/liraodonto.com.br\/#organization"},"potentialAction":[{"@type":"SearchAction","target":{"@type":"EntryPoint","urlTemplate":"https:\/\/liraodonto.com.br\/?s={search_term_string}"},"query-input":{"@type":"PropertyValueSpecification","valueRequired":true,"valueName":"search_term_string"}}],"inLanguage":"en-US"},{"@type":"Organization","@id":"https:\/\/liraodonto.com.br\/#organization","name":"Lira Odonto","url":"https:\/\/liraodonto.com.br\/","logo":{"@type":"ImageObject","inLanguage":"en-US","@id":"https:\/\/liraodonto.com.br\/#\/schema\/logo\/image\/","url":"https:\/\/liraodonto.com.br\/wp-content\/uploads\/2016\/04\/cropped-cropped-lira_odonto_site.png","contentUrl":"https:\/\/liraodonto.com.br\/wp-content\/uploads\/2016\/04\/cropped-cropped-lira_odonto_site.png","width":200,"height":46,"caption":"Lira Odonto"},"image":{"@id":"https:\/\/liraodonto.com.br\/#\/schema\/logo\/image\/"},"sameAs":["https:\/\/www.facebook.com\/liraodonto\/","https:\/\/www.instagram.com\/liraodonto\/"]}]}},"wps_subtitle":"","_links":{"self":[{"href":"https:\/\/liraodonto.com.br\/en\/wp-json\/wp\/v2\/pages\/2503","targetHints":{"allow":["GET"]}}],"collection":[{"href":"https:\/\/liraodonto.com.br\/en\/wp-json\/wp\/v2\/pages"}],"about":[{"href":"https:\/\/liraodonto.com.br\/en\/wp-json\/wp\/v2\/types\/page"}],"author":[{"embeddable":true,"href":"https:\/\/liraodonto.com.br\/en\/wp-json\/wp\/v2\/users\/1"}],"replies":[{"embeddable":true,"href":"https:\/\/liraodonto.com.br\/en\/wp-json\/wp\/v2\/comments?post=2503"}],"version-history":[{"count":18,"href":"https:\/\/liraodonto.com.br\/en\/wp-json\/wp\/v2\/pages\/2503\/revisions"}],"predecessor-version":[{"id":5434,"href":"https:\/\/liraodonto.com.br\/en\/wp-json\/wp\/v2\/pages\/2503\/revisions\/5434"}],"wp:attachment":[{"href":"https:\/\/liraodonto.com.br\/en\/wp-json\/wp\/v2\/media?parent=2503"}],"curies":[{"name":"wp","href":"https:\/\/api.w.org\/{rel}","templated":true}]}}