{"id":2622,"date":"2016-10-19T13:49:27","date_gmt":"2016-10-19T13:49:27","guid":{"rendered":"https:\/\/liraodonto.com.br\/aprova\/?page_id=2622"},"modified":"2017-02-15T18:27:39","modified_gmt":"2017-02-15T18:27:39","slug":"visao-missao-e-valores","status":"publish","type":"page","link":"https:\/\/liraodonto.com.br\/en\/visao-missao-e-valores\/","title":{"rendered":"Vision, Mission and Values"},"content":{"rendered":"<pre><code>            &lt;img src=&quot;https:\/\/liraodonto.com.br\/wp-content\/uploads\/2016\/10\/missao_visao_valores.jpg&quot; alt=&quot;missao_visao_valores&quot; itemprop=&quot;image&quot;  \/&gt;\n&lt;strong&gt;VISION&lt;\/strong&gt;\n<\/code><\/pre>\n<p>Be nationally recognized for quality and leadership in oral health care, with an innovative and sustainable business model, attracting and retaining talent.<\/p>\n<p><strong>MISSION<\/strong><\/p>\n<p>Promote oral health and provide access to quality dental services to different segments of the population, with increasingly complete and integrated solutions. Create strong and lasting links with patients, staff and partners, always with an ethical commitment and social responsibility.<\/p>\n<p><strong>VALUES<\/strong><\/p>\n<p><em>Patient<\/em> &#8211; As necessidades do paciente sempre v\u00eam\u00a0em primeiro lugar. O paciente \u00e9 nossa raz\u00e3o de ser.<\/p>\n<p><em>Quality<\/em> &#8211; Perseguimos a excel\u00eancia na presta\u00e7\u00e3o de servi\u00e7os.<\/p>\n<p><em>Gente &#8211;<\/em> People are our biggest capital. We value high performance, teamwork, knowledge sharing, entrepreneurial spirit, sense of urgency, achievability, flexibility and integrity.<\/p>\n<p><em>Bom humor &#8211;<\/em> We perceive, appreciate and express aspects of the work environment to convey joy in everyday tasks. We wake up happy to work!<\/p>\n<p><em>Resultado &#8211;<\/em> We put passion in what we do by making the right decisions to ensure profitability, continuity and growth.<\/p>\n<p><em>Meritocracia &#8211;<\/em> Damos oportunidade para que as pessoas cres\u00e7am na velocidade dos seus talentos, esfor\u00e7os e resultados, sem nenhum tipo de restri\u00e7\u00e3o ou favorecimento.<\/p>\n<p><em>Dividir o sucesso &#8211;<\/em> We share the company's value generation with the team, looking for a perfect alignment of interests.<\/p>\n<p><em>\u00c9tica &#8211;<\/em> We seek credibility by being true, transparent and respectful in all established relationships. We do not tolerate missteps that affect the company's code of ethics and conduct.<\/p>","protected":false},"excerpt":{"rendered":"<div class=\"entry-summary\">\n<div class=\"entry-summary\">\n&lt;img src=&quot;&rdquo;https:\/\/liraodonto.com.br\/wp-content\/uploads\/2016\/10\/missao_visao_valores.jpg&rdquo;&quot; alt=&quot;&rdquo;missao_visao_valores&rdquo;&quot; itemprop=&quot;&rdquo;image&rdquo;&quot; \/&gt; &lt;strong&gt;VISION&lt;\/strong&gt; Ser reconhecida nacionalmente pela qualidade e pela lideran&ccedil;a em assist&ecirc;ncia &agrave; sa&uacute;de&hellip;\n<\/div>\n<div class=\"link-more\"><a href=\"https:\/\/liraodonto.com.br\/en\/visao-missao-e-valores\/\" class=\"more-link\">Continue reading<span class=\"screen-reader-text\"> &ldquo;Vis\u00e3o, Miss\u00e3o e Valores&rdquo;<\/span>&hellip;<\/a><\/div>\n<\/div>\n<div class=\"link-more\"><a href=\"https:\/\/liraodonto.com.br\/en\/visao-missao-e-valores\/\" class=\"more-link\">Continue reading<span class=\"screen-reader-text\"> &ldquo;Vis\u00e3o, Miss\u00e3o e Valores&rdquo;<\/span>&hellip;<\/a><\/div>","protected":false},"author":1,"featured_media":0,"parent":0,"menu_order":0,"comment_status":"closed","ping_status":"closed","template":"","meta":{"_acf_changed":false,"_monsterinsights_skip_tracking":false,"_monsterinsights_sitenote_active":false,"_monsterinsights_sitenote_note":"","_monsterinsights_sitenote_category":0,"_joinchat":[],"footnotes":""},"class_list":["post-2622","page","type-page","status-publish","hentry","entry"],"acf":[],"yoast_head":"<!-- This site is optimized with the Yoast SEO plugin v27.4 - https:\/\/yoast.com\/product\/yoast-seo-wordpress\/ -->\n<title>Vis\u00e3o, Miss\u00e3o e Valores - Lira Odonto<\/title>\n<meta name=\"robots\" content=\"index, follow, max-snippet:-1, max-image-preview:large, max-video-preview:-1\" \/>\n<link rel=\"canonical\" href=\"https:\/\/liraodonto.com.br\/en\/visao-missao-e-valores\/\" \/>\n<meta property=\"og:locale\" content=\"en_US\" \/>\n<meta property=\"og:type\" content=\"article\" \/>\n<meta property=\"og:title\" content=\"Vis\u00e3o, Miss\u00e3o e Valores - Lira Odonto\" \/>\n<meta property=\"og:description\" content=\"&lt;img src=&quot;https:\/\/liraodonto.com.br\/wp-content\/uploads\/2016\/10\/missao_visao_valores.jpg&quot; alt=&quot;missao_visao_valores&quot; itemprop=&quot;image&quot; \/&gt; &lt;strong&gt;VIS\u00c3O&lt;\/strong&gt; Ser reconhecida nacionalmente pela qualidade e pela lideran\u00e7a em assist\u00eancia \u00e0 sa\u00fade&hellip; Continue reading &ldquo;Vis\u00e3o, Miss\u00e3o e Valores&rdquo;&hellip;\" \/>\n<meta property=\"og:url\" content=\"https:\/\/liraodonto.com.br\/en\/visao-missao-e-valores\/\" \/>\n<meta property=\"og:site_name\" content=\"Lira Odonto\" \/>\n<meta property=\"article:publisher\" content=\"https:\/\/www.facebook.com\/liraodonto\/\" \/>\n<meta property=\"article:modified_time\" content=\"2017-02-15T18:27:39+00:00\" \/>\n<meta name=\"twitter:card\" content=\"summary_large_image\" \/>\n<meta name=\"twitter:label1\" content=\"Est. reading time\" \/>\n\t<meta name=\"twitter:data1\" content=\"2 minutes\" \/>\n<script type=\"application\/ld+json\" class=\"yoast-schema-graph\">{\"@context\":\"https:\\\/\\\/schema.org\",\"@graph\":[{\"@type\":\"WebPage\",\"@id\":\"https:\\\/\\\/liraodonto.com.br\\\/visao-missao-e-valores\\\/\",\"url\":\"https:\\\/\\\/liraodonto.com.br\\\/visao-missao-e-valores\\\/\",\"name\":\"Vis\u00e3o, Miss\u00e3o e Valores - Lira Odonto\",\"isPartOf\":{\"@id\":\"https:\\\/\\\/liraodonto.com.br\\\/#website\"},\"datePublished\":\"2016-10-19T13:49:27+00:00\",\"dateModified\":\"2017-02-15T18:27:39+00:00\",\"breadcrumb\":{\"@id\":\"https:\\\/\\\/liraodonto.com.br\\\/visao-missao-e-valores\\\/#breadcrumb\"},\"inLanguage\":\"en-US\",\"potentialAction\":[{\"@type\":\"ReadAction\",\"target\":[\"https:\\\/\\\/liraodonto.com.br\\\/visao-missao-e-valores\\\/\"]}]},{\"@type\":\"BreadcrumbList\",\"@id\":\"https:\\\/\\\/liraodonto.com.br\\\/visao-missao-e-valores\\\/#breadcrumb\",\"itemListElement\":[{\"@type\":\"ListItem\",\"position\":1,\"name\":\"In\u00edcio\",\"item\":\"https:\\\/\\\/liraodonto.com.br\\\/\"},{\"@type\":\"ListItem\",\"position\":2,\"name\":\"Vis\u00e3o, Miss\u00e3o e Valores\"}]},{\"@type\":\"WebSite\",\"@id\":\"https:\\\/\\\/liraodonto.com.br\\\/#website\",\"url\":\"https:\\\/\\\/liraodonto.com.br\\\/\",\"name\":\"Lira Odonto\",\"description\":\"\",\"publisher\":{\"@id\":\"https:\\\/\\\/liraodonto.com.br\\\/#organization\"},\"potentialAction\":[{\"@type\":\"SearchAction\",\"target\":{\"@type\":\"EntryPoint\",\"urlTemplate\":\"https:\\\/\\\/liraodonto.com.br\\\/?s={search_term_string}\"},\"query-input\":{\"@type\":\"PropertyValueSpecification\",\"valueRequired\":true,\"valueName\":\"search_term_string\"}}],\"inLanguage\":\"en-US\"},{\"@type\":\"Organization\",\"@id\":\"https:\\\/\\\/liraodonto.com.br\\\/#organization\",\"name\":\"Lira Odonto\",\"url\":\"https:\\\/\\\/liraodonto.com.br\\\/\",\"logo\":{\"@type\":\"ImageObject\",\"inLanguage\":\"en-US\",\"@id\":\"https:\\\/\\\/liraodonto.com.br\\\/#\\\/schema\\\/logo\\\/image\\\/\",\"url\":\"https:\\\/\\\/liraodonto.com.br\\\/wp-content\\\/uploads\\\/2016\\\/04\\\/cropped-cropped-lira_odonto_site.png\",\"contentUrl\":\"https:\\\/\\\/liraodonto.com.br\\\/wp-content\\\/uploads\\\/2016\\\/04\\\/cropped-cropped-lira_odonto_site.png\",\"width\":200,\"height\":46,\"caption\":\"Lira Odonto\"},\"image\":{\"@id\":\"https:\\\/\\\/liraodonto.com.br\\\/#\\\/schema\\\/logo\\\/image\\\/\"},\"sameAs\":[\"https:\\\/\\\/www.facebook.com\\\/liraodonto\\\/\",\"https:\\\/\\\/www.instagram.com\\\/liraodonto\\\/\"]}]}<\/script>\n<!-- \/ Yoast SEO plugin. -->","yoast_head_json":{"title":"Vis\u00e3o, Miss\u00e3o e Valores - Lira Odonto","robots":{"index":"index","follow":"follow","max-snippet":"max-snippet:-1","max-image-preview":"max-image-preview:large","max-video-preview":"max-video-preview:-1"},"canonical":"https:\/\/liraodonto.com.br\/en\/visao-missao-e-valores\/","og_locale":"en_US","og_type":"article","og_title":"Vis\u00e3o, Miss\u00e3o e Valores - Lira Odonto","og_description":"&lt;img src=\"https:\/\/liraodonto.com.br\/wp-content\/uploads\/2016\/10\/missao_visao_valores.jpg\" alt=\"missao_visao_valores\" itemprop=\"image\" \/&gt; &lt;strong&gt;VIS\u00c3O&lt;\/strong&gt; Ser reconhecida nacionalmente pela qualidade e pela lideran\u00e7a em assist\u00eancia \u00e0 sa\u00fade&hellip; Continue reading &ldquo;Vis\u00e3o, Miss\u00e3o e Valores&rdquo;&hellip;","og_url":"https:\/\/liraodonto.com.br\/en\/visao-missao-e-valores\/","og_site_name":"Lira Odonto","article_publisher":"https:\/\/www.facebook.com\/liraodonto\/","article_modified_time":"2017-02-15T18:27:39+00:00","twitter_card":"summary_large_image","twitter_misc":{"Est. reading time":"2 minutes"},"schema":{"@context":"https:\/\/schema.org","@graph":[{"@type":"WebPage","@id":"https:\/\/liraodonto.com.br\/visao-missao-e-valores\/","url":"https:\/\/liraodonto.com.br\/visao-missao-e-valores\/","name":"Vis\u00e3o, Miss\u00e3o e Valores - Lira Odonto","isPartOf":{"@id":"https:\/\/liraodonto.com.br\/#website"},"datePublished":"2016-10-19T13:49:27+00:00","dateModified":"2017-02-15T18:27:39+00:00","breadcrumb":{"@id":"https:\/\/liraodonto.com.br\/visao-missao-e-valores\/#breadcrumb"},"inLanguage":"en-US","potentialAction":[{"@type":"ReadAction","target":["https:\/\/liraodonto.com.br\/visao-missao-e-valores\/"]}]},{"@type":"BreadcrumbList","@id":"https:\/\/liraodonto.com.br\/visao-missao-e-valores\/#breadcrumb","itemListElement":[{"@type":"ListItem","position":1,"name":"In\u00edcio","item":"https:\/\/liraodonto.com.br\/"},{"@type":"ListItem","position":2,"name":"Vis\u00e3o, Miss\u00e3o e Valores"}]},{"@type":"WebSite","@id":"https:\/\/liraodonto.com.br\/#website","url":"https:\/\/liraodonto.com.br\/","name":"Lira Odonto","description":"","publisher":{"@id":"https:\/\/liraodonto.com.br\/#organization"},"potentialAction":[{"@type":"SearchAction","target":{"@type":"EntryPoint","urlTemplate":"https:\/\/liraodonto.com.br\/?s={search_term_string}"},"query-input":{"@type":"PropertyValueSpecification","valueRequired":true,"valueName":"search_term_string"}}],"inLanguage":"en-US"},{"@type":"Organization","@id":"https:\/\/liraodonto.com.br\/#organization","name":"Lira Odonto","url":"https:\/\/liraodonto.com.br\/","logo":{"@type":"ImageObject","inLanguage":"en-US","@id":"https:\/\/liraodonto.com.br\/#\/schema\/logo\/image\/","url":"https:\/\/liraodonto.com.br\/wp-content\/uploads\/2016\/04\/cropped-cropped-lira_odonto_site.png","contentUrl":"https:\/\/liraodonto.com.br\/wp-content\/uploads\/2016\/04\/cropped-cropped-lira_odonto_site.png","width":200,"height":46,"caption":"Lira Odonto"},"image":{"@id":"https:\/\/liraodonto.com.br\/#\/schema\/logo\/image\/"},"sameAs":["https:\/\/www.facebook.com\/liraodonto\/","https:\/\/www.instagram.com\/liraodonto\/"]}]}},"wps_subtitle":"","_links":{"self":[{"href":"https:\/\/liraodonto.com.br\/en\/wp-json\/wp\/v2\/pages\/2622","targetHints":{"allow":["GET"]}}],"collection":[{"href":"https:\/\/liraodonto.com.br\/en\/wp-json\/wp\/v2\/pages"}],"about":[{"href":"https:\/\/liraodonto.com.br\/en\/wp-json\/wp\/v2\/types\/page"}],"author":[{"embeddable":true,"href":"https:\/\/liraodonto.com.br\/en\/wp-json\/wp\/v2\/users\/1"}],"replies":[{"embeddable":true,"href":"https:\/\/liraodonto.com.br\/en\/wp-json\/wp\/v2\/comments?post=2622"}],"version-history":[{"count":7,"href":"https:\/\/liraodonto.com.br\/en\/wp-json\/wp\/v2\/pages\/2622\/revisions"}],"predecessor-version":[{"id":3149,"href":"https:\/\/liraodonto.com.br\/en\/wp-json\/wp\/v2\/pages\/2622\/revisions\/3149"}],"wp:attachment":[{"href":"https:\/\/liraodonto.com.br\/en\/wp-json\/wp\/v2\/media?parent=2622"}],"curies":[{"name":"wp","href":"https:\/\/api.w.org\/{rel}","templated":true}]}}