{"id":3088,"date":"2017-02-06T19:37:45","date_gmt":"2017-02-06T19:37:45","guid":{"rendered":"https:\/\/liraodonto.com.br\/novo\/?page_id=3088"},"modified":"2017-02-14T16:05:45","modified_gmt":"2017-02-14T16:05:45","slug":"estomatologia","status":"publish","type":"page","link":"https:\/\/liraodonto.com.br\/en\/tratamentos\/estomatologia\/","title":{"rendered":"Stomatology"},"content":{"rendered":"<h2><span style=\"font-family: din1451; color: #4f8abe;\">What is stomatology?<\/span><\/h2>\n<p>Stomatology is a specialty of Dentistry, regulated and recognized by the Federal Council of Dentistry (CFO) of Brazil in 1992, which aims to prevent, diagnose and treat various diseases that may affect the oral cavity, the maxillo-mandibular complex (maxillar and \/ or mandibular bone) and attached structures (salivary glands). It is also the stomatologist's duty to be aware of the diagnosis of various systemic diseases that may manifest in the mouth or that may exert some influence or negative interaction with the dental treatment, and thus make the appropriate referral to the doctor.<\/p>\n<h4><span style=\"font-family: din1451;\"><span style=\"color: #808080;\">Benefits:<\/span><\/span><\/h4>\n<ul>\n<li>Diagnosis and treatment of various oral diseases, including viral, bacterial, fungal, cystic and tumoral origin;<\/li>\n<li>Diagnosis of numerous systemic diseases that manifest in the oral cavity, such as infectious, autoimmune, dermatological and sexually transmitted diseases;<\/li>\n<li>Prevention and diagnosis of oral cancer;<\/li>\n<li>Prevent or minimize side effects in the oral cavity resulting from cancer treatment (chemotherapy or radiotherapy), intervening early, quickly and effectively.<\/li>\n<\/ul>\n<h4><span style=\"font-family: din1451; color: #808080;\">Risks for lack of treatment<\/span><\/h4>\n<p>Lack of a correct diagnosis will lead to the indication of wrong therapeutic procedures and, depending on the disease that is manifesting, may result in:<\/p>\n<ul>\n<li>High morbidity (damage) in the oral cavity, causing damage or loss of oral structures;<\/li>\n<li>Sepsis (generalized infection);<\/li>\n<li>Cross infections (contaminate other people);<\/li>\n<li>Decreased patient survival in case of cancer or sequelae after surgical removal of the lesion, which may make it difficult for the patient to chew, talk and wear prostheses;<\/li>\n<li>Damage to other organs, with sequelae, or even death of the patient in case of systemic diseases (such as sexually transmitted diseases, autoimmune diseases).<\/li>\n<\/ul>\n<h4><span style=\"color: #000000; font-family: din1451; font-size: 24pt;\">Frequently Asked Questions<\/span><\/h4>\n<div class=\"wm-accordion clearfix\" data-active=\"0\" data-mode=\"accordion\">\r\n<div class=\"wm-item wm-item-wrap tag-Tratamento\"><h3 class=\"wm-item-title tag-Tratamento\" data-tags=\"tag-Tratamento\" data-tag-names=\"Tratamento\"><span class=\"icon-help\" aria-hidden=\"true\"> <\/span>Como \u00e9 realizado o tratamento?<\/h3><div class=\"wm-item-content clearfix Comorealizadootratamento\"><p>Em primeiro lugar, \u00e9 necess\u00e1ria a realiza\u00e7\u00e3o de um diagn\u00f3stico correto a fim de que se defina o tratamento adequado. Muitas doen\u00e7as podem ser diagnosticadas por meio de um simples exame cl\u00ednico.<\/p>\n<p>Por\u00e9m, como muitas doen\u00e7as bucais se manifestam de forma muito semelhante, seu\u00a0diagn\u00f3stico pode requerer exames complementares, de sangue ou\u00a0bi\u00f3psia, que \u00e9 a remo\u00e7\u00e3o de um fragmento da les\u00e3o. A bi\u00f3psia sempre \u00e9 realizada para esclarecer ou confirmar uma hip\u00f3tese de diagn\u00f3stico cl\u00ednico de uma les\u00e3o e n\u00e3o \u00e9 sin\u00f4nimo de c\u00e2ncer, como muitos pensam erroneamente.<\/p>\n<p>A partir do momento em que o diagn\u00f3stico final \u00e9 obtido, o correto tratamento \u00e9 definido. Poder\u00e1 ser cir\u00fargico (remo\u00e7\u00e3o total da les\u00e3o), por uso de medicamentos ou, no caso de uma doen\u00e7a sist\u00eamica, de acordo com orienta\u00e7\u00f5es do m\u00e9dico do paciente.<\/p>\n<\/div><\/div>\r\n\r\n<div class=\"wm-item wm-item-wrap tag-Preparo\"><h3 class=\"wm-item-title tag-Preparo\" data-tags=\"tag-Preparo\" data-tag-names=\"Preparo\"><span class=\"icon-help\" aria-hidden=\"true\"> <\/span>\u00c9 preciso fazer algum tratamento pr\u00e9vio?<\/h3><div class=\"wm-item-content clearfix precisofazeralgumtratamentoprvio\"><p>N\u00e3o,\u00a0pelo contr\u00e1rio. Realizar algum tratamento pr\u00e9vio pode mascarar ou postergar o diagn\u00f3stico da doen\u00e7a e, dependendo\u00a0de qual seja, isso pode ser ruim. Por isso, o paciente deve evitar a automedica\u00e7\u00e3o.<\/p>\n<p>O que os pacientes devem saber \u00e9 que toda les\u00e3o que aparecer na boca e que n\u00e3o regredir em 15 dias deve ser avaliada por um estomatologista.<\/p>\n<\/div><\/div>\r\n\r\n<div class=\"wm-item wm-item-wrap tag-Dores\"><h3 class=\"wm-item-title tag-Dores\" data-tags=\"tag-Dores\" data-tag-names=\"Dores\"><span class=\"icon-help\" aria-hidden=\"true\"> <\/span>Quanto tempo demoram o procedimento e o tratamento?<\/h3><div class=\"wm-item-content clearfix Quantotempodemoramoprocedimentoeotratamento\"><p>A consulta do estomatologista dura, em m\u00e9dia, uma hora. Se houver necessidade de realiza\u00e7\u00e3o de bi\u00f3psia, ela\u00a0 ser\u00e1\u00a0feita (dependendo da gravidade) no mesmo dia ou ser\u00e1 agendada. Vale dizer que a bi\u00f3psia pode ser de dois tipos.\u00a0A que retira parte da les\u00e3o (chamada de incisional) normalmente \u00e9 feita para les\u00f5es grandes ou m\u00faltiplas e para doen\u00e7as cujo tratamento n\u00e3o \u00e9 cir\u00fargico, ou seja, para as doen\u00e7as sist\u00eamicas. Na excisional, remove-se toda a les\u00e3o. \u00c9\u00a0utilizada para as doen\u00e7as cujo tratamento \u00e9 cir\u00fargico.<br \/>\nSe o tratamento for medicamentoso, o tempo pode variar de 15 dias at\u00e9 meses, dependendo de qual doen\u00e7a.<\/p>\n<\/div><\/div>\r\n\r\n<div class=\"wm-item wm-item-wrap tag-Dores\"><h3 class=\"wm-item-title tag-Dores\" data-tags=\"tag-Dores\" data-tag-names=\"Dores\"><span class=\"icon-help\" aria-hidden=\"true\"> <\/span>Poderei sentir algum desconforto?<\/h3><div class=\"wm-item-content clearfix Podereisentiralgumdesconforto\"><p>N\u00e3o. O exame cl\u00ednico n\u00e3o gera desconforto, pois o estomatologista realizar\u00e1 a inspe\u00e7\u00e3o da cavidade bucal, ou seja, ele examinar\u00e1 cuidadosamente a boca do paciente. Se for necess\u00e1rio realizar a bi\u00f3psia, por se tratar de um ato cir\u00fargico, o paciente ser\u00e1 submetido\u00a0\u00e0 anestesia local de uso odontol\u00f3gico, para ter aus\u00eancia total de desconforto durante o procedimento.<\/p>\n<\/div><\/div>\r\n\r\n<div class=\"wm-item wm-item-wrap tag-Resultado\"><h3 class=\"wm-item-title tag-Resultado\" data-tags=\"tag-Resultado\" data-tag-names=\"Resultado\"><span class=\"icon-help\" aria-hidden=\"true\"> <\/span>Uma vez tratada a doen\u00e7a, os tecidos recuperam-se integralmente?<\/h3><div class=\"wm-item-content clearfix Umaveztratadaadoenaostecidosrecuperam-seintegralmente\"><p>Sim, na maioria das vezes eles se regeneram, sem deixar cicatrizes, por\u00e9m h\u00e1 doen\u00e7as que podem deixar marcas e, outras, dependendo do tamanho no momento do diagn\u00f3stico, podem causar um dano maior. Quanto mais precoce for o diagn\u00f3stico, menor ser\u00e1 o tamanho da les\u00e3o e, consequentemente, menor o dano para o paciente.<br \/>\nIsso \u00e9 muito importante,\u00a0principalmente quando se trata do C\u00e2ncer Bucal, que quanto mais r\u00e1pido\u00a0\u00e9 diagnosticado, menor ser\u00e1 a sua morbidade e maior a sobrevida do paciente. Vale ressaltar que o estomatologista \u00e9 respons\u00e1vel\u00a0por realizar o diagn\u00f3stico dessa doen\u00e7a. A abordagem cir\u00fargica ou medicamentosa realizada por equipes m\u00e9dicas de oncologistas de cabe\u00e7a e pesco\u00e7o.<\/p>\n<\/div><\/div>\r\n\r\n<div class=\"wm-item wm-item-wrap tag-Procedimento\"><h3 class=\"wm-item-title tag-Procedimento\" data-tags=\"tag-Procedimento\" data-tag-names=\"Procedimento\"><span class=\"icon-help\" aria-hidden=\"true\"> <\/span>H\u00e1 riscos no procedimento?<\/h3><div class=\"wm-item-content clearfix Hriscosnoprocedimento\"><p>Todo procedimento cir\u00fargico apresenta riscos, alguns evit\u00e1veis (s\u00e3o aqueles detectados durante a anamnese e o exame, como, por exemplo, pacientes que se apresentem hipertensos, coagulopatas, fazendo usos de medica\u00e7\u00f5es anticoagulantes, com alguns tipos de cardiopatias e, diab\u00e9ticos descompensados, entre outros) e outros que podem acontecer por varia\u00e7\u00f5es anat\u00f4micas do pr\u00f3prio paciente, mas o profissional est\u00e1 gabaritado para reverter quaisquer complica\u00e7\u00f5es que possam surgir.<\/p>\n<\/div><\/div>\r\n<\/div>\n<h2><span style=\"color: #000000;\">Cuidados importantes<\/span><\/h2>\n<div class=\"wm-tabs clearfix layout-top tour-tabs\" data-active=\"1\"><ul class=\"wm-tab-links wm-tab-count-3\"><li class=\"wm-tab-items-Antesdotratamento_688\"><a href=\"#Antesdotratamento_688\" data-tab=\"#Antesdotratamento_688\"><span class=\"icon-frown\" aria-hidden=\"true\"> <\/span>Before treatment<\/a><\/li><li class=\"wm-tab-items-Duranteotratamento_443\"><a href=\"#Duranteotratamento_443\" data-tab=\"#Duranteotratamento_443\"><span class=\"icon-meh\" aria-hidden=\"true\"> <\/span>Durante o tratamento<\/a><\/li><li class=\"wm-tab-items-Apsotratamento_322\"><a href=\"#Apsotratamento_322\" data-tab=\"#Apsotratamento_322\"><span class=\"icon-smile\" aria-hidden=\"true\"> <\/span>After treatment<\/a><\/li><\/ul><div class=\"wm-tabs-items\">\r\n<div class=\"wm-item wm-item-wrap Antesdotratamento_688\" id=\"Antesdotratamento_688\" data-title=\"Antesdotratamento_688&&&lt;span class=&quot;icon-frown&quot; aria-hidden=&quot;true&quot;&gt; &lt;\/span&gt;Antes do tratamento\"><h2 class=\"screen-reader-text wm-item-title\"><span class=\"icon-frown\" aria-hidden=\"true\"> <\/span>Before treatment<\/h2><p>Durante a anamnese, o estomatologista far\u00e1 uma minuciosa avalia\u00e7\u00e3o de todos os poss\u00edveis problemas sist\u00eamicos que o paciente possa ter e o uso dos medicamentos que podem trazer complica\u00e7\u00f5es durante a execu\u00e7\u00e3o do procedimento cir\u00fargico. Se for necess\u00e1rio, o profissional pode solicitar exames complementares, como os de sangue e urina ou, ainda, de imagens.<\/p>\n<\/div>\r\n\r\n<div class=\"wm-item wm-item-wrap Duranteotratamento_443\" id=\"Duranteotratamento_443\" data-title=\"Duranteotratamento_443&&&lt;span class=&quot;icon-meh&quot; aria-hidden=&quot;true&quot;&gt; &lt;\/span&gt;Durante o tratamento\"><h3 class=\"screen-reader-text wm-item-title\"><span class=\"icon-meh\" aria-hidden=\"true\"> <\/span>Durante o tratamento<\/h3><p>Se o tratamento for medicamentoso, o paciente dever\u00e1 retornar conforme o profissional achar necess\u00e1rio para acompanhar a evolu\u00e7\u00e3o da doen\u00e7a.<br \/>\nSe for cir\u00fargico, o paciente voltar\u00e1 ap\u00f3s 7 dias para remo\u00e7\u00e3o dos pontos e dever\u00e1 ser acompanhado at\u00e9 o t\u00e9rmino da cicatriza\u00e7\u00e3o do local. O laudo anatomopatol\u00f3gico (resultado da bi\u00f3psia) depende de um patologista, que far\u00e1 as an\u00e1lises laboratoriais.<\/p>\n<\/div>\r\n\r\n<div class=\"wm-item wm-item-wrap Apsotratamento_322\" id=\"Apsotratamento_322\" data-title=\"Apsotratamento_322&&&lt;span class=&quot;icon-smile&quot; aria-hidden=&quot;true&quot;&gt; &lt;\/span&gt;Ap\u00f3s o tratamento\"><h2 class=\"screen-reader-text wm-item-title\"><span class=\"icon-smile\" aria-hidden=\"true\"> <\/span>After treatment<\/h2><p>\u00c9 de extrema import\u00e2ncia realizar o monitoramento da doen\u00e7a, ou seja, h\u00e1 necessidade de se realizar consultas peri\u00f3dicas para acompanhar a manuten\u00e7\u00e3o da melhora do quadro bucal. Se o tratamento for cir\u00fargico, inicialmente o controle \u00e9 feito a cada 3 meses, 6 meses e depois anualmente. Se o tratamento for medicamentoso ou paliativo, a periodicidade das consultas depender\u00e1 da severidade da doen\u00e7a e da possibilidade de recidiva.<\/p>\n<\/div>\r\n<\/div><\/div>","protected":false},"excerpt":{"rendered":"<div class=\"entry-summary\">\n<div class=\"entry-summary\">\nA endodontia \u00e9 o ramo da Odontologia que trata das les\u00f5es e doen\u00e7as da polpa (\u201cnervo\u201d) e da raiz do dente. O tratamento consiste na remo\u00e7\u00e3o do tecido mole (polpa) que se encontra na parte interna (canal) e pode estar vivo, sadio, inflamado, infectado ou necrosado\/morto. Depois de se remover esse tecido, o canal \u00e9 esterilizado e preenchido com obtura\u00e7\u00e3o em material espec\u00edfico.\n<\/div>\n<div class=\"link-more\"><a href=\"https:\/\/liraodonto.com.br\/en\/tratamentos\/estomatologia\/\" class=\"more-link\">Continue reading<span class=\"screen-reader-text\"> &ldquo;Estomatologia&rdquo;<\/span>&hellip;<\/a><\/div>\n<\/div>\n<div class=\"link-more\"><a href=\"https:\/\/liraodonto.com.br\/en\/tratamentos\/estomatologia\/\" class=\"more-link\">Continue reading<span class=\"screen-reader-text\"> &ldquo;Estomatologia&rdquo;<\/span>&hellip;<\/a><\/div>","protected":false},"author":1,"featured_media":2273,"parent":1051,"menu_order":31,"comment_status":"closed","ping_status":"closed","template":"templates\/with-sidebar.php","meta":{"_acf_changed":false,"_monsterinsights_skip_tracking":false,"_monsterinsights_sitenote_active":false,"_monsterinsights_sitenote_note":"","_monsterinsights_sitenote_category":0,"_joinchat":[],"footnotes":""},"class_list":["post-3088","page","type-page","status-publish","has-post-thumbnail","hentry","entry"],"acf":[],"yoast_head":"<!-- This site is optimized with the Yoast SEO plugin v27.4 - https:\/\/yoast.com\/product\/yoast-seo-wordpress\/ -->\n<title>Estomatologia - Lira Odonto<\/title>\n<meta name=\"robots\" content=\"index, follow, max-snippet:-1, max-image-preview:large, max-video-preview:-1\" \/>\n<link rel=\"canonical\" href=\"https:\/\/liraodonto.com.br\/en\/tratamentos\/estomatologia\/\" \/>\n<meta property=\"og:locale\" content=\"en_US\" \/>\n<meta property=\"og:type\" content=\"article\" \/>\n<meta property=\"og:title\" content=\"Estomatologia - Lira Odonto\" \/>\n<meta property=\"og:description\" content=\"A endodontia \u00e9 o ramo da Odontologia que trata das les\u00f5es e doen\u00e7as da polpa (\u201cnervo\u201d) e da raiz do dente. O tratamento consiste na remo\u00e7\u00e3o do tecido mole (polpa) que se encontra na parte interna (canal) e pode estar vivo, sadio, inflamado, infectado ou necrosado\/morto. Depois de se remover esse tecido, o canal \u00e9 esterilizado e preenchido com obtura\u00e7\u00e3o em material espec\u00edfico. Continue reading &ldquo;Estomatologia&rdquo;&hellip;\" \/>\n<meta property=\"og:url\" content=\"https:\/\/liraodonto.com.br\/en\/tratamentos\/estomatologia\/\" \/>\n<meta property=\"og:site_name\" content=\"Lira Odonto\" \/>\n<meta property=\"article:publisher\" content=\"https:\/\/www.facebook.com\/liraodonto\/\" \/>\n<meta property=\"article:modified_time\" content=\"2017-02-14T16:05:45+00:00\" \/>\n<meta property=\"og:image\" content=\"https:\/\/liraodonto.com.br\/wp-content\/uploads\/2015\/10\/endodontia.jpg\" \/>\n\t<meta property=\"og:image:width\" content=\"1640\" \/>\n\t<meta property=\"og:image:height\" content=\"1093\" \/>\n\t<meta property=\"og:image:type\" content=\"image\/jpeg\" \/>\n<meta name=\"twitter:card\" content=\"summary_large_image\" \/>\n<meta name=\"twitter:label1\" content=\"Est. reading time\" \/>\n\t<meta name=\"twitter:data1\" content=\"6 minutes\" \/>\n<script type=\"application\/ld+json\" class=\"yoast-schema-graph\">{\"@context\":\"https:\\\/\\\/schema.org\",\"@graph\":[{\"@type\":\"WebPage\",\"@id\":\"https:\\\/\\\/liraodonto.com.br\\\/tratamentos\\\/estomatologia\\\/\",\"url\":\"https:\\\/\\\/liraodonto.com.br\\\/tratamentos\\\/estomatologia\\\/\",\"name\":\"Estomatologia - Lira Odonto\",\"isPartOf\":{\"@id\":\"https:\\\/\\\/liraodonto.com.br\\\/#website\"},\"primaryImageOfPage\":{\"@id\":\"https:\\\/\\\/liraodonto.com.br\\\/tratamentos\\\/estomatologia\\\/#primaryimage\"},\"image\":{\"@id\":\"https:\\\/\\\/liraodonto.com.br\\\/tratamentos\\\/estomatologia\\\/#primaryimage\"},\"thumbnailUrl\":\"https:\\\/\\\/liraodonto.com.br\\\/wp-content\\\/uploads\\\/2015\\\/10\\\/endodontia.jpg\",\"datePublished\":\"2017-02-06T19:37:45+00:00\",\"dateModified\":\"2017-02-14T16:05:45+00:00\",\"breadcrumb\":{\"@id\":\"https:\\\/\\\/liraodonto.com.br\\\/tratamentos\\\/estomatologia\\\/#breadcrumb\"},\"inLanguage\":\"en-US\",\"potentialAction\":[{\"@type\":\"ReadAction\",\"target\":[\"https:\\\/\\\/liraodonto.com.br\\\/tratamentos\\\/estomatologia\\\/\"]}]},{\"@type\":\"ImageObject\",\"inLanguage\":\"en-US\",\"@id\":\"https:\\\/\\\/liraodonto.com.br\\\/tratamentos\\\/estomatologia\\\/#primaryimage\",\"url\":\"https:\\\/\\\/liraodonto.com.br\\\/wp-content\\\/uploads\\\/2015\\\/10\\\/endodontia.jpg\",\"contentUrl\":\"https:\\\/\\\/liraodonto.com.br\\\/wp-content\\\/uploads\\\/2015\\\/10\\\/endodontia.jpg\",\"width\":1640,\"height\":1093},{\"@type\":\"BreadcrumbList\",\"@id\":\"https:\\\/\\\/liraodonto.com.br\\\/tratamentos\\\/estomatologia\\\/#breadcrumb\",\"itemListElement\":[{\"@type\":\"ListItem\",\"position\":1,\"name\":\"In\u00edcio\",\"item\":\"https:\\\/\\\/liraodonto.com.br\\\/\"},{\"@type\":\"ListItem\",\"position\":2,\"name\":\"Tratamentos\",\"item\":\"https:\\\/\\\/liraodonto.com.br\\\/tratamentos\\\/\"},{\"@type\":\"ListItem\",\"position\":3,\"name\":\"Estomatologia\"}]},{\"@type\":\"WebSite\",\"@id\":\"https:\\\/\\\/liraodonto.com.br\\\/#website\",\"url\":\"https:\\\/\\\/liraodonto.com.br\\\/\",\"name\":\"Lira Odonto\",\"description\":\"\",\"publisher\":{\"@id\":\"https:\\\/\\\/liraodonto.com.br\\\/#organization\"},\"potentialAction\":[{\"@type\":\"SearchAction\",\"target\":{\"@type\":\"EntryPoint\",\"urlTemplate\":\"https:\\\/\\\/liraodonto.com.br\\\/?s={search_term_string}\"},\"query-input\":{\"@type\":\"PropertyValueSpecification\",\"valueRequired\":true,\"valueName\":\"search_term_string\"}}],\"inLanguage\":\"en-US\"},{\"@type\":\"Organization\",\"@id\":\"https:\\\/\\\/liraodonto.com.br\\\/#organization\",\"name\":\"Lira Odonto\",\"url\":\"https:\\\/\\\/liraodonto.com.br\\\/\",\"logo\":{\"@type\":\"ImageObject\",\"inLanguage\":\"en-US\",\"@id\":\"https:\\\/\\\/liraodonto.com.br\\\/#\\\/schema\\\/logo\\\/image\\\/\",\"url\":\"https:\\\/\\\/liraodonto.com.br\\\/wp-content\\\/uploads\\\/2016\\\/04\\\/cropped-cropped-lira_odonto_site.png\",\"contentUrl\":\"https:\\\/\\\/liraodonto.com.br\\\/wp-content\\\/uploads\\\/2016\\\/04\\\/cropped-cropped-lira_odonto_site.png\",\"width\":200,\"height\":46,\"caption\":\"Lira Odonto\"},\"image\":{\"@id\":\"https:\\\/\\\/liraodonto.com.br\\\/#\\\/schema\\\/logo\\\/image\\\/\"},\"sameAs\":[\"https:\\\/\\\/www.facebook.com\\\/liraodonto\\\/\",\"https:\\\/\\\/www.instagram.com\\\/liraodonto\\\/\"]}]}<\/script>\n<!-- \/ Yoast SEO plugin. -->","yoast_head_json":{"title":"Estomatologia - Lira Odonto","robots":{"index":"index","follow":"follow","max-snippet":"max-snippet:-1","max-image-preview":"max-image-preview:large","max-video-preview":"max-video-preview:-1"},"canonical":"https:\/\/liraodonto.com.br\/en\/tratamentos\/estomatologia\/","og_locale":"en_US","og_type":"article","og_title":"Estomatologia - Lira Odonto","og_description":"A endodontia \u00e9 o ramo da Odontologia que trata das les\u00f5es e doen\u00e7as da polpa (\u201cnervo\u201d) e da raiz do dente. O tratamento consiste na remo\u00e7\u00e3o do tecido mole (polpa) que se encontra na parte interna (canal) e pode estar vivo, sadio, inflamado, infectado ou necrosado\/morto. Depois de se remover esse tecido, o canal \u00e9 esterilizado e preenchido com obtura\u00e7\u00e3o em material espec\u00edfico. Continue reading &ldquo;Estomatologia&rdquo;&hellip;","og_url":"https:\/\/liraodonto.com.br\/en\/tratamentos\/estomatologia\/","og_site_name":"Lira Odonto","article_publisher":"https:\/\/www.facebook.com\/liraodonto\/","article_modified_time":"2017-02-14T16:05:45+00:00","og_image":[{"width":1640,"height":1093,"url":"https:\/\/liraodonto.com.br\/wp-content\/uploads\/2015\/10\/endodontia.jpg","type":"image\/jpeg"}],"twitter_card":"summary_large_image","twitter_misc":{"Est. reading time":"6 minutes"},"schema":{"@context":"https:\/\/schema.org","@graph":[{"@type":"WebPage","@id":"https:\/\/liraodonto.com.br\/tratamentos\/estomatologia\/","url":"https:\/\/liraodonto.com.br\/tratamentos\/estomatologia\/","name":"Estomatologia - Lira Odonto","isPartOf":{"@id":"https:\/\/liraodonto.com.br\/#website"},"primaryImageOfPage":{"@id":"https:\/\/liraodonto.com.br\/tratamentos\/estomatologia\/#primaryimage"},"image":{"@id":"https:\/\/liraodonto.com.br\/tratamentos\/estomatologia\/#primaryimage"},"thumbnailUrl":"https:\/\/liraodonto.com.br\/wp-content\/uploads\/2015\/10\/endodontia.jpg","datePublished":"2017-02-06T19:37:45+00:00","dateModified":"2017-02-14T16:05:45+00:00","breadcrumb":{"@id":"https:\/\/liraodonto.com.br\/tratamentos\/estomatologia\/#breadcrumb"},"inLanguage":"en-US","potentialAction":[{"@type":"ReadAction","target":["https:\/\/liraodonto.com.br\/tratamentos\/estomatologia\/"]}]},{"@type":"ImageObject","inLanguage":"en-US","@id":"https:\/\/liraodonto.com.br\/tratamentos\/estomatologia\/#primaryimage","url":"https:\/\/liraodonto.com.br\/wp-content\/uploads\/2015\/10\/endodontia.jpg","contentUrl":"https:\/\/liraodonto.com.br\/wp-content\/uploads\/2015\/10\/endodontia.jpg","width":1640,"height":1093},{"@type":"BreadcrumbList","@id":"https:\/\/liraodonto.com.br\/tratamentos\/estomatologia\/#breadcrumb","itemListElement":[{"@type":"ListItem","position":1,"name":"In\u00edcio","item":"https:\/\/liraodonto.com.br\/"},{"@type":"ListItem","position":2,"name":"Tratamentos","item":"https:\/\/liraodonto.com.br\/tratamentos\/"},{"@type":"ListItem","position":3,"name":"Estomatologia"}]},{"@type":"WebSite","@id":"https:\/\/liraodonto.com.br\/#website","url":"https:\/\/liraodonto.com.br\/","name":"Lira Odonto","description":"","publisher":{"@id":"https:\/\/liraodonto.com.br\/#organization"},"potentialAction":[{"@type":"SearchAction","target":{"@type":"EntryPoint","urlTemplate":"https:\/\/liraodonto.com.br\/?s={search_term_string}"},"query-input":{"@type":"PropertyValueSpecification","valueRequired":true,"valueName":"search_term_string"}}],"inLanguage":"en-US"},{"@type":"Organization","@id":"https:\/\/liraodonto.com.br\/#organization","name":"Lira Odonto","url":"https:\/\/liraodonto.com.br\/","logo":{"@type":"ImageObject","inLanguage":"en-US","@id":"https:\/\/liraodonto.com.br\/#\/schema\/logo\/image\/","url":"https:\/\/liraodonto.com.br\/wp-content\/uploads\/2016\/04\/cropped-cropped-lira_odonto_site.png","contentUrl":"https:\/\/liraodonto.com.br\/wp-content\/uploads\/2016\/04\/cropped-cropped-lira_odonto_site.png","width":200,"height":46,"caption":"Lira Odonto"},"image":{"@id":"https:\/\/liraodonto.com.br\/#\/schema\/logo\/image\/"},"sameAs":["https:\/\/www.facebook.com\/liraodonto\/","https:\/\/www.instagram.com\/liraodonto\/"]}]}},"wps_subtitle":"","_links":{"self":[{"href":"https:\/\/liraodonto.com.br\/en\/wp-json\/wp\/v2\/pages\/3088","targetHints":{"allow":["GET"]}}],"collection":[{"href":"https:\/\/liraodonto.com.br\/en\/wp-json\/wp\/v2\/pages"}],"about":[{"href":"https:\/\/liraodonto.com.br\/en\/wp-json\/wp\/v2\/types\/page"}],"author":[{"embeddable":true,"href":"https:\/\/liraodonto.com.br\/en\/wp-json\/wp\/v2\/users\/1"}],"replies":[{"embeddable":true,"href":"https:\/\/liraodonto.com.br\/en\/wp-json\/wp\/v2\/comments?post=3088"}],"version-history":[{"count":6,"href":"https:\/\/liraodonto.com.br\/en\/wp-json\/wp\/v2\/pages\/3088\/revisions"}],"predecessor-version":[{"id":3125,"href":"https:\/\/liraodonto.com.br\/en\/wp-json\/wp\/v2\/pages\/3088\/revisions\/3125"}],"up":[{"embeddable":true,"href":"https:\/\/liraodonto.com.br\/en\/wp-json\/wp\/v2\/pages\/1051"}],"wp:featuredmedia":[{"embeddable":true,"href":"https:\/\/liraodonto.com.br\/en\/wp-json\/wp\/v2\/media\/2273"}],"wp:attachment":[{"href":"https:\/\/liraodonto.com.br\/en\/wp-json\/wp\/v2\/media?parent=3088"}],"curies":[{"name":"wp","href":"https:\/\/api.w.org\/{rel}","templated":true}]}}