{"id":1066,"date":"2015-10-08T15:34:55","date_gmt":"2015-10-08T13:34:55","guid":{"rendered":"http:\/\/themedemos.webmandesign.eu\/polyclinic\/?page_id=1066"},"modified":"2017-02-07T00:18:40","modified_gmt":"2017-02-07T00:18:40","slug":"endodontia","status":"publish","type":"page","link":"https:\/\/liraodonto.com.br\/es\/tratamentos\/endodontia\/","title":{"rendered":"Endodoncia"},"content":{"rendered":"<h2><span style=\"font-family: din1451; color: #4f8abe;\">O que \u00e9 Endodontia?<\/span><\/h2>\n<p>La endodoncia es la rama de la odontolog\u00eda que se ocupa de las lesiones y enfermedades de la pulpa (nervio) y la ra\u00edz del diente. El tratamiento consiste en eliminar el tejido blando (pulpa) que se encuentra en la parte interna (canal) y que puede estar vivo, sano, inflamado, infectado o necrotizado \/ muerto. Despu\u00e9s de retirar este tejido, el canal se esteriliza y se llena con rellenos de material espec\u00edfico.<\/p>\n<h4><span style=\"font-family: din1451;\"><span style=\"color: #808080;\">Beneficios:<\/span><\/span><\/h4>\n<ul>\n<li>Evitar la extracci\u00f3n del diente;<\/li>\n<li>Prevenir infecciones.<\/li>\n<\/ul>\n<h4><span style=\"font-family: din1451; color: #808080;\">Riesgos por falta de tratamiento<\/span><\/h4>\n<p>La falta de tratamiento endod\u00f3ntico puede provocar la infecci\u00f3n de la ra\u00edz del diente y los tejidos circundantes y tener graves consecuencias para la salud, que incluyen:<\/p>\n<ul>\n<li>Dolor intenso;<\/li>\n<li>Hinchaz\u00f3n;<\/li>\n<li>Fiebre;<\/li>\n<li>Bacteriemia (bacterias en el torrente sangu\u00edneo);<\/li>\n<li>Infecciones a distancia (articulaciones y fiebre reum\u00e1tica, entre otros);<\/li>\n<li>Extracci\u00f3n de dientes;<\/li>\n<li>Prevenir infecciones.<\/li>\n<\/ul>\n<h4><span style=\"font-family: din1451; color: #808080;\">Tratamientos relacionados<\/span><\/h4>\n<ul>\n<li>Tratamiento de conducto;<\/li>\n<li>Restauraciones (calzas).<\/li>\n<\/ul>\n<h2><span style=\"color: #000000; font-family: din1451;\">Preguntas frecuentes<\/span><\/h2>\n<div class=\"wm-accordion clearfix\" data-active=\"0\" data-mode=\"accordion\">\r\n<div class=\"wm-item wm-item-wrap tag-Tratamento\"><h3 class=\"wm-item-title tag-Tratamento\" data-tags=\"tag-Tratamento\" data-tag-names=\"Tratamento\"><span class=\"icon-help\" aria-hidden=\"true\"> <\/span>Como \u00e9 realizado o tratamento?<\/h3><div class=\"wm-item-content clearfix Comorealizadootratamento\"><p>O tratamento resume-se \u00e0 remo\u00e7\u00e3o, na parte mais interna do dente (canal), do tecido mole (polpa) que, sadio ou infectado, \u00e9 substitu\u00eddo por material de obtura\u00e7\u00e3o.<\/p>\n<\/div><\/div>\r\n\r\n<div class=\"wm-item wm-item-wrap tag-Preparo\"><h3 class=\"wm-item-title tag-Preparo\" data-tags=\"tag-Preparo\" data-tag-names=\"Preparo\"><span class=\"icon-help\" aria-hidden=\"true\"> <\/span>\u00c9 preciso fazer algum tratamento pr\u00e9vio?<\/h3><div class=\"wm-item-content clearfix precisofazeralgumtratamentoprvio\"><p>Para quando a polpa \u00e9 viva e sem inflama\u00e7\u00e3o, uma sess\u00e3o \u00e9 suficiente; se for viva, mas estiver inflamada, duas sess\u00f5es bastam. Com polpa mortificada, s\u00e3o necess\u00e1rias mais sess\u00f5es, que variam de acordo com o grau de infec\u00e7\u00e3o ou de dificuldade do tratamento.<strong><br \/>\n<\/strong><\/p>\n<\/div><\/div>\r\n\r\n<div class=\"wm-item wm-item-wrap tag-Dores\"><h3 class=\"wm-item-title tag-Dores\" data-tags=\"tag-Dores\" data-tag-names=\"Dores\"><span class=\"icon-help\" aria-hidden=\"true\"> <\/span>Poderei sentir algum desconforto?<\/h3><div class=\"wm-item-content clearfix Podereisentiralgumdesconforto\"><p>Com anestesia, o tratamento \u00e9 indolor e, \u00e0s vezes, quando a polpa est\u00e1 mortificada, n\u00e3o \u00e9 preciso anestesiar.<\/p>\n<\/div><\/div>\r\n\r\n<div class=\"wm-item wm-item-wrap tag-Resultado\"><h3 class=\"wm-item-title tag-Resultado\" data-tags=\"tag-Resultado\" data-tag-names=\"Resultado\"><span class=\"icon-help\" aria-hidden=\"true\"> <\/span>Como manter o resultado conseguido?<\/h3><div class=\"wm-item-content clearfix Comomanteroresultadoconseguido\"><p>Para obter sucesso, \u00e9 importante restaurar corretamente o dente ap\u00f3s o tratamento do canal, para proteger a\u00a0estrutura remanescente.<\/p>\n<\/div><\/div>\r\n\r\n<div class=\"wm-item wm-item-wrap tag-Procedimento\"><h3 class=\"wm-item-title tag-Procedimento\" data-tags=\"tag-Procedimento\" data-tag-names=\"Procedimento\"><span class=\"icon-help\" aria-hidden=\"true\"> <\/span>H\u00e1 riscos no procedimento?<\/h3><div class=\"wm-item-content clearfix Hriscosnoprocedimento\"><p>Sim. Muitas vezes o dente comprometido apresenta alto n\u00edvel de contamina\u00e7\u00e3o por bact\u00e9rias bastante agressivas, com risco de agravamento e agudiza\u00e7\u00e3o do processo (abscesso agudo). \u00c9 importante que o paciente siga corretamente as orienta\u00e7\u00f5es do profissional e relate imediatamente qualquer anormalidade.<\/p>\n<\/div><\/div>\r\n<\/div>\n<h2><span style=\"color: #000000;\">Cuidados importantes<\/span><\/h2>\n<div class=\"wm-tabs clearfix layout-top tour-tabs\" data-active=\"1\"><ul class=\"wm-tab-links wm-tab-count-3\"><li class=\"wm-tab-items-Antesdotratamento_708\"><a href=\"#Antesdotratamento_708\" data-tab=\"#Antesdotratamento_708\"><span class=\"icon-frown\" aria-hidden=\"true\"> <\/span>Antes del tratamiento<\/a><\/li><li class=\"wm-tab-items-Duranteotratamento_197\"><a href=\"#Duranteotratamento_197\" data-tab=\"#Duranteotratamento_197\"><span class=\"icon-meh\" aria-hidden=\"true\"> <\/span>Durante o tratamento<\/a><\/li><li class=\"wm-tab-items-Apsotratamento_950\"><a href=\"#Apsotratamento_950\" data-tab=\"#Apsotratamento_950\"><span class=\"icon-smile\" aria-hidden=\"true\"> <\/span>Despu\u00e9s del tratamiento<\/a><\/li><\/ul><div class=\"wm-tabs-items\">\r\n<div class=\"wm-item wm-item-wrap Antesdotratamento_708\" id=\"Antesdotratamento_708\" data-title=\"Antesdotratamento_708&&&lt;span class=&quot;icon-frown&quot; aria-hidden=&quot;true&quot;&gt; &lt;\/span&gt;Antes do tratamento\"><h2 class=\"screen-reader-text wm-item-title\"><span class=\"icon-frown\" aria-hidden=\"true\"> <\/span>Antes del tratamiento<\/h2><p>Em geral, n\u00e3o h\u00e1 recomenda\u00e7\u00f5es pr\u00e9vias para o tratamento endod\u00f4ntico. Pacientes com diabetes descompensado,\u00a0problemas card\u00edacos (prolapso de v\u00e1lvula, marcapasso, etc.) e sist\u00eamicos receber\u00e3o orienta\u00e7\u00f5es espec\u00edficas do\u00a0cirurgi\u00e3o-dentista sobre medidas profil\u00e1ticas (preventivas) antes de cada atendimento.<\/p>\n<\/div>\r\n\r\n<div class=\"wm-item wm-item-wrap Duranteotratamento_197\" id=\"Duranteotratamento_197\" data-title=\"Duranteotratamento_197&&&lt;span class=&quot;icon-meh&quot; aria-hidden=&quot;true&quot;&gt; &lt;\/span&gt;Durante o tratamento\"><h3 class=\"screen-reader-text wm-item-title\"><span class=\"icon-meh\" aria-hidden=\"true\"> <\/span>Durante o tratamento<\/h3><p>Entre as sess\u00f5es de tratamento endod\u00f4ntico, a cavidade de acesso ao canal ser\u00e1 restaurada com material provis\u00f3rio.<\/p>\n<p>Nesse per\u00edodo, recomenda-se que o paciente evite alimentos duros ou pegajosos para diminuir os riscos de\u00a0comprometimento desse material ou do pr\u00f3prio dente.<\/p>\n<\/div>\r\n\r\n<div class=\"wm-item wm-item-wrap Apsotratamento_950\" id=\"Apsotratamento_950\" data-title=\"Apsotratamento_950&&&lt;span class=&quot;icon-smile&quot; aria-hidden=&quot;true&quot;&gt; &lt;\/span&gt;Ap\u00f3s o tratamento\"><h2 class=\"screen-reader-text wm-item-title\"><span class=\"icon-smile\" aria-hidden=\"true\"> <\/span>Despu\u00e9s del tratamiento<\/h2><p>Uma vez conclu\u00eddo o tratamento endod\u00f4ntico, o dente deve ser rapidamente restaurado para evitar recontamina\u00e7\u00e3o\u00a0do canal ou complica\u00e7\u00f5es no remanescente dent\u00e1rio.<\/p>\n<\/div>\r\n<\/div><\/div>","protected":false},"excerpt":{"rendered":"<div class=\"entry-summary\">\n<div class=\"entry-summary\">\nA endodontia \u00e9 o ramo da Odontologia que trata das les\u00f5es e doen\u00e7as da polpa (\u201cnervo\u201d) e da raiz do dente. O tratamento consiste na remo\u00e7\u00e3o do tecido mole (polpa) que se encontra na parte interna (canal) e pode estar vivo, sadio, inflamado, infectado ou necrosado\/morto. Depois de se remover esse tecido, o canal \u00e9 esterilizado e preenchido com obtura\u00e7\u00e3o em material espec\u00edfico.\n<\/div>\n<div class=\"link-more\"><a href=\"https:\/\/liraodonto.com.br\/es\/tratamentos\/endodontia\/\" class=\"more-link\">Continue reading<span class=\"screen-reader-text\"> &ldquo;Endodontia&rdquo;<\/span>&hellip;<\/a><\/div>\n<\/div>\n<div class=\"link-more\"><a href=\"https:\/\/liraodonto.com.br\/es\/tratamentos\/endodontia\/\" class=\"more-link\">Continue reading<span class=\"screen-reader-text\"> &ldquo;Endodontia&rdquo;<\/span>&hellip;<\/a><\/div>","protected":false},"author":1,"featured_media":2273,"parent":1051,"menu_order":31,"comment_status":"closed","ping_status":"closed","template":"templates\/with-sidebar.php","meta":{"_acf_changed":false,"_monsterinsights_skip_tracking":false,"_monsterinsights_sitenote_active":false,"_monsterinsights_sitenote_note":"","_monsterinsights_sitenote_category":0,"_joinchat":[],"footnotes":""},"class_list":["post-1066","page","type-page","status-publish","has-post-thumbnail","hentry","entry"],"acf":[],"yoast_head":"<!-- This site is optimized with the Yoast SEO plugin v27.5 - https:\/\/yoast.com\/product\/yoast-seo-wordpress\/ -->\n<title>Endodontia - Lira Odonto<\/title>\n<meta name=\"robots\" content=\"index, follow, max-snippet:-1, max-image-preview:large, max-video-preview:-1\" \/>\n<link rel=\"canonical\" href=\"https:\/\/liraodonto.com.br\/es\/tratamentos\/endodontia\/\" \/>\n<meta property=\"og:locale\" content=\"es_ES\" \/>\n<meta property=\"og:type\" content=\"article\" \/>\n<meta property=\"og:title\" content=\"Endodontia - Lira Odonto\" \/>\n<meta property=\"og:description\" content=\"A endodontia \u00e9 o ramo da Odontologia que trata das les\u00f5es e doen\u00e7as da polpa (\u201cnervo\u201d) e da raiz do dente. O tratamento consiste na remo\u00e7\u00e3o do tecido mole (polpa) que se encontra na parte interna (canal) e pode estar vivo, sadio, inflamado, infectado ou necrosado\/morto. Depois de se remover esse tecido, o canal \u00e9 esterilizado e preenchido com obtura\u00e7\u00e3o em material espec\u00edfico. Continue reading &ldquo;Endodontia&rdquo;&hellip;\" \/>\n<meta property=\"og:url\" content=\"https:\/\/liraodonto.com.br\/es\/tratamentos\/endodontia\/\" \/>\n<meta property=\"og:site_name\" content=\"Lira Odonto\" \/>\n<meta property=\"article:publisher\" content=\"https:\/\/www.facebook.com\/liraodonto\/\" \/>\n<meta property=\"article:modified_time\" content=\"2017-02-07T00:18:40+00:00\" \/>\n<meta property=\"og:image\" content=\"https:\/\/liraodonto.com.br\/wp-content\/uploads\/2015\/10\/endodontia.jpg\" \/>\n\t<meta property=\"og:image:width\" content=\"1640\" \/>\n\t<meta property=\"og:image:height\" content=\"1093\" \/>\n\t<meta property=\"og:image:type\" content=\"image\/jpeg\" \/>\n<meta name=\"twitter:card\" content=\"summary_large_image\" \/>\n<meta name=\"twitter:label1\" content=\"Tiempo de lectura\" \/>\n\t<meta name=\"twitter:data1\" content=\"3 minutos\" \/>\n<script type=\"application\/ld+json\" class=\"yoast-schema-graph\">{\"@context\":\"https:\\\/\\\/schema.org\",\"@graph\":[{\"@type\":\"WebPage\",\"@id\":\"https:\\\/\\\/liraodonto.com.br\\\/tratamentos\\\/endodontia\\\/\",\"url\":\"https:\\\/\\\/liraodonto.com.br\\\/tratamentos\\\/endodontia\\\/\",\"name\":\"Endodontia - Lira Odonto\",\"isPartOf\":{\"@id\":\"https:\\\/\\\/liraodonto.com.br\\\/#website\"},\"primaryImageOfPage\":{\"@id\":\"https:\\\/\\\/liraodonto.com.br\\\/tratamentos\\\/endodontia\\\/#primaryimage\"},\"image\":{\"@id\":\"https:\\\/\\\/liraodonto.com.br\\\/tratamentos\\\/endodontia\\\/#primaryimage\"},\"thumbnailUrl\":\"https:\\\/\\\/liraodonto.com.br\\\/wp-content\\\/uploads\\\/2015\\\/10\\\/endodontia.jpg\",\"datePublished\":\"2015-10-08T13:34:55+00:00\",\"dateModified\":\"2017-02-07T00:18:40+00:00\",\"breadcrumb\":{\"@id\":\"https:\\\/\\\/liraodonto.com.br\\\/tratamentos\\\/endodontia\\\/#breadcrumb\"},\"inLanguage\":\"es\",\"potentialAction\":[{\"@type\":\"ReadAction\",\"target\":[\"https:\\\/\\\/liraodonto.com.br\\\/tratamentos\\\/endodontia\\\/\"]}]},{\"@type\":\"ImageObject\",\"inLanguage\":\"es\",\"@id\":\"https:\\\/\\\/liraodonto.com.br\\\/tratamentos\\\/endodontia\\\/#primaryimage\",\"url\":\"https:\\\/\\\/liraodonto.com.br\\\/wp-content\\\/uploads\\\/2015\\\/10\\\/endodontia.jpg\",\"contentUrl\":\"https:\\\/\\\/liraodonto.com.br\\\/wp-content\\\/uploads\\\/2015\\\/10\\\/endodontia.jpg\",\"width\":1640,\"height\":1093},{\"@type\":\"BreadcrumbList\",\"@id\":\"https:\\\/\\\/liraodonto.com.br\\\/tratamentos\\\/endodontia\\\/#breadcrumb\",\"itemListElement\":[{\"@type\":\"ListItem\",\"position\":1,\"name\":\"In\u00edcio\",\"item\":\"https:\\\/\\\/liraodonto.com.br\\\/\"},{\"@type\":\"ListItem\",\"position\":2,\"name\":\"Tratamentos\",\"item\":\"https:\\\/\\\/liraodonto.com.br\\\/tratamentos\\\/\"},{\"@type\":\"ListItem\",\"position\":3,\"name\":\"Endodontia\"}]},{\"@type\":\"WebSite\",\"@id\":\"https:\\\/\\\/liraodonto.com.br\\\/#website\",\"url\":\"https:\\\/\\\/liraodonto.com.br\\\/\",\"name\":\"Lira Odonto\",\"description\":\"\",\"publisher\":{\"@id\":\"https:\\\/\\\/liraodonto.com.br\\\/#organization\"},\"potentialAction\":[{\"@type\":\"SearchAction\",\"target\":{\"@type\":\"EntryPoint\",\"urlTemplate\":\"https:\\\/\\\/liraodonto.com.br\\\/?s={search_term_string}\"},\"query-input\":{\"@type\":\"PropertyValueSpecification\",\"valueRequired\":true,\"valueName\":\"search_term_string\"}}],\"inLanguage\":\"es\"},{\"@type\":\"Organization\",\"@id\":\"https:\\\/\\\/liraodonto.com.br\\\/#organization\",\"name\":\"Lira Odonto\",\"url\":\"https:\\\/\\\/liraodonto.com.br\\\/\",\"logo\":{\"@type\":\"ImageObject\",\"inLanguage\":\"es\",\"@id\":\"https:\\\/\\\/liraodonto.com.br\\\/#\\\/schema\\\/logo\\\/image\\\/\",\"url\":\"https:\\\/\\\/liraodonto.com.br\\\/wp-content\\\/uploads\\\/2016\\\/04\\\/cropped-cropped-lira_odonto_site.png\",\"contentUrl\":\"https:\\\/\\\/liraodonto.com.br\\\/wp-content\\\/uploads\\\/2016\\\/04\\\/cropped-cropped-lira_odonto_site.png\",\"width\":200,\"height\":46,\"caption\":\"Lira Odonto\"},\"image\":{\"@id\":\"https:\\\/\\\/liraodonto.com.br\\\/#\\\/schema\\\/logo\\\/image\\\/\"},\"sameAs\":[\"https:\\\/\\\/www.facebook.com\\\/liraodonto\\\/\",\"https:\\\/\\\/www.instagram.com\\\/liraodonto\\\/\"]}]}<\/script>\n<!-- \/ Yoast SEO plugin. -->","yoast_head_json":{"title":"Endodontia - Lira Odonto","robots":{"index":"index","follow":"follow","max-snippet":"max-snippet:-1","max-image-preview":"max-image-preview:large","max-video-preview":"max-video-preview:-1"},"canonical":"https:\/\/liraodonto.com.br\/es\/tratamentos\/endodontia\/","og_locale":"es_ES","og_type":"article","og_title":"Endodontia - Lira Odonto","og_description":"A endodontia \u00e9 o ramo da Odontologia que trata das les\u00f5es e doen\u00e7as da polpa (\u201cnervo\u201d) e da raiz do dente. O tratamento consiste na remo\u00e7\u00e3o do tecido mole (polpa) que se encontra na parte interna (canal) e pode estar vivo, sadio, inflamado, infectado ou necrosado\/morto. Depois de se remover esse tecido, o canal \u00e9 esterilizado e preenchido com obtura\u00e7\u00e3o em material espec\u00edfico. Continue reading &ldquo;Endodontia&rdquo;&hellip;","og_url":"https:\/\/liraodonto.com.br\/es\/tratamentos\/endodontia\/","og_site_name":"Lira Odonto","article_publisher":"https:\/\/www.facebook.com\/liraodonto\/","article_modified_time":"2017-02-07T00:18:40+00:00","og_image":[{"width":1640,"height":1093,"url":"https:\/\/liraodonto.com.br\/wp-content\/uploads\/2015\/10\/endodontia.jpg","type":"image\/jpeg"}],"twitter_card":"summary_large_image","twitter_misc":{"Tiempo de lectura":"3 minutos"},"schema":{"@context":"https:\/\/schema.org","@graph":[{"@type":"WebPage","@id":"https:\/\/liraodonto.com.br\/tratamentos\/endodontia\/","url":"https:\/\/liraodonto.com.br\/tratamentos\/endodontia\/","name":"Endodontia - Lira Odonto","isPartOf":{"@id":"https:\/\/liraodonto.com.br\/#website"},"primaryImageOfPage":{"@id":"https:\/\/liraodonto.com.br\/tratamentos\/endodontia\/#primaryimage"},"image":{"@id":"https:\/\/liraodonto.com.br\/tratamentos\/endodontia\/#primaryimage"},"thumbnailUrl":"https:\/\/liraodonto.com.br\/wp-content\/uploads\/2015\/10\/endodontia.jpg","datePublished":"2015-10-08T13:34:55+00:00","dateModified":"2017-02-07T00:18:40+00:00","breadcrumb":{"@id":"https:\/\/liraodonto.com.br\/tratamentos\/endodontia\/#breadcrumb"},"inLanguage":"es","potentialAction":[{"@type":"ReadAction","target":["https:\/\/liraodonto.com.br\/tratamentos\/endodontia\/"]}]},{"@type":"ImageObject","inLanguage":"es","@id":"https:\/\/liraodonto.com.br\/tratamentos\/endodontia\/#primaryimage","url":"https:\/\/liraodonto.com.br\/wp-content\/uploads\/2015\/10\/endodontia.jpg","contentUrl":"https:\/\/liraodonto.com.br\/wp-content\/uploads\/2015\/10\/endodontia.jpg","width":1640,"height":1093},{"@type":"BreadcrumbList","@id":"https:\/\/liraodonto.com.br\/tratamentos\/endodontia\/#breadcrumb","itemListElement":[{"@type":"ListItem","position":1,"name":"In\u00edcio","item":"https:\/\/liraodonto.com.br\/"},{"@type":"ListItem","position":2,"name":"Tratamentos","item":"https:\/\/liraodonto.com.br\/tratamentos\/"},{"@type":"ListItem","position":3,"name":"Endodontia"}]},{"@type":"WebSite","@id":"https:\/\/liraodonto.com.br\/#website","url":"https:\/\/liraodonto.com.br\/","name":"Lira Odonto","description":"","publisher":{"@id":"https:\/\/liraodonto.com.br\/#organization"},"potentialAction":[{"@type":"SearchAction","target":{"@type":"EntryPoint","urlTemplate":"https:\/\/liraodonto.com.br\/?s={search_term_string}"},"query-input":{"@type":"PropertyValueSpecification","valueRequired":true,"valueName":"search_term_string"}}],"inLanguage":"es"},{"@type":"Organization","@id":"https:\/\/liraodonto.com.br\/#organization","name":"Lira Odonto","url":"https:\/\/liraodonto.com.br\/","logo":{"@type":"ImageObject","inLanguage":"es","@id":"https:\/\/liraodonto.com.br\/#\/schema\/logo\/image\/","url":"https:\/\/liraodonto.com.br\/wp-content\/uploads\/2016\/04\/cropped-cropped-lira_odonto_site.png","contentUrl":"https:\/\/liraodonto.com.br\/wp-content\/uploads\/2016\/04\/cropped-cropped-lira_odonto_site.png","width":200,"height":46,"caption":"Lira Odonto"},"image":{"@id":"https:\/\/liraodonto.com.br\/#\/schema\/logo\/image\/"},"sameAs":["https:\/\/www.facebook.com\/liraodonto\/","https:\/\/www.instagram.com\/liraodonto\/"]}]}},"wps_subtitle":"","_links":{"self":[{"href":"https:\/\/liraodonto.com.br\/es\/wp-json\/wp\/v2\/pages\/1066","targetHints":{"allow":["GET"]}}],"collection":[{"href":"https:\/\/liraodonto.com.br\/es\/wp-json\/wp\/v2\/pages"}],"about":[{"href":"https:\/\/liraodonto.com.br\/es\/wp-json\/wp\/v2\/types\/page"}],"author":[{"embeddable":true,"href":"https:\/\/liraodonto.com.br\/es\/wp-json\/wp\/v2\/users\/1"}],"replies":[{"embeddable":true,"href":"https:\/\/liraodonto.com.br\/es\/wp-json\/wp\/v2\/comments?post=1066"}],"version-history":[{"count":17,"href":"https:\/\/liraodonto.com.br\/es\/wp-json\/wp\/v2\/pages\/1066\/revisions"}],"predecessor-version":[{"id":3110,"href":"https:\/\/liraodonto.com.br\/es\/wp-json\/wp\/v2\/pages\/1066\/revisions\/3110"}],"up":[{"embeddable":true,"href":"https:\/\/liraodonto.com.br\/es\/wp-json\/wp\/v2\/pages\/1051"}],"wp:featuredmedia":[{"embeddable":true,"href":"https:\/\/liraodonto.com.br\/es\/wp-json\/wp\/v2\/media\/2273"}],"wp:attachment":[{"href":"https:\/\/liraodonto.com.br\/es\/wp-json\/wp\/v2\/media?parent=1066"}],"curies":[{"name":"wp","href":"https:\/\/api.w.org\/{rel}","templated":true}]}}