{"id":2309,"date":"2016-06-28T15:23:52","date_gmt":"2016-06-28T15:23:52","guid":{"rendered":"https:\/\/liraodonto.com.br\/aprova\/?page_id=2309"},"modified":"2019-03-20T15:38:17","modified_gmt":"2019-03-20T18:38:17","slug":"implantodontia-implantes","status":"publish","type":"page","link":"https:\/\/liraodonto.com.br\/es\/tratamentos\/implantodontia-implantes\/","title":{"rendered":"Implantes"},"content":{"rendered":"<pre><code>&lt;h2&gt;&iquest;Qu&eacute; es la implantolog&iacute;a?&lt;\/h2&gt;\n<\/code><\/pre>\n<p>El implante es un tornillo de titanio que se integra con el hueso. Funciona como un accesorio para diferentes tipos de pr\u00f3tesis dentales: un diente, varios dientes o incluso todos los dientes.<\/p>\n<h4>Beneficios:<\/h4>\n<p>Los implantes permiten que las funciones se realicen lo m\u00e1s cerca posible de los dientes naturales:<\/p>\n<ul>\n<li>\nDevolver integridad est\u00e9tica;\n<\/li>\n<li>\nReemplazan las ra\u00edces de los dientes para reponer los dientes perdidos;\n<\/li>\n<li>\nProporciona una mejor estabilidad de la pr\u00f3tesis (total o removible);\n<\/li>\n<li>\nHacen innecesario el desgaste de dientes vecinos para la rehabilitaci\u00f3n de dentaduras fijas;\n<\/li>\n<li>\nPuede retrasar el proceso de reabsorci\u00f3n del tejido \u00f3seo alveolar;\n<\/li>\n<li>\nSi es necesario, fijan los dispositivos para el tratamiento de ortodoncia.\n<\/li>\n<\/ul>\n<h4>Riesgos por falta de tratamiento<\/h4>\n<p>Si no se reemplazan los dientes faltantes, existen varios problemas potenciales, que incluyen:<\/p>\n<ul>\n<li>\nDesequilibrio de dientes y articulaciones temporomandibulares;\n<\/li>\n<li>\nCambiar la posici\u00f3n de equilibrio de los dientes;\n<\/li>\n<li>\nModificaci\u00f3n de mordida;\n<\/li>\n<li>\nP\u00e9rdida de eficiencia en la masticaci\u00f3n;\n<\/li>\n<li>\nCambios y molestias en la funci\u00f3n articular.\n<\/li>\n<\/ul>\n<h4>Tratamientos relacionados<\/h4>\n<ul>\n<li>\nImplantes;\n<\/li>\n<li>\nInjertos;\n<\/li>\n<li>Protocolos.<\/li>\n<\/ul>\n<h2>Preguntas frecuentes<\/h2>\n<div class=\"wm-accordion clearfix filterable-simple\" data-active=\"0\" data-mode=\"accordion\"><div class=\"wm-filter\"><ul><li class=\"wm-filter-items-all active\"><a href=\"#\" data-filter=\"*\">All<\/a><\/li><li class=\"wm-filter-items-tag-Dores\"><a href=\"#\" data-filter=\".tag-Dores\">Dores<\/a><\/li><li class=\"wm-filter-items-tag-Durao\"><a href=\"#\" data-filter=\".tag-Durao\">Dura\u00e7\u00e3o<\/a><\/li><li class=\"wm-filter-items-tag-Manuteno\"><a href=\"#\" data-filter=\".tag-Manuteno\">Manuten\u00e7\u00e3o<\/a><\/li><li class=\"wm-filter-items-tag-Preparo\"><a href=\"#\" data-filter=\".tag-Preparo\">Preparo<\/a><\/li><li class=\"wm-filter-items-tag-Procedimento\"><a href=\"#\" data-filter=\".tag-Procedimento\">Procedimento<\/a><\/li><li class=\"wm-filter-items-tag-Tratamento\"><a href=\"#\" data-filter=\".tag-Tratamento\">Tratamento<\/a><\/li><\/ul><\/div><div class=\"wm-filter-this-simple\">\r\n<div class=\"wm-item wm-item-wrap tag-Tratamento\"><h3 class=\"wm-item-title tag-Tratamento\" data-tags=\"tag-Tratamento\" data-tag-names=\"Tratamento\"><span class=\"icon-help\" aria-hidden=\"true\"> <\/span>Qualquer paciente pode receber implantes?<\/h3><div class=\"wm-item-content clearfix Qualquerpacientepodereceberimplantes\"><p>Todos os pacientes em bom estado de sa\u00fade geral (que n\u00e3o apresentem doen\u00e7as de ordem m\u00e9dica) podem\u00a0receber implantes dent\u00e1rios, mas, como em qualquer cirurgia bucal, uma adequada avalia\u00e7\u00e3o \u00e9 essencial antes do\u00a0procedimento.<\/p>\n<\/div><\/div>\r\n\r\n<div class=\"wm-item wm-item-wrap tag-Preparo\"><h3 class=\"wm-item-title tag-Preparo\" data-tags=\"tag-Preparo\" data-tag-names=\"Preparo\"><span class=\"icon-help\" aria-hidden=\"true\"> <\/span>\u00c9 preciso fazer algum tratamento pr\u00e9vio?<\/h3><div class=\"wm-item-content clearfix precisofazeralgumtratamentoprvio\"><p>Deve-se eliminar qualquer processo infeccioso preexistente na cavidade oral (doen\u00e7a periodontal, dentes\u00a0para tratamento de canal ou extra\u00e7\u00e3o e restaura\u00e7\u00f5es com c\u00e1ries). Todos esses aspectos fazem parte de um\u00a0planejamento realizado pelo profissional, que deve discuti-lo abertamente com o(a) paciente antes do in\u00edcio do\u00a0tratamento.<\/p>\n<\/div><\/div>\r\n\r\n<div class=\"wm-item wm-item-wrap tag-Durao\"><h3 class=\"wm-item-title tag-Durao\" data-tags=\"tag-Durao\" data-tag-names=\"Dura\u00e7\u00e3o\"><span class=\"icon-help\" aria-hidden=\"true\"> <\/span>Quanto tempo demora o procedimento e o tratamento?<\/h3><div class=\"wm-item-content clearfix Quantotempodemoraoprocedimentoeotratamento\"><p>Para substitui\u00e7\u00e3o de um \u00fanico dente, o procedimento cir\u00fargico leva em m\u00e9dia 90 minutos. J\u00e1 em casos de\u00a0reabilita\u00e7\u00e3o total em pacientes com problemas funcionais, o procedimento pode durar tr\u00eas horas ou mais e, ap\u00f3s a\u00a0coloca\u00e7\u00e3o, os implantes, em m\u00e9dia, devem permanecer em repouso por tr\u00eas a seis meses para ocorrer o fen\u00f4meno\u00a0biol\u00f3gico da osseointegra\u00e7\u00e3o (uni\u00e3o direta do tit\u00e2nio ao osso), ap\u00f3s o que os implantes s\u00e3o descobertos e pr\u00f3teses\u00a0dent\u00e1rias, conectadas a eles.<\/p>\n<p>Quando houver necessidade de enxerto \u00f3sseo, o tratamento ficar\u00e1 inevitavelmente mais longo, mas, em alguns\u00a0casos, a pr\u00f3tese poder\u00e1 ser instalada j\u00e1 no dia da cirurgia de implanta\u00e7\u00e3o (carga imediata).<\/p>\n<\/div><\/div>\r\n\r\n<div class=\"wm-item wm-item-wrap tag-Dores\"><h3 class=\"wm-item-title tag-Dores\" data-tags=\"tag-Dores\" data-tag-names=\"Dores\"><span class=\"icon-help\" aria-hidden=\"true\"> <\/span>Poderei sentir algum desconforto ou dificuldade de adapta\u00e7\u00e3o?<\/h3><div class=\"wm-item-content clearfix Podereisentiralgumdesconfortooudificuldadedeadaptao\"><p>Por se tratar de uma nova estrutura na boca, pode haver um pouco de desconforto ap\u00f3s a instala\u00e7\u00e3o da pr\u00f3tese\u00a0(dente artificial), por\u00e9m isso ser\u00e1 superado em raz\u00e3o do suporte e da assist\u00eancia da equipe odontol\u00f3gica durante\u00a0o per\u00edodo de adapta\u00e7\u00e3o bem como a colabora\u00e7\u00e3o do paciente em usar a pr\u00f3tese e seguir criteriosamente as\u00a0orienta\u00e7\u00f5es.<\/p>\n<\/div><\/div>\r\n\r\n<div class=\"wm-item wm-item-wrap tag-Manuteno\"><h3 class=\"wm-item-title tag-Manuteno\" data-tags=\"tag-Manuteno\" data-tag-names=\"Manuten\u00e7\u00e3o\"><span class=\"icon-help\" aria-hidden=\"true\"> <\/span>Como manter o resultado conseguido?<\/h3><div class=\"wm-item-content clearfix Comomanteroresultadoconseguido\"><p>Os implantes, assim como os dentes e gengivas, devem ser muito bem limpos, com os dispositivos recomendados\u00a0pelo cirurgi\u00e3o-dentista (fio dental e escova) para conserva\u00e7\u00e3o da sua sa\u00fade bucal. Tamb\u00e9m \u00e9 importante o\u00a0comparecimento regular do(a) paciente \u00e0s consultas de manuten\u00e7\u00e3o para prevenir ou diagnosticar precocemente\u00a0qualquer altera\u00e7\u00e3o.<\/p>\n<\/div><\/div>\r\n\r\n<div class=\"wm-item wm-item-wrap tag-Procedimento\"><h3 class=\"wm-item-title tag-Procedimento\" data-tags=\"tag-Procedimento\" data-tag-names=\"Procedimento\"><span class=\"icon-help\" aria-hidden=\"true\"> <\/span>H\u00e1 riscos no procedimento?<\/h3><div class=\"wm-item-content clearfix Hriscosnoprocedimento\"><p>A cirurgia, por ser amplamente planejada e controlada, \u00e9 bastante segura. Mas, como em qualquer interven\u00e7\u00e3o\u00a0cir\u00fargica, sempre existe a possibilidade de haver edemas (incha\u00e7os), hematomas (manchas roxas), hemorragias,\u00a0paresias (perda tempor\u00e1ria ou permanente da sensibilidade). Al\u00e9m disso, 2 a 3% dos casos podem apresenta\u00a0algum problema no processo de osseointegra\u00e7\u00e3o.\u00a0A principal complica\u00e7\u00e3o biol\u00f3gica \u00e9 o peri-implantite (doen\u00e7a que acomete o osso e a gengiva ao redor do\u00a0implante) e, entre as biomec\u00e2nicas, a mais frequente \u00e9 o afrouxamento dos pequenos parafusos que prendem\u00a0as pr\u00f3teses.<\/p>\n<\/div><\/div>\r\n\u00a0<\/div><\/div>\n<h2>Cuidados importantes<\/h2>\n<div class=\"wm-tabs clearfix layout-top tour-tabs\" data-active=\"1\"><ul class=\"wm-tab-links wm-tab-count-3\"><li class=\"wm-tab-items-Pr-Operatrios_911\"><a href=\"#Pr-Operatrios_911\" data-tab=\"#Pr-Operatrios_911\"><span class=\"icon-frown\" aria-hidden=\"true\"> <\/span>Pr\u00e9-Operat\u00f3rios<\/a><\/li><li class=\"wm-tab-items-Duranteotratamento_964\"><a href=\"#Duranteotratamento_964\" data-tab=\"#Duranteotratamento_964\"><span class=\"icon-meh\" aria-hidden=\"true\"> <\/span>Durante o tratamento<\/a><\/li><li class=\"wm-tab-items-Apsotratamento_612\"><a href=\"#Apsotratamento_612\" data-tab=\"#Apsotratamento_612\"><span class=\"icon-smile\" aria-hidden=\"true\"> <\/span>Despu\u00e9s del tratamiento<\/a><\/li><\/ul><div class=\"wm-tabs-items\">\r\n<div class=\"wm-item wm-item-wrap Pr-Operatrios_911\" id=\"Pr-Operatrios_911\" data-title=\"Pr-Operatrios_911&&&lt;span class=&quot;icon-frown&quot; aria-hidden=&quot;true&quot;&gt; &lt;\/span&gt;Pr\u00e9-Operat\u00f3rios\"><h2 class=\"screen-reader-text wm-item-title\"><span class=\"icon-frown\" aria-hidden=\"true\"> <\/span>Pr\u00e9-Operat\u00f3rios<\/h2><p>\u00c9 essencial que o ambiente bucal esteja livre de focos de infec\u00e7\u00e3o antes, durante e ap\u00f3s os implantes. Por esse\u00a0motivo, tratamentos como o periodontal (gengiva), o endod\u00f4ntico (canal) ou a extra\u00e7\u00e3o de dentes com foco de\u00a0infec\u00e7\u00e3o devem ser feitos antes.<\/p>\n<p>\u00c9 preciso tamb\u00e9m haver quantidade e qualidade adequadas de osso para a coloca\u00e7\u00e3o dos implantes.<\/p>\n<\/div>\r\n\r\n<div class=\"wm-item wm-item-wrap Duranteotratamento_964\" id=\"Duranteotratamento_964\" data-title=\"Duranteotratamento_964&&&lt;span class=&quot;icon-meh&quot; aria-hidden=&quot;true&quot;&gt; &lt;\/span&gt;Durante o tratamento\"><h3 class=\"screen-reader-text wm-item-title\"><span class=\"icon-meh\" aria-hidden=\"true\"> <\/span>Durante o tratamento<\/h3><p>Enquanto se aguarda a osseointegra\u00e7\u00e3o e a confec\u00e7\u00e3o da pr\u00f3tese definitiva, sempre que poss\u00edvel, uma pr\u00f3tese\u00a0tempor\u00e1ria \u00e9 colocada no(a) paciente que, por isso, deve redobrar os cuidados durante esta fase e evitar, por\u00a0exemplo, alimentos muito duros ou pegajosos (caramelos, gomas de mascar, etc.).<\/p>\n<\/div>\r\n\r\n<div class=\"wm-item wm-item-wrap Apsotratamento_612\" id=\"Apsotratamento_612\" data-title=\"Apsotratamento_612&&&lt;span class=&quot;icon-smile&quot; aria-hidden=&quot;true&quot;&gt; &lt;\/span&gt;Ap\u00f3s o tratamento\"><h2 class=\"screen-reader-text wm-item-title\"><span class=\"icon-smile\" aria-hidden=\"true\"> <\/span>Despu\u00e9s del tratamiento<\/h2><p>\u00c9 imprescind\u00edvel sempre limpar muito bem os implantes, assim como os dentes e as gengivas, com os dispositivos\u00a0recomendados pelo cirurgi\u00e3o-dentista: fio dental, escova e, muitas vezes, passa\u2013fio e escova interdental, para\u00a0conservar sua sa\u00fade bucal. Tamb\u00e9m \u00e9 importante o comparecimento regular do(a) paciente \u00e0s consultas de\u00a0manuten\u00e7\u00e3o para prevenir ou diagnosticar precocemente qualquer altera\u00e7\u00e3o.<\/p>\n<\/div>\r\n<\/div><\/div>","protected":false},"excerpt":{"rendered":"<div class=\"entry-summary\">\n<div class=\"entry-summary\">\nO implante \u00e9 um pino de tit\u00e2nio que se integra ao osso maxilar. Funciona como fixa\u00e7\u00e3o para diferentes tipos de pr\u00f3teses dent\u00e1rias: de um \u00fanico dente, de v\u00e1rios dentes ou at\u00e9 mesmo de todos os dentes.\n<\/div>\n<div class=\"link-more\"><a href=\"https:\/\/liraodonto.com.br\/es\/tratamentos\/implantodontia-implantes\/\" class=\"more-link\">Continue reading<span class=\"screen-reader-text\"> &ldquo;Implantes&rdquo;<\/span>&hellip;<\/a><\/div>\n<\/div>\n<div class=\"link-more\"><a href=\"https:\/\/liraodonto.com.br\/es\/tratamentos\/implantodontia-implantes\/\" class=\"more-link\">Continue reading<span class=\"screen-reader-text\"> &ldquo;Implantes&rdquo;<\/span>&hellip;<\/a><\/div>","protected":false},"author":1,"featured_media":2314,"parent":1051,"menu_order":31,"comment_status":"closed","ping_status":"closed","template":"templates\/with-sidebar.php","meta":{"_acf_changed":false,"_monsterinsights_skip_tracking":false,"_monsterinsights_sitenote_active":false,"_monsterinsights_sitenote_note":"","_monsterinsights_sitenote_category":0,"_joinchat":[],"footnotes":""},"class_list":["post-2309","page","type-page","status-publish","has-post-thumbnail","hentry","entry"],"acf":[],"yoast_head":"<!-- This site is optimized with the Yoast SEO plugin v27.5 - https:\/\/yoast.com\/product\/yoast-seo-wordpress\/ -->\n<title>Implantes - Lira Odonto<\/title>\n<meta name=\"robots\" content=\"index, follow, max-snippet:-1, max-image-preview:large, max-video-preview:-1\" \/>\n<link rel=\"canonical\" href=\"https:\/\/liraodonto.com.br\/es\/tratamentos\/implantodontia-implantes\/\" \/>\n<meta property=\"og:locale\" content=\"es_ES\" \/>\n<meta property=\"og:type\" content=\"article\" \/>\n<meta property=\"og:title\" content=\"Implantes - Lira Odonto\" \/>\n<meta property=\"og:description\" content=\"O implante \u00e9 um pino de tit\u00e2nio que se integra ao osso maxilar. Funciona como fixa\u00e7\u00e3o para diferentes tipos de pr\u00f3teses dent\u00e1rias: de um \u00fanico dente, de v\u00e1rios dentes ou at\u00e9 mesmo de todos os dentes. Continue reading &ldquo;Implantes&rdquo;&hellip;\" \/>\n<meta property=\"og:url\" content=\"https:\/\/liraodonto.com.br\/es\/tratamentos\/implantodontia-implantes\/\" \/>\n<meta property=\"og:site_name\" content=\"Lira Odonto\" \/>\n<meta property=\"article:publisher\" content=\"https:\/\/www.facebook.com\/liraodonto\/\" \/>\n<meta property=\"article:modified_time\" content=\"2019-03-20T18:38:17+00:00\" \/>\n<meta property=\"og:image\" content=\"https:\/\/liraodonto.com.br\/wp-content\/uploads\/2016\/06\/implantodontia.jpg\" \/>\n\t<meta property=\"og:image:width\" content=\"1640\" \/>\n\t<meta property=\"og:image:height\" content=\"547\" \/>\n\t<meta property=\"og:image:type\" content=\"image\/jpeg\" \/>\n<meta name=\"twitter:card\" content=\"summary_large_image\" \/>\n<meta name=\"twitter:label1\" content=\"Tiempo de lectura\" \/>\n\t<meta name=\"twitter:data1\" content=\"5 minutos\" \/>\n<script type=\"application\/ld+json\" class=\"yoast-schema-graph\">{\"@context\":\"https:\\\/\\\/schema.org\",\"@graph\":[{\"@type\":\"WebPage\",\"@id\":\"https:\\\/\\\/liraodonto.com.br\\\/tratamentos\\\/implantodontia-implantes\\\/\",\"url\":\"https:\\\/\\\/liraodonto.com.br\\\/tratamentos\\\/implantodontia-implantes\\\/\",\"name\":\"Implantes - Lira Odonto\",\"isPartOf\":{\"@id\":\"https:\\\/\\\/liraodonto.com.br\\\/#website\"},\"primaryImageOfPage\":{\"@id\":\"https:\\\/\\\/liraodonto.com.br\\\/tratamentos\\\/implantodontia-implantes\\\/#primaryimage\"},\"image\":{\"@id\":\"https:\\\/\\\/liraodonto.com.br\\\/tratamentos\\\/implantodontia-implantes\\\/#primaryimage\"},\"thumbnailUrl\":\"https:\\\/\\\/liraodonto.com.br\\\/wp-content\\\/uploads\\\/2016\\\/06\\\/implantodontia.jpg\",\"datePublished\":\"2016-06-28T15:23:52+00:00\",\"dateModified\":\"2019-03-20T18:38:17+00:00\",\"breadcrumb\":{\"@id\":\"https:\\\/\\\/liraodonto.com.br\\\/tratamentos\\\/implantodontia-implantes\\\/#breadcrumb\"},\"inLanguage\":\"es\",\"potentialAction\":[{\"@type\":\"ReadAction\",\"target\":[\"https:\\\/\\\/liraodonto.com.br\\\/tratamentos\\\/implantodontia-implantes\\\/\"]}]},{\"@type\":\"ImageObject\",\"inLanguage\":\"es\",\"@id\":\"https:\\\/\\\/liraodonto.com.br\\\/tratamentos\\\/implantodontia-implantes\\\/#primaryimage\",\"url\":\"https:\\\/\\\/liraodonto.com.br\\\/wp-content\\\/uploads\\\/2016\\\/06\\\/implantodontia.jpg\",\"contentUrl\":\"https:\\\/\\\/liraodonto.com.br\\\/wp-content\\\/uploads\\\/2016\\\/06\\\/implantodontia.jpg\",\"width\":1640,\"height\":547},{\"@type\":\"BreadcrumbList\",\"@id\":\"https:\\\/\\\/liraodonto.com.br\\\/tratamentos\\\/implantodontia-implantes\\\/#breadcrumb\",\"itemListElement\":[{\"@type\":\"ListItem\",\"position\":1,\"name\":\"In\u00edcio\",\"item\":\"https:\\\/\\\/liraodonto.com.br\\\/\"},{\"@type\":\"ListItem\",\"position\":2,\"name\":\"Tratamentos\",\"item\":\"https:\\\/\\\/liraodonto.com.br\\\/tratamentos\\\/\"},{\"@type\":\"ListItem\",\"position\":3,\"name\":\"Implantes\"}]},{\"@type\":\"WebSite\",\"@id\":\"https:\\\/\\\/liraodonto.com.br\\\/#website\",\"url\":\"https:\\\/\\\/liraodonto.com.br\\\/\",\"name\":\"Lira Odonto\",\"description\":\"\",\"publisher\":{\"@id\":\"https:\\\/\\\/liraodonto.com.br\\\/#organization\"},\"potentialAction\":[{\"@type\":\"SearchAction\",\"target\":{\"@type\":\"EntryPoint\",\"urlTemplate\":\"https:\\\/\\\/liraodonto.com.br\\\/?s={search_term_string}\"},\"query-input\":{\"@type\":\"PropertyValueSpecification\",\"valueRequired\":true,\"valueName\":\"search_term_string\"}}],\"inLanguage\":\"es\"},{\"@type\":\"Organization\",\"@id\":\"https:\\\/\\\/liraodonto.com.br\\\/#organization\",\"name\":\"Lira Odonto\",\"url\":\"https:\\\/\\\/liraodonto.com.br\\\/\",\"logo\":{\"@type\":\"ImageObject\",\"inLanguage\":\"es\",\"@id\":\"https:\\\/\\\/liraodonto.com.br\\\/#\\\/schema\\\/logo\\\/image\\\/\",\"url\":\"https:\\\/\\\/liraodonto.com.br\\\/wp-content\\\/uploads\\\/2016\\\/04\\\/cropped-cropped-lira_odonto_site.png\",\"contentUrl\":\"https:\\\/\\\/liraodonto.com.br\\\/wp-content\\\/uploads\\\/2016\\\/04\\\/cropped-cropped-lira_odonto_site.png\",\"width\":200,\"height\":46,\"caption\":\"Lira Odonto\"},\"image\":{\"@id\":\"https:\\\/\\\/liraodonto.com.br\\\/#\\\/schema\\\/logo\\\/image\\\/\"},\"sameAs\":[\"https:\\\/\\\/www.facebook.com\\\/liraodonto\\\/\",\"https:\\\/\\\/www.instagram.com\\\/liraodonto\\\/\"]}]}<\/script>\n<!-- \/ Yoast SEO plugin. -->","yoast_head_json":{"title":"Implantes - Lira Odonto","robots":{"index":"index","follow":"follow","max-snippet":"max-snippet:-1","max-image-preview":"max-image-preview:large","max-video-preview":"max-video-preview:-1"},"canonical":"https:\/\/liraodonto.com.br\/es\/tratamentos\/implantodontia-implantes\/","og_locale":"es_ES","og_type":"article","og_title":"Implantes - Lira Odonto","og_description":"O implante \u00e9 um pino de tit\u00e2nio que se integra ao osso maxilar. Funciona como fixa\u00e7\u00e3o para diferentes tipos de pr\u00f3teses dent\u00e1rias: de um \u00fanico dente, de v\u00e1rios dentes ou at\u00e9 mesmo de todos os dentes. Continue reading &ldquo;Implantes&rdquo;&hellip;","og_url":"https:\/\/liraodonto.com.br\/es\/tratamentos\/implantodontia-implantes\/","og_site_name":"Lira Odonto","article_publisher":"https:\/\/www.facebook.com\/liraodonto\/","article_modified_time":"2019-03-20T18:38:17+00:00","og_image":[{"width":1640,"height":547,"url":"https:\/\/liraodonto.com.br\/wp-content\/uploads\/2016\/06\/implantodontia.jpg","type":"image\/jpeg"}],"twitter_card":"summary_large_image","twitter_misc":{"Tiempo de lectura":"5 minutos"},"schema":{"@context":"https:\/\/schema.org","@graph":[{"@type":"WebPage","@id":"https:\/\/liraodonto.com.br\/tratamentos\/implantodontia-implantes\/","url":"https:\/\/liraodonto.com.br\/tratamentos\/implantodontia-implantes\/","name":"Implantes - Lira Odonto","isPartOf":{"@id":"https:\/\/liraodonto.com.br\/#website"},"primaryImageOfPage":{"@id":"https:\/\/liraodonto.com.br\/tratamentos\/implantodontia-implantes\/#primaryimage"},"image":{"@id":"https:\/\/liraodonto.com.br\/tratamentos\/implantodontia-implantes\/#primaryimage"},"thumbnailUrl":"https:\/\/liraodonto.com.br\/wp-content\/uploads\/2016\/06\/implantodontia.jpg","datePublished":"2016-06-28T15:23:52+00:00","dateModified":"2019-03-20T18:38:17+00:00","breadcrumb":{"@id":"https:\/\/liraodonto.com.br\/tratamentos\/implantodontia-implantes\/#breadcrumb"},"inLanguage":"es","potentialAction":[{"@type":"ReadAction","target":["https:\/\/liraodonto.com.br\/tratamentos\/implantodontia-implantes\/"]}]},{"@type":"ImageObject","inLanguage":"es","@id":"https:\/\/liraodonto.com.br\/tratamentos\/implantodontia-implantes\/#primaryimage","url":"https:\/\/liraodonto.com.br\/wp-content\/uploads\/2016\/06\/implantodontia.jpg","contentUrl":"https:\/\/liraodonto.com.br\/wp-content\/uploads\/2016\/06\/implantodontia.jpg","width":1640,"height":547},{"@type":"BreadcrumbList","@id":"https:\/\/liraodonto.com.br\/tratamentos\/implantodontia-implantes\/#breadcrumb","itemListElement":[{"@type":"ListItem","position":1,"name":"In\u00edcio","item":"https:\/\/liraodonto.com.br\/"},{"@type":"ListItem","position":2,"name":"Tratamentos","item":"https:\/\/liraodonto.com.br\/tratamentos\/"},{"@type":"ListItem","position":3,"name":"Implantes"}]},{"@type":"WebSite","@id":"https:\/\/liraodonto.com.br\/#website","url":"https:\/\/liraodonto.com.br\/","name":"Lira Odonto","description":"","publisher":{"@id":"https:\/\/liraodonto.com.br\/#organization"},"potentialAction":[{"@type":"SearchAction","target":{"@type":"EntryPoint","urlTemplate":"https:\/\/liraodonto.com.br\/?s={search_term_string}"},"query-input":{"@type":"PropertyValueSpecification","valueRequired":true,"valueName":"search_term_string"}}],"inLanguage":"es"},{"@type":"Organization","@id":"https:\/\/liraodonto.com.br\/#organization","name":"Lira Odonto","url":"https:\/\/liraodonto.com.br\/","logo":{"@type":"ImageObject","inLanguage":"es","@id":"https:\/\/liraodonto.com.br\/#\/schema\/logo\/image\/","url":"https:\/\/liraodonto.com.br\/wp-content\/uploads\/2016\/04\/cropped-cropped-lira_odonto_site.png","contentUrl":"https:\/\/liraodonto.com.br\/wp-content\/uploads\/2016\/04\/cropped-cropped-lira_odonto_site.png","width":200,"height":46,"caption":"Lira Odonto"},"image":{"@id":"https:\/\/liraodonto.com.br\/#\/schema\/logo\/image\/"},"sameAs":["https:\/\/www.facebook.com\/liraodonto\/","https:\/\/www.instagram.com\/liraodonto\/"]}]}},"wps_subtitle":"","_links":{"self":[{"href":"https:\/\/liraodonto.com.br\/es\/wp-json\/wp\/v2\/pages\/2309","targetHints":{"allow":["GET"]}}],"collection":[{"href":"https:\/\/liraodonto.com.br\/es\/wp-json\/wp\/v2\/pages"}],"about":[{"href":"https:\/\/liraodonto.com.br\/es\/wp-json\/wp\/v2\/types\/page"}],"author":[{"embeddable":true,"href":"https:\/\/liraodonto.com.br\/es\/wp-json\/wp\/v2\/users\/1"}],"replies":[{"embeddable":true,"href":"https:\/\/liraodonto.com.br\/es\/wp-json\/wp\/v2\/comments?post=2309"}],"version-history":[{"count":25,"href":"https:\/\/liraodonto.com.br\/es\/wp-json\/wp\/v2\/pages\/2309\/revisions"}],"predecessor-version":[{"id":4355,"href":"https:\/\/liraodonto.com.br\/es\/wp-json\/wp\/v2\/pages\/2309\/revisions\/4355"}],"up":[{"embeddable":true,"href":"https:\/\/liraodonto.com.br\/es\/wp-json\/wp\/v2\/pages\/1051"}],"wp:featuredmedia":[{"embeddable":true,"href":"https:\/\/liraodonto.com.br\/es\/wp-json\/wp\/v2\/media\/2314"}],"wp:attachment":[{"href":"https:\/\/liraodonto.com.br\/es\/wp-json\/wp\/v2\/media?parent=2309"}],"curies":[{"name":"wp","href":"https:\/\/api.w.org\/{rel}","templated":true}]}}