{"id":2338,"date":"2016-06-29T01:24:27","date_gmt":"2016-06-29T01:24:27","guid":{"rendered":"https:\/\/liraodonto.com.br\/aprova\/?page_id=2338"},"modified":"2017-02-06T23:55:26","modified_gmt":"2017-02-06T23:55:26","slug":"odontologia-estetica-facetas-e-lentes-de-contato","status":"publish","type":"page","link":"https:\/\/liraodonto.com.br\/es\/tratamentos\/odontologia-estetica-facetas-e-lentes-de-contato\/","title":{"rendered":"Odontolog\u00eda Est\u00e9tica (Carillas y Lentes de Contacto)"},"content":{"rendered":"<h2><span style=\"font-family: din1451; color: #4f8abe;\">\u00bfQu\u00e9 es la odontolog\u00eda est\u00e9tica? <\/span><\/h2>\n<p>La odontolog\u00eda est\u00e9tica tiene como objetivo restaurar y reconstruir los dientes que han sufrido traumas o lesiones de caries y mejorar, a corto plazo, la armon\u00eda de la sonrisa del paciente mediante el uso de carillas laminadas y el cierre de los espacios entre los dientes (diastemas).<\/p>\n<p>Las carillas laminadas son reconstrucciones de la cara frontal de los dientes y se pueden hacer directamente en la boca del paciente (resina compuesta) o en porcelana en el laboratorio.<\/p>\n<p>El cierre de diastema es la restauraci\u00f3n est\u00e9tica que mejora la armon\u00eda de la sonrisa. Generalmente est\u00e1 hecho con resina compuesta y es un procedimiento relativamente simple.<\/p>\n<h4><span style=\"font-family: din1451; color: #808080;\">Beneficios:<\/span><\/h4>\n<ul>\n<li>Tratar los dientes sin perder la est\u00e9tica;<\/li>\n<li>Recuperar la forma del diente;<\/li>\n<li>Mejora la apariencia.<\/li>\n<\/ul>\n<h4><span style=\"font-family: din1451; color: #808080;\">Riesgos por falta de tratamiento<\/span><\/h4>\n<p>No existen riesgos para la salud si no se corrige la falta de armon\u00eda est\u00e9tica de la sonrisa. Sin embargo, hay personas que son m\u00e1s sensibles al deterioro est\u00e9tico, que pueden tener problemas de socializaci\u00f3n y autoestima.<\/p>","protected":false},"excerpt":{"rendered":"<div class=\"entry-summary\">\n<div class=\"entry-summary\">\nTem como objetivo restaurar e reconstruir dentes que sofreram les\u00f5es por trauma ou por c\u00e1rie e melhorar, em curto prazo, a harmonia do sorriso do paciente por meio do uso de facetas laminadas e do fechamento dos espa\u00e7os entre os dentes (diastemas).\n<\/div>\n<div class=\"link-more\"><a href=\"https:\/\/liraodonto.com.br\/es\/tratamentos\/odontologia-estetica-facetas-e-lentes-de-contato\/\" class=\"more-link\">Continue reading<span class=\"screen-reader-text\"> &ldquo;Odontologia Est\u00e9tica (Facetas e Lentes de Contato)&rdquo;<\/span>&hellip;<\/a><\/div>\n<\/div>\n<div class=\"link-more\"><a href=\"https:\/\/liraodonto.com.br\/es\/tratamentos\/odontologia-estetica-facetas-e-lentes-de-contato\/\" class=\"more-link\">Continue reading<span class=\"screen-reader-text\"> &ldquo;Odontologia Est\u00e9tica (Facetas e Lentes de Contato)&rdquo;<\/span>&hellip;<\/a><\/div>","protected":false},"author":1,"featured_media":2339,"parent":1051,"menu_order":31,"comment_status":"closed","ping_status":"closed","template":"templates\/with-sidebar.php","meta":{"_acf_changed":false,"_monsterinsights_skip_tracking":false,"_monsterinsights_sitenote_active":false,"_monsterinsights_sitenote_note":"","_monsterinsights_sitenote_category":0,"_joinchat":[],"footnotes":""},"class_list":["post-2338","page","type-page","status-publish","has-post-thumbnail","hentry","entry"],"acf":[],"yoast_head":"<!-- This site is optimized with the Yoast SEO plugin v27.4 - https:\/\/yoast.com\/product\/yoast-seo-wordpress\/ -->\n<title>Odontologia Est\u00e9tica (Facetas e Lentes de Contato) - Lira Odonto<\/title>\n<meta name=\"robots\" content=\"index, follow, max-snippet:-1, max-image-preview:large, max-video-preview:-1\" \/>\n<link rel=\"canonical\" href=\"https:\/\/liraodonto.com.br\/es\/tratamentos\/odontologia-estetica-facetas-e-lentes-de-contato\/\" \/>\n<meta property=\"og:locale\" content=\"es_ES\" \/>\n<meta property=\"og:type\" content=\"article\" \/>\n<meta property=\"og:title\" content=\"Odontologia Est\u00e9tica (Facetas e Lentes de Contato) - Lira Odonto\" \/>\n<meta property=\"og:description\" content=\"Tem como objetivo restaurar e reconstruir dentes que sofreram les\u00f5es por trauma ou por c\u00e1rie e melhorar, em curto prazo, a harmonia do sorriso do paciente por meio do uso de facetas laminadas e do fechamento dos espa\u00e7os entre os dentes (diastemas). Continue reading &ldquo;Odontologia Est\u00e9tica (Facetas e Lentes de Contato)&rdquo;&hellip;\" \/>\n<meta property=\"og:url\" content=\"https:\/\/liraodonto.com.br\/es\/tratamentos\/odontologia-estetica-facetas-e-lentes-de-contato\/\" \/>\n<meta property=\"og:site_name\" content=\"Lira Odonto\" \/>\n<meta property=\"article:publisher\" content=\"https:\/\/www.facebook.com\/liraodonto\/\" \/>\n<meta property=\"article:modified_time\" content=\"2017-02-06T23:55:26+00:00\" \/>\n<meta property=\"og:image\" content=\"https:\/\/liraodonto.com.br\/wp-content\/uploads\/2016\/06\/detistica.jpg\" \/>\n\t<meta property=\"og:image:width\" content=\"1640\" \/>\n\t<meta property=\"og:image:height\" content=\"547\" \/>\n\t<meta property=\"og:image:type\" content=\"image\/jpeg\" \/>\n<meta name=\"twitter:card\" content=\"summary_large_image\" \/>\n<meta name=\"twitter:label1\" content=\"Tiempo de lectura\" \/>\n\t<meta name=\"twitter:data1\" content=\"1 minuto\" \/>\n<script type=\"application\/ld+json\" class=\"yoast-schema-graph\">{\"@context\":\"https:\\\/\\\/schema.org\",\"@graph\":[{\"@type\":\"WebPage\",\"@id\":\"https:\\\/\\\/liraodonto.com.br\\\/tratamentos\\\/odontologia-estetica-facetas-e-lentes-de-contato\\\/\",\"url\":\"https:\\\/\\\/liraodonto.com.br\\\/tratamentos\\\/odontologia-estetica-facetas-e-lentes-de-contato\\\/\",\"name\":\"Odontologia Est\u00e9tica (Facetas e Lentes de Contato) - Lira Odonto\",\"isPartOf\":{\"@id\":\"https:\\\/\\\/liraodonto.com.br\\\/#website\"},\"primaryImageOfPage\":{\"@id\":\"https:\\\/\\\/liraodonto.com.br\\\/tratamentos\\\/odontologia-estetica-facetas-e-lentes-de-contato\\\/#primaryimage\"},\"image\":{\"@id\":\"https:\\\/\\\/liraodonto.com.br\\\/tratamentos\\\/odontologia-estetica-facetas-e-lentes-de-contato\\\/#primaryimage\"},\"thumbnailUrl\":\"https:\\\/\\\/liraodonto.com.br\\\/wp-content\\\/uploads\\\/2016\\\/06\\\/detistica.jpg\",\"datePublished\":\"2016-06-29T01:24:27+00:00\",\"dateModified\":\"2017-02-06T23:55:26+00:00\",\"breadcrumb\":{\"@id\":\"https:\\\/\\\/liraodonto.com.br\\\/tratamentos\\\/odontologia-estetica-facetas-e-lentes-de-contato\\\/#breadcrumb\"},\"inLanguage\":\"es\",\"potentialAction\":[{\"@type\":\"ReadAction\",\"target\":[\"https:\\\/\\\/liraodonto.com.br\\\/tratamentos\\\/odontologia-estetica-facetas-e-lentes-de-contato\\\/\"]}]},{\"@type\":\"ImageObject\",\"inLanguage\":\"es\",\"@id\":\"https:\\\/\\\/liraodonto.com.br\\\/tratamentos\\\/odontologia-estetica-facetas-e-lentes-de-contato\\\/#primaryimage\",\"url\":\"https:\\\/\\\/liraodonto.com.br\\\/wp-content\\\/uploads\\\/2016\\\/06\\\/detistica.jpg\",\"contentUrl\":\"https:\\\/\\\/liraodonto.com.br\\\/wp-content\\\/uploads\\\/2016\\\/06\\\/detistica.jpg\",\"width\":1640,\"height\":547},{\"@type\":\"BreadcrumbList\",\"@id\":\"https:\\\/\\\/liraodonto.com.br\\\/tratamentos\\\/odontologia-estetica-facetas-e-lentes-de-contato\\\/#breadcrumb\",\"itemListElement\":[{\"@type\":\"ListItem\",\"position\":1,\"name\":\"In\u00edcio\",\"item\":\"https:\\\/\\\/liraodonto.com.br\\\/\"},{\"@type\":\"ListItem\",\"position\":2,\"name\":\"Tratamentos\",\"item\":\"https:\\\/\\\/liraodonto.com.br\\\/tratamentos\\\/\"},{\"@type\":\"ListItem\",\"position\":3,\"name\":\"Odontologia Est\u00e9tica (Facetas e Lentes de Contato)\"}]},{\"@type\":\"WebSite\",\"@id\":\"https:\\\/\\\/liraodonto.com.br\\\/#website\",\"url\":\"https:\\\/\\\/liraodonto.com.br\\\/\",\"name\":\"Lira Odonto\",\"description\":\"\",\"publisher\":{\"@id\":\"https:\\\/\\\/liraodonto.com.br\\\/#organization\"},\"potentialAction\":[{\"@type\":\"SearchAction\",\"target\":{\"@type\":\"EntryPoint\",\"urlTemplate\":\"https:\\\/\\\/liraodonto.com.br\\\/?s={search_term_string}\"},\"query-input\":{\"@type\":\"PropertyValueSpecification\",\"valueRequired\":true,\"valueName\":\"search_term_string\"}}],\"inLanguage\":\"es\"},{\"@type\":\"Organization\",\"@id\":\"https:\\\/\\\/liraodonto.com.br\\\/#organization\",\"name\":\"Lira Odonto\",\"url\":\"https:\\\/\\\/liraodonto.com.br\\\/\",\"logo\":{\"@type\":\"ImageObject\",\"inLanguage\":\"es\",\"@id\":\"https:\\\/\\\/liraodonto.com.br\\\/#\\\/schema\\\/logo\\\/image\\\/\",\"url\":\"https:\\\/\\\/liraodonto.com.br\\\/wp-content\\\/uploads\\\/2016\\\/04\\\/cropped-cropped-lira_odonto_site.png\",\"contentUrl\":\"https:\\\/\\\/liraodonto.com.br\\\/wp-content\\\/uploads\\\/2016\\\/04\\\/cropped-cropped-lira_odonto_site.png\",\"width\":200,\"height\":46,\"caption\":\"Lira Odonto\"},\"image\":{\"@id\":\"https:\\\/\\\/liraodonto.com.br\\\/#\\\/schema\\\/logo\\\/image\\\/\"},\"sameAs\":[\"https:\\\/\\\/www.facebook.com\\\/liraodonto\\\/\",\"https:\\\/\\\/www.instagram.com\\\/liraodonto\\\/\"]}]}<\/script>\n<!-- \/ Yoast SEO plugin. -->","yoast_head_json":{"title":"Odontologia Est\u00e9tica (Facetas e Lentes de Contato) - Lira Odonto","robots":{"index":"index","follow":"follow","max-snippet":"max-snippet:-1","max-image-preview":"max-image-preview:large","max-video-preview":"max-video-preview:-1"},"canonical":"https:\/\/liraodonto.com.br\/es\/tratamentos\/odontologia-estetica-facetas-e-lentes-de-contato\/","og_locale":"es_ES","og_type":"article","og_title":"Odontologia Est\u00e9tica (Facetas e Lentes de Contato) - Lira Odonto","og_description":"Tem como objetivo restaurar e reconstruir dentes que sofreram les\u00f5es por trauma ou por c\u00e1rie e melhorar, em curto prazo, a harmonia do sorriso do paciente por meio do uso de facetas laminadas e do fechamento dos espa\u00e7os entre os dentes (diastemas). Continue reading &ldquo;Odontologia Est\u00e9tica (Facetas e Lentes de Contato)&rdquo;&hellip;","og_url":"https:\/\/liraodonto.com.br\/es\/tratamentos\/odontologia-estetica-facetas-e-lentes-de-contato\/","og_site_name":"Lira Odonto","article_publisher":"https:\/\/www.facebook.com\/liraodonto\/","article_modified_time":"2017-02-06T23:55:26+00:00","og_image":[{"width":1640,"height":547,"url":"https:\/\/liraodonto.com.br\/wp-content\/uploads\/2016\/06\/detistica.jpg","type":"image\/jpeg"}],"twitter_card":"summary_large_image","twitter_misc":{"Tiempo de lectura":"1 minuto"},"schema":{"@context":"https:\/\/schema.org","@graph":[{"@type":"WebPage","@id":"https:\/\/liraodonto.com.br\/tratamentos\/odontologia-estetica-facetas-e-lentes-de-contato\/","url":"https:\/\/liraodonto.com.br\/tratamentos\/odontologia-estetica-facetas-e-lentes-de-contato\/","name":"Odontologia Est\u00e9tica (Facetas e Lentes de Contato) - Lira Odonto","isPartOf":{"@id":"https:\/\/liraodonto.com.br\/#website"},"primaryImageOfPage":{"@id":"https:\/\/liraodonto.com.br\/tratamentos\/odontologia-estetica-facetas-e-lentes-de-contato\/#primaryimage"},"image":{"@id":"https:\/\/liraodonto.com.br\/tratamentos\/odontologia-estetica-facetas-e-lentes-de-contato\/#primaryimage"},"thumbnailUrl":"https:\/\/liraodonto.com.br\/wp-content\/uploads\/2016\/06\/detistica.jpg","datePublished":"2016-06-29T01:24:27+00:00","dateModified":"2017-02-06T23:55:26+00:00","breadcrumb":{"@id":"https:\/\/liraodonto.com.br\/tratamentos\/odontologia-estetica-facetas-e-lentes-de-contato\/#breadcrumb"},"inLanguage":"es","potentialAction":[{"@type":"ReadAction","target":["https:\/\/liraodonto.com.br\/tratamentos\/odontologia-estetica-facetas-e-lentes-de-contato\/"]}]},{"@type":"ImageObject","inLanguage":"es","@id":"https:\/\/liraodonto.com.br\/tratamentos\/odontologia-estetica-facetas-e-lentes-de-contato\/#primaryimage","url":"https:\/\/liraodonto.com.br\/wp-content\/uploads\/2016\/06\/detistica.jpg","contentUrl":"https:\/\/liraodonto.com.br\/wp-content\/uploads\/2016\/06\/detistica.jpg","width":1640,"height":547},{"@type":"BreadcrumbList","@id":"https:\/\/liraodonto.com.br\/tratamentos\/odontologia-estetica-facetas-e-lentes-de-contato\/#breadcrumb","itemListElement":[{"@type":"ListItem","position":1,"name":"In\u00edcio","item":"https:\/\/liraodonto.com.br\/"},{"@type":"ListItem","position":2,"name":"Tratamentos","item":"https:\/\/liraodonto.com.br\/tratamentos\/"},{"@type":"ListItem","position":3,"name":"Odontologia Est\u00e9tica (Facetas e Lentes de Contato)"}]},{"@type":"WebSite","@id":"https:\/\/liraodonto.com.br\/#website","url":"https:\/\/liraodonto.com.br\/","name":"Lira Odonto","description":"","publisher":{"@id":"https:\/\/liraodonto.com.br\/#organization"},"potentialAction":[{"@type":"SearchAction","target":{"@type":"EntryPoint","urlTemplate":"https:\/\/liraodonto.com.br\/?s={search_term_string}"},"query-input":{"@type":"PropertyValueSpecification","valueRequired":true,"valueName":"search_term_string"}}],"inLanguage":"es"},{"@type":"Organization","@id":"https:\/\/liraodonto.com.br\/#organization","name":"Lira Odonto","url":"https:\/\/liraodonto.com.br\/","logo":{"@type":"ImageObject","inLanguage":"es","@id":"https:\/\/liraodonto.com.br\/#\/schema\/logo\/image\/","url":"https:\/\/liraodonto.com.br\/wp-content\/uploads\/2016\/04\/cropped-cropped-lira_odonto_site.png","contentUrl":"https:\/\/liraodonto.com.br\/wp-content\/uploads\/2016\/04\/cropped-cropped-lira_odonto_site.png","width":200,"height":46,"caption":"Lira Odonto"},"image":{"@id":"https:\/\/liraodonto.com.br\/#\/schema\/logo\/image\/"},"sameAs":["https:\/\/www.facebook.com\/liraodonto\/","https:\/\/www.instagram.com\/liraodonto\/"]}]}},"wps_subtitle":"","_links":{"self":[{"href":"https:\/\/liraodonto.com.br\/es\/wp-json\/wp\/v2\/pages\/2338","targetHints":{"allow":["GET"]}}],"collection":[{"href":"https:\/\/liraodonto.com.br\/es\/wp-json\/wp\/v2\/pages"}],"about":[{"href":"https:\/\/liraodonto.com.br\/es\/wp-json\/wp\/v2\/types\/page"}],"author":[{"embeddable":true,"href":"https:\/\/liraodonto.com.br\/es\/wp-json\/wp\/v2\/users\/1"}],"replies":[{"embeddable":true,"href":"https:\/\/liraodonto.com.br\/es\/wp-json\/wp\/v2\/comments?post=2338"}],"version-history":[{"count":16,"href":"https:\/\/liraodonto.com.br\/es\/wp-json\/wp\/v2\/pages\/2338\/revisions"}],"predecessor-version":[{"id":3100,"href":"https:\/\/liraodonto.com.br\/es\/wp-json\/wp\/v2\/pages\/2338\/revisions\/3100"}],"up":[{"embeddable":true,"href":"https:\/\/liraodonto.com.br\/es\/wp-json\/wp\/v2\/pages\/1051"}],"wp:featuredmedia":[{"embeddable":true,"href":"https:\/\/liraodonto.com.br\/es\/wp-json\/wp\/v2\/media\/2339"}],"wp:attachment":[{"href":"https:\/\/liraodonto.com.br\/es\/wp-json\/wp\/v2\/media?parent=2338"}],"curies":[{"name":"wp","href":"https:\/\/api.w.org\/{rel}","templated":true}]}}