{"id":2341,"date":"2016-06-29T01:25:47","date_gmt":"2016-06-29T01:25:47","guid":{"rendered":"https:\/\/liraodonto.com.br\/aprova\/?page_id=2341"},"modified":"2017-02-15T14:30:12","modified_gmt":"2017-02-15T14:30:12","slug":"odontopediatria","status":"publish","type":"page","link":"https:\/\/liraodonto.com.br\/es\/tratamentos\/odontopediatria\/","title":{"rendered":"Odontopediatr\u00eda"},"content":{"rendered":"<h2><span style=\"font-family: din1451; color: #4f8abe;\">\u00bfQu\u00e9 es la Odontopediatr\u00eda?<\/span><\/h2>\n<p>La Odontopediatr\u00eda es la especialidad de la odontolog\u00eda que se ocupa de beb\u00e9s y ni\u00f1os. Su funci\u00f3n es guiar, desde el embarazo, el cuidado que debe tomarse con respecto a la salud bucal de su beb\u00e9.<\/p>\n<p>El tratamiento dental pedi\u00e1trico abarca el control y la orientaci\u00f3n del proceso de desarrollo del sistema masticatorio del ni\u00f1o, as\u00ed como la prevenci\u00f3n de traumas dentales, la prevenci\u00f3n y el tratamiento de enfermedades orales como la caries y la enfermedad periodontal, incluidos los procedimientos y tratamientos de restauraci\u00f3n, canal, extracciones, etc.<\/p>\n<h4><span style=\"font-family: din1451; color: #808080;\">Beneficios:<\/span><\/h4>\n<ul>\n<li>Acompa\u00f1ar y mantener sanos los dientes primarios (dientes de leche) hasta el momento del cambio para una dentici\u00f3n permanente, evitando as\u00ed problemas de masticaci\u00f3n, fon\u00e9ticos y est\u00e9ticos para el ni\u00f1o;<\/li>\n<li>Guiar sobre h\u00e1bitos saludables relacionados con la higiene oral y la dieta, asegurando as\u00ed un mejor desarrollo y una mejor calidad de vida para los ni\u00f1os;<\/li>\n<\/ul>\n<h4><span style=\"font-family: din1451; color: #808080;\">Riesgos por falta de tratamiento<\/span><\/h4>\n<p>La falta de tratamiento dental puede dar lugar a infecciones de los dientes que pueden conducir a complicaciones e infecciones en el tejido \u00f3seo de soporte, lo que lleva a signos y s\u00edntomas similares a los de los adultos:<\/p>\n<ul>\n<li>Dolor e hinchaz\u00f3n;<\/li>\n<li>Fiebre;<\/li>\n<li>Bacteriemia (bacterias en el torrente sangu\u00edneo);<\/li>\n<li>Infecciones a distancia (articulaciones y fiebre reum\u00e1tica, entre otras);<\/li>\n<li>Cambios y molestias en la funci\u00f3n articular.<\/li>\n<\/ul>\n<h4><span style=\"font-family: din1451; color: #808080;\">Cuidados Importantes<\/span><\/h4>\n<p>Es importante que los padres no le causen ansiedad al ni\u00f1o antes de la cita dental pedi\u00e1trica. Simplemente d\u00edgale al ni\u00f1o que ir\u00e1 al dentista y, en el momento de la cita, el odontopediatra le dar\u00e1 toda la informaci\u00f3n necesaria al paciente y a su familia.<\/p>\n<h2><span style=\"color: #000000; font-family: din1451;\">Preguntas frecuentes<\/span><\/h2>\n<div class=\"wm-accordion clearfix\" data-active=\"0\" data-mode=\"accordion\">\r\n<div class=\"wm-item wm-item-wrap tag-Beb\"><h3 class=\"wm-item-title tag-Beb\" data-tags=\"tag-Beb\" data-tag-names=\"Beb\u00ea\"><span class=\"icon-help\" aria-hidden=\"true\"> <\/span>Como \u00e9 realizado o tratamento em beb\u00eas?<\/h3><div class=\"wm-item-content clearfix Comorealizadootratamentoembebs\"><p>A Odontopediatria \u00e9 fundamentada em t\u00e9cnicas de gerenciamento de comportamento bem aceitas na Literatura Cient\u00edfica que permitem a realiza\u00e7\u00e3o do tratamento preventivo e curativo em crian\u00e7as de tenra idade, com qualidade e seguran\u00e7a.<\/p>\n<\/div><\/div>\r\n\r\n<div class=\"wm-item wm-item-wrap tag-Idade\"><h3 class=\"wm-item-title tag-Idade\" data-tags=\"tag-Idade\" data-tag-names=\"Idade\"><span class=\"icon-help\" aria-hidden=\"true\"> <\/span>Quando deve ser a primeira consulta da crian\u00e7a?<\/h3><div class=\"wm-item-content clearfix Quandodeveseraprimeiraconsultadacriana\"><p>O ideal \u00e9 que a gestante j\u00e1 receba orienta\u00e7\u00f5es sobre os cuidados que ela dever\u00e1 ter com a cavidade bucal do beb\u00ea. Caso isso n\u00e3o seja poss\u00edvel, o ideal \u00e9 que a m\u00e3e leve o beb\u00ea assim que o primeiro dente de leite apare\u00e7a, para receber as orienta\u00e7\u00f5es necess\u00e1rias.<\/p>\n<\/div><\/div>\r\n\r\n<div class=\"wm-item wm-item-wrap tag-Procedimento\"><h3 class=\"wm-item-title tag-Procedimento\" data-tags=\"tag-Procedimento\" data-tag-names=\"Procedimento\"><span class=\"icon-help\" aria-hidden=\"true\"> <\/span>Os procedimentos realizados nas crian\u00e7as s\u00e3o diferentes dos realizados nos adultos?<\/h3><div class=\"wm-item-content clearfix Osprocedimentosrealizadosnascrianassodiferentesdosrealizadosnosadultos\"><p>N\u00e3o. Os procedimentos realizados s\u00e3o semelhantes aos da cl\u00ednica geral de adultos. A principal diferen\u00e7a \u00e9 em rela\u00e7\u00e3o \u00e0 abordagem da crian\u00e7a durante o tratamento, principalmente em rela\u00e7\u00e3o ao controle de comportamento.<\/p>\n<\/div><\/div>\r\n\r\n<div class=\"wm-item wm-item-wrap tag-Desconforto\"><h3 class=\"wm-item-title tag-Desconforto\" data-tags=\"tag-Desconforto\" data-tag-names=\"Desconforto\"><span class=\"icon-help\" aria-hidden=\"true\"> <\/span>A crian\u00e7a poder\u00e1 sentir algum desconforto?<\/h3><div class=\"wm-item-content clearfix Acrianapodersentiralgumdesconforto\"><p>Os procedimentos s\u00e3o realizados com anestesia sempre que necess\u00e1rio. A crian\u00e7a deve estar relaxada no momento da consulta, minimizando a possibilidade de sentir desconforto. O Odontopediatra tem preocupa\u00e7\u00e3o constante com a crian\u00e7a durante a consulta, e explica tudo que ser\u00e1 feito ao paciente de forma que este fique confiante no profissional durante os procedimentos.<\/p>\n<\/div><\/div>\r\n\r\n<div class=\"wm-item wm-item-wrap tag-Manuteno\"><h3 class=\"wm-item-title tag-Manuteno\" data-tags=\"tag-Manuteno\" data-tag-names=\"Manuten\u00e7\u00e3o\"><span class=\"icon-help\" aria-hidden=\"true\"> <\/span>Como manter o resultado conseguido?<\/h3><div class=\"wm-item-content clearfix Comomanteroresultadoconseguido\"><p>A participa\u00e7\u00e3o do n\u00facleo familiar \u00e9 extremamente importante para o sucesso do tratamento. O profissional passar\u00e1 as informa\u00e7\u00f5es sobre higiene e dieta, estas devem ser seguidas pelo paciente com a supervis\u00e3o dos pais. \u00c9 fundamental que a fam\u00edlia esteja motivada a manter os h\u00e1bitos saud\u00e1veis para que o tratamento tenha sucesso.<\/p>\n<\/div><\/div>\r\n\r\n<div class=\"wm-item wm-item-wrap tag-Tratamento\"><h3 class=\"wm-item-title tag-Tratamento\" data-tags=\"tag-Tratamento\" data-tag-names=\"Tratamento\"><span class=\"icon-help\" aria-hidden=\"true\"> <\/span>O tratamento em crian\u00e7as \u00e9 realizado com seda\u00e7\u00e3o consciente?<\/h3><div class=\"wm-item-content clearfix Otratamentoemcrianasrealizadocomsedaoconsciente\"><p>Na grande maioria das vezes n\u00e3o \u00e9 necess\u00e1rio realizar nenhum procedimento de seda\u00e7\u00e3o para atender crian\u00e7as. Nas primeiras consultas o profissional explica como \u00e9 realizado o tratamento aos pais e \u00e0 crian\u00e7a, realiza o condicionamento psicol\u00f3gico e o tratamento ocorre de forma tranquila. Em casos extremos h\u00e1 a possibilidade de realiza\u00e7\u00e3o do tratamento com o uso de seda\u00e7\u00e3o consciente ou at\u00e9 em \u00e2mbito hospitalar, com anestesia geral. <\/p>\n<\/div><\/div>\r\n\u00a0<\/div>\n<h2><\/h2>","protected":false},"excerpt":{"rendered":"<div class=\"entry-summary\">\n<div class=\"entry-summary\">\nLa Odontopediatr\u00eda es la especialidad de la odontolog\u00eda que se ocupa de beb\u00e9s y ni\u00f1os. Su funci\u00f3n es guiar, desde el embarazo, el cuidado que debe tomarse con respecto a la salud bucal de su beb\u00e9.\n<\/div>\n<div class=\"link-more\"><a href=\"https:\/\/liraodonto.com.br\/es\/tratamentos\/odontopediatria\/\" class=\"more-link\">Continue reading<span class=\"screen-reader-text\"> &ldquo;Odontopediatria&rdquo;<\/span>&hellip;<\/a><\/div>\n<\/div>\n<div class=\"link-more\"><a href=\"https:\/\/liraodonto.com.br\/es\/tratamentos\/odontopediatria\/\" class=\"more-link\">Continue reading<span class=\"screen-reader-text\"> &ldquo;Odontopediatria&rdquo;<\/span>&hellip;<\/a><\/div>","protected":false},"author":1,"featured_media":2343,"parent":1051,"menu_order":31,"comment_status":"closed","ping_status":"closed","template":"templates\/with-sidebar.php","meta":{"_acf_changed":false,"_monsterinsights_skip_tracking":false,"_monsterinsights_sitenote_active":false,"_monsterinsights_sitenote_note":"","_monsterinsights_sitenote_category":0,"_joinchat":[],"footnotes":""},"class_list":["post-2341","page","type-page","status-publish","has-post-thumbnail","hentry","entry"],"acf":[],"yoast_head":"<!-- This site is optimized with the Yoast SEO plugin v27.5 - https:\/\/yoast.com\/product\/yoast-seo-wordpress\/ -->\n<title>Odontopediatria - Lira Odonto<\/title>\n<meta name=\"robots\" content=\"index, follow, max-snippet:-1, max-image-preview:large, max-video-preview:-1\" \/>\n<link rel=\"canonical\" href=\"https:\/\/liraodonto.com.br\/es\/tratamentos\/odontopediatria\/\" \/>\n<meta property=\"og:locale\" content=\"es_ES\" \/>\n<meta property=\"og:type\" content=\"article\" \/>\n<meta property=\"og:title\" content=\"Odontopediatria - Lira Odonto\" \/>\n<meta property=\"og:description\" content=\"A Odontopediatria \u00e9 a especialidade da Odontologia que trata de beb\u00eas e crian\u00e7as. Tem como fun\u00e7\u00e3o orientar, desde a gesta\u00e7\u00e3o, quanto aos cuidados que se deve ter em rela\u00e7\u00e3o \u00e0 sa\u00fade bucal do seu beb\u00ea. Continue reading &ldquo;Odontopediatria&rdquo;&hellip;\" \/>\n<meta property=\"og:url\" content=\"https:\/\/liraodonto.com.br\/es\/tratamentos\/odontopediatria\/\" \/>\n<meta property=\"og:site_name\" content=\"Lira Odonto\" \/>\n<meta property=\"article:publisher\" content=\"https:\/\/www.facebook.com\/liraodonto\/\" \/>\n<meta property=\"article:modified_time\" content=\"2017-02-15T14:30:12+00:00\" \/>\n<meta property=\"og:image\" content=\"https:\/\/liraodonto.com.br\/wp-content\/uploads\/2016\/06\/odontopediatria.jpg\" \/>\n\t<meta property=\"og:image:width\" content=\"1640\" \/>\n\t<meta property=\"og:image:height\" content=\"547\" \/>\n\t<meta property=\"og:image:type\" content=\"image\/jpeg\" \/>\n<meta name=\"twitter:card\" content=\"summary_large_image\" \/>\n<meta name=\"twitter:label1\" content=\"Tiempo de lectura\" \/>\n\t<meta name=\"twitter:data1\" content=\"4 minutos\" \/>\n<script type=\"application\/ld+json\" class=\"yoast-schema-graph\">{\"@context\":\"https:\\\/\\\/schema.org\",\"@graph\":[{\"@type\":\"WebPage\",\"@id\":\"https:\\\/\\\/liraodonto.com.br\\\/tratamentos\\\/odontopediatria\\\/\",\"url\":\"https:\\\/\\\/liraodonto.com.br\\\/tratamentos\\\/odontopediatria\\\/\",\"name\":\"Odontopediatria - Lira Odonto\",\"isPartOf\":{\"@id\":\"https:\\\/\\\/liraodonto.com.br\\\/#website\"},\"primaryImageOfPage\":{\"@id\":\"https:\\\/\\\/liraodonto.com.br\\\/tratamentos\\\/odontopediatria\\\/#primaryimage\"},\"image\":{\"@id\":\"https:\\\/\\\/liraodonto.com.br\\\/tratamentos\\\/odontopediatria\\\/#primaryimage\"},\"thumbnailUrl\":\"https:\\\/\\\/liraodonto.com.br\\\/wp-content\\\/uploads\\\/2016\\\/06\\\/odontopediatria.jpg\",\"datePublished\":\"2016-06-29T01:25:47+00:00\",\"dateModified\":\"2017-02-15T14:30:12+00:00\",\"breadcrumb\":{\"@id\":\"https:\\\/\\\/liraodonto.com.br\\\/tratamentos\\\/odontopediatria\\\/#breadcrumb\"},\"inLanguage\":\"es\",\"potentialAction\":[{\"@type\":\"ReadAction\",\"target\":[\"https:\\\/\\\/liraodonto.com.br\\\/tratamentos\\\/odontopediatria\\\/\"]}]},{\"@type\":\"ImageObject\",\"inLanguage\":\"es\",\"@id\":\"https:\\\/\\\/liraodonto.com.br\\\/tratamentos\\\/odontopediatria\\\/#primaryimage\",\"url\":\"https:\\\/\\\/liraodonto.com.br\\\/wp-content\\\/uploads\\\/2016\\\/06\\\/odontopediatria.jpg\",\"contentUrl\":\"https:\\\/\\\/liraodonto.com.br\\\/wp-content\\\/uploads\\\/2016\\\/06\\\/odontopediatria.jpg\",\"width\":1640,\"height\":547},{\"@type\":\"BreadcrumbList\",\"@id\":\"https:\\\/\\\/liraodonto.com.br\\\/tratamentos\\\/odontopediatria\\\/#breadcrumb\",\"itemListElement\":[{\"@type\":\"ListItem\",\"position\":1,\"name\":\"In\u00edcio\",\"item\":\"https:\\\/\\\/liraodonto.com.br\\\/\"},{\"@type\":\"ListItem\",\"position\":2,\"name\":\"Tratamentos\",\"item\":\"https:\\\/\\\/liraodonto.com.br\\\/tratamentos\\\/\"},{\"@type\":\"ListItem\",\"position\":3,\"name\":\"Odontopediatria\"}]},{\"@type\":\"WebSite\",\"@id\":\"https:\\\/\\\/liraodonto.com.br\\\/#website\",\"url\":\"https:\\\/\\\/liraodonto.com.br\\\/\",\"name\":\"Lira Odonto\",\"description\":\"\",\"publisher\":{\"@id\":\"https:\\\/\\\/liraodonto.com.br\\\/#organization\"},\"potentialAction\":[{\"@type\":\"SearchAction\",\"target\":{\"@type\":\"EntryPoint\",\"urlTemplate\":\"https:\\\/\\\/liraodonto.com.br\\\/?s={search_term_string}\"},\"query-input\":{\"@type\":\"PropertyValueSpecification\",\"valueRequired\":true,\"valueName\":\"search_term_string\"}}],\"inLanguage\":\"es\"},{\"@type\":\"Organization\",\"@id\":\"https:\\\/\\\/liraodonto.com.br\\\/#organization\",\"name\":\"Lira Odonto\",\"url\":\"https:\\\/\\\/liraodonto.com.br\\\/\",\"logo\":{\"@type\":\"ImageObject\",\"inLanguage\":\"es\",\"@id\":\"https:\\\/\\\/liraodonto.com.br\\\/#\\\/schema\\\/logo\\\/image\\\/\",\"url\":\"https:\\\/\\\/liraodonto.com.br\\\/wp-content\\\/uploads\\\/2016\\\/04\\\/cropped-cropped-lira_odonto_site.png\",\"contentUrl\":\"https:\\\/\\\/liraodonto.com.br\\\/wp-content\\\/uploads\\\/2016\\\/04\\\/cropped-cropped-lira_odonto_site.png\",\"width\":200,\"height\":46,\"caption\":\"Lira Odonto\"},\"image\":{\"@id\":\"https:\\\/\\\/liraodonto.com.br\\\/#\\\/schema\\\/logo\\\/image\\\/\"},\"sameAs\":[\"https:\\\/\\\/www.facebook.com\\\/liraodonto\\\/\",\"https:\\\/\\\/www.instagram.com\\\/liraodonto\\\/\"]}]}<\/script>\n<!-- \/ Yoast SEO plugin. -->","yoast_head_json":{"title":"Odontopediatria - Lira Odonto","robots":{"index":"index","follow":"follow","max-snippet":"max-snippet:-1","max-image-preview":"max-image-preview:large","max-video-preview":"max-video-preview:-1"},"canonical":"https:\/\/liraodonto.com.br\/es\/tratamentos\/odontopediatria\/","og_locale":"es_ES","og_type":"article","og_title":"Odontopediatria - Lira Odonto","og_description":"A Odontopediatria \u00e9 a especialidade da Odontologia que trata de beb\u00eas e crian\u00e7as. Tem como fun\u00e7\u00e3o orientar, desde a gesta\u00e7\u00e3o, quanto aos cuidados que se deve ter em rela\u00e7\u00e3o \u00e0 sa\u00fade bucal do seu beb\u00ea. Continue reading &ldquo;Odontopediatria&rdquo;&hellip;","og_url":"https:\/\/liraodonto.com.br\/es\/tratamentos\/odontopediatria\/","og_site_name":"Lira Odonto","article_publisher":"https:\/\/www.facebook.com\/liraodonto\/","article_modified_time":"2017-02-15T14:30:12+00:00","og_image":[{"width":1640,"height":547,"url":"https:\/\/liraodonto.com.br\/wp-content\/uploads\/2016\/06\/odontopediatria.jpg","type":"image\/jpeg"}],"twitter_card":"summary_large_image","twitter_misc":{"Tiempo de lectura":"4 minutos"},"schema":{"@context":"https:\/\/schema.org","@graph":[{"@type":"WebPage","@id":"https:\/\/liraodonto.com.br\/tratamentos\/odontopediatria\/","url":"https:\/\/liraodonto.com.br\/tratamentos\/odontopediatria\/","name":"Odontopediatria - Lira Odonto","isPartOf":{"@id":"https:\/\/liraodonto.com.br\/#website"},"primaryImageOfPage":{"@id":"https:\/\/liraodonto.com.br\/tratamentos\/odontopediatria\/#primaryimage"},"image":{"@id":"https:\/\/liraodonto.com.br\/tratamentos\/odontopediatria\/#primaryimage"},"thumbnailUrl":"https:\/\/liraodonto.com.br\/wp-content\/uploads\/2016\/06\/odontopediatria.jpg","datePublished":"2016-06-29T01:25:47+00:00","dateModified":"2017-02-15T14:30:12+00:00","breadcrumb":{"@id":"https:\/\/liraodonto.com.br\/tratamentos\/odontopediatria\/#breadcrumb"},"inLanguage":"es","potentialAction":[{"@type":"ReadAction","target":["https:\/\/liraodonto.com.br\/tratamentos\/odontopediatria\/"]}]},{"@type":"ImageObject","inLanguage":"es","@id":"https:\/\/liraodonto.com.br\/tratamentos\/odontopediatria\/#primaryimage","url":"https:\/\/liraodonto.com.br\/wp-content\/uploads\/2016\/06\/odontopediatria.jpg","contentUrl":"https:\/\/liraodonto.com.br\/wp-content\/uploads\/2016\/06\/odontopediatria.jpg","width":1640,"height":547},{"@type":"BreadcrumbList","@id":"https:\/\/liraodonto.com.br\/tratamentos\/odontopediatria\/#breadcrumb","itemListElement":[{"@type":"ListItem","position":1,"name":"In\u00edcio","item":"https:\/\/liraodonto.com.br\/"},{"@type":"ListItem","position":2,"name":"Tratamentos","item":"https:\/\/liraodonto.com.br\/tratamentos\/"},{"@type":"ListItem","position":3,"name":"Odontopediatria"}]},{"@type":"WebSite","@id":"https:\/\/liraodonto.com.br\/#website","url":"https:\/\/liraodonto.com.br\/","name":"Lira Odonto","description":"","publisher":{"@id":"https:\/\/liraodonto.com.br\/#organization"},"potentialAction":[{"@type":"SearchAction","target":{"@type":"EntryPoint","urlTemplate":"https:\/\/liraodonto.com.br\/?s={search_term_string}"},"query-input":{"@type":"PropertyValueSpecification","valueRequired":true,"valueName":"search_term_string"}}],"inLanguage":"es"},{"@type":"Organization","@id":"https:\/\/liraodonto.com.br\/#organization","name":"Lira Odonto","url":"https:\/\/liraodonto.com.br\/","logo":{"@type":"ImageObject","inLanguage":"es","@id":"https:\/\/liraodonto.com.br\/#\/schema\/logo\/image\/","url":"https:\/\/liraodonto.com.br\/wp-content\/uploads\/2016\/04\/cropped-cropped-lira_odonto_site.png","contentUrl":"https:\/\/liraodonto.com.br\/wp-content\/uploads\/2016\/04\/cropped-cropped-lira_odonto_site.png","width":200,"height":46,"caption":"Lira Odonto"},"image":{"@id":"https:\/\/liraodonto.com.br\/#\/schema\/logo\/image\/"},"sameAs":["https:\/\/www.facebook.com\/liraodonto\/","https:\/\/www.instagram.com\/liraodonto\/"]}]}},"wps_subtitle":"","_links":{"self":[{"href":"https:\/\/liraodonto.com.br\/es\/wp-json\/wp\/v2\/pages\/2341","targetHints":{"allow":["GET"]}}],"collection":[{"href":"https:\/\/liraodonto.com.br\/es\/wp-json\/wp\/v2\/pages"}],"about":[{"href":"https:\/\/liraodonto.com.br\/es\/wp-json\/wp\/v2\/types\/page"}],"author":[{"embeddable":true,"href":"https:\/\/liraodonto.com.br\/es\/wp-json\/wp\/v2\/users\/1"}],"replies":[{"embeddable":true,"href":"https:\/\/liraodonto.com.br\/es\/wp-json\/wp\/v2\/comments?post=2341"}],"version-history":[{"count":16,"href":"https:\/\/liraodonto.com.br\/es\/wp-json\/wp\/v2\/pages\/2341\/revisions"}],"predecessor-version":[{"id":3144,"href":"https:\/\/liraodonto.com.br\/es\/wp-json\/wp\/v2\/pages\/2341\/revisions\/3144"}],"up":[{"embeddable":true,"href":"https:\/\/liraodonto.com.br\/es\/wp-json\/wp\/v2\/pages\/1051"}],"wp:featuredmedia":[{"embeddable":true,"href":"https:\/\/liraodonto.com.br\/es\/wp-json\/wp\/v2\/media\/2343"}],"wp:attachment":[{"href":"https:\/\/liraodonto.com.br\/es\/wp-json\/wp\/v2\/media?parent=2341"}],"curies":[{"name":"wp","href":"https:\/\/api.w.org\/{rel}","templated":true}]}}