{"id":2346,"date":"2016-06-29T01:30:22","date_gmt":"2016-06-29T01:30:22","guid":{"rendered":"https:\/\/liraodonto.com.br\/aprova\/?page_id=2346"},"modified":"2017-02-14T16:34:21","modified_gmt":"2017-02-14T16:34:21","slug":"cirurgias-odontologicas","status":"publish","type":"page","link":"https:\/\/liraodonto.com.br\/es\/tratamentos\/cirurgias-odontologicas\/","title":{"rendered":"Cirug\u00edas Odontol\u00f3gicas"},"content":{"rendered":"<h2><span style=\"font-family: din1451; color: #4f8abe;\">\u00bfQu\u00e9 son las cirug\u00edas dentales?<\/span><\/h2>\n<p>Es la especialidad que contempla todas las intervenciones manuales o asistidas por instrumentos en el tratamiento de enfermedades o lesiones, en el l\u00edmite de la cara del paciente y los tejidos relacionados. Del griego <em>kheirourg\u00eda<\/em>, \"trabajo manual\", y en lat\u00edn <em>chirurgia = <\/em>\"cirug\u00eda\".<\/p>\n<h4><span style=\"font-family: din1451; color: #808080;\">Beneficios:<\/span><\/h4>\n<p>Acciones que permiten la eliminaci\u00f3n de tejidos comprometidos por enfermedad, trauma o indicaci\u00f3n est\u00e9tica electiva, con el objetivo de recuperar la salud y el bienestar del paciente. Tambi\u00e9n existen t\u00e9cnicas para el reemplazo de tejidos comprometidos, injertos, ya sea de tejido gingival u \u00f3seo, con el prop\u00f3sito de permitir tratamientos de rehabilitaci\u00f3n.<\/p>\n<ul>\n<li><em>Cirug\u00eda oral menor:<\/em> Eliminaci\u00f3n de dientes del juicio o dientes comprometidos, lesiones infecciosas (granulomas y quistes), exceso de tejido de las enc\u00edas, exceso de tejido \u00f3seo.<\/li>\n<li><em>Traumatolog\u00eda:<\/em> Acciones de reducci\u00f3n, contenci\u00f3n y estabilizaci\u00f3n de fracturas en los huesos de la cara y los dientes.<\/li>\n<li><em>Implantolog\u00eda:<\/em> Acci\u00f3n quir\u00fargica de inserci\u00f3n de pernos de titanio \/ circonio para el reemplazo de ra\u00edces dentales perdidas.<\/li>\n<li><em>Injertos:<\/em> Procedimientos para el reemplazo y la complementaci\u00f3n del tejido \u00f3seo perdido a trav\u00e9s del propio tejido del paciente (aut\u00f3geno) o tejido de otros individuos (heterog\u00e9neo = banco de huesos) o de otras especies (al\u00f3geno = hueso equino, porcino o bovino) y tambi\u00e9n sint\u00e9ticos (materiales no biol\u00f3gicos = cer\u00e1mica, yeso). En el caso de los tejidos blandos en Brasil, solo aut\u00f3genos y sint\u00e9ticos.<\/li>\n<li><em>Ortogn\u00e1tica:<\/em> Procedimientos quir\u00fargicos planificados para reposicionar la relaci\u00f3n maxilar-mand\u00edbula.<\/li>\n<\/ul>\n<h4><span style=\"font-family: din1451; color: #808080;\">Riesgos por falta de tratamiento<\/span><\/h4>\n<p>Los dientes comprometidos e infectados deben ser tratados o extra\u00eddos, porque la falla en el tratamiento de infecciones puede causar la contaminaci\u00f3n de elementos y tejidos adyacentes o incluso la participaci\u00f3n de otros \u00f3rganos:<\/p>\n<ul>\n<li>Las lesiones infecciosas no tratadas pueden conducir a la p\u00e9rdida de elementos dentales;<\/li>\n<li>Las lesiones agudas, con absceso (colecci\u00f3n purulenta), pueden evolucionar y drenar en la cara, con un gran deterioro est\u00e9tico facial. Cuando se encuentra en el arco inferior, mand\u00edbula, existe el riesgo de progresar hacia el cuello hasta que alcanza las estructuras mediast\u00ednicas, con bacteriemia en los tejidos card\u00edacos (pericarditis bacteriana) con riesgo de muerte;<\/li>\n<li>Las fracturas no reducidas y estabilizadas pueden formar fibrosis o \u201csoldarse\u201d en una posici\u00f3n que compromete la funci\u00f3n.<\/li>\n<\/ul>\n<h4><span style=\"font-family: din1451; color: #808080;\">Tratamientos relacionados<\/span><\/h4>\n<ul>\n<li>Extracci\u00f3n dental: dientes cariados; fracturados, del juicio, ra\u00edces residuales.<\/li>\n<li>Apicectom\u00eda: extirpaci\u00f3n de lesiones en las puntas de las ra\u00edces dentales con la extirpaci\u00f3n de la punta de la ra\u00edz relacionada del diente.<\/li>\n<li>Osteotom\u00eda: extracci\u00f3n de hueso.<\/li>\n<li>Gingivectom\u00eda: extirpaci\u00f3n de tejido gingival.<\/li>\n<li>Gingivoplastia: cirug\u00eda pl\u00e1stica en el tejido gingival.<\/li>\n<li>Implantolog\u00eda: inserci\u00f3n de implantes \u00f3seos integrados.<\/li>\n<li>Injertos: hueso o tejido gingival.<\/li>\n<li>Osteos\u00edntesis: estabilizaci\u00f3n de fragmentos \u00f3seos fracturados.<\/li>\n<li>Ortogn\u00e1tica: reposicionamiento del maxilar superior y la mand\u00edbula quir\u00fargicamente, corrigiendo las discrepancias est\u00e9ticas faciales y, en muchos casos, la funci\u00f3n articular (ATM = articulaci\u00f3n temporomandibular).<\/li>\n<\/ul>\n<h2><span style=\"font-family: din1451;\">Preguntas frecuentes<\/span><\/h2>\n<div class=\"wm-accordion clearfix\" data-active=\"0\" data-mode=\"accordion\">\r\n<div class=\"wm-item wm-item-wrap tag-Tratamento\"><h3 class=\"wm-item-title tag-Tratamento\" data-tags=\"tag-Tratamento\" data-tag-names=\"Tratamento\"><span class=\"icon-help\" aria-hidden=\"true\"> <\/span>Qualquer paciente pode realizar cirurgias odontol\u00f3gicas?<\/h3><div class=\"wm-item-content clearfix Qualquerpacientepoderealizarcirurgiasodontolgicas\"><p>N\u00e3o h\u00e1 limite de idade, mas de estado clinico, isto \u00e9, a sa\u00fade do paciente precisa ser analisada. Para isso, o dentista avalia clinicamente e atrav\u00e9s de perguntas na anamnese, tra\u00e7ando um perfil, classificando-o\u00a0como apto ou n\u00e3o e pedindo exames complementares caso julgue necess\u00e1rio.<\/p>\n<\/div><\/div>\r\n\r\n<div class=\"wm-item wm-item-wrap tag-Preparo\"><h3 class=\"wm-item-title tag-Preparo\" data-tags=\"tag-Preparo\" data-tag-names=\"Preparo\"><span class=\"icon-help\" aria-hidden=\"true\"> <\/span>\u00c9 preciso fazer algum tratamento pr\u00e9vio?<\/h3><div class=\"wm-item-content clearfix precisofazeralgumtratamentoprvio\"><p>Depende do quadro cl\u00ednico do paciente. Se houver algum dist\u00farbio de ordem m\u00e9dica diagnosticado e\u00a0que seja relevante, o mesmo deve ser tratado previamente ou compensado, atrav\u00e9s de medica\u00e7\u00f5es ou at\u00e9 mesmo da suspens\u00e3o de algumas delas (anticoagulantes e antiagregantes &#8211; com ci\u00eancia do m\u00e9dico).<\/p>\n<p>No caso de infec\u00e7\u00f5es agudas, h\u00e1 necessidade de antibioticoterapia pr\u00e9via. No caso de cardiopatas, antibioticoterapia profil\u00e1tica.<\/p>\n<\/div><\/div>\r\n\r\n<div class=\"wm-item wm-item-wrap tag-Durao\"><h3 class=\"wm-item-title tag-Durao\" data-tags=\"tag-Durao\" data-tag-names=\"Dura\u00e7\u00e3o\"><span class=\"icon-help\" aria-hidden=\"true\"> <\/span>Quanto tempo demora o procedimento e o tratamento?<\/h3><div class=\"wm-item-content clearfix Quantotempodemoraoprocedimentoeotratamento\"><p>O procedimento cir\u00fargico, a depender de sua complexidade, pode demandar de poucos minutos a algumas horas. A extens\u00e3o do tratamento cir\u00fargico depende de quantas interven\u00e7\u00f5es s\u00e3o necess\u00e1rias at\u00e9 que se\u00a0consiga solucionar a quest\u00e3o.<\/p>\n<p>Mas sempre haver\u00e1 o p\u00f3s-operat\u00f3rio, com cuidados que o paciente deve tomar, orientados pelo cirurgi\u00e3o, com o intu\u00eddo de ter uma \u00f3tima recupera\u00e7\u00e3o\u00a0e remo\u00e7\u00e3o dos pontos quando houver, o que pode ser\u00a0feito em cinco ou at\u00e9 20 dias, conforme o tipo de interven\u00e7\u00e3o.<\/p>\n<p><span style=\"font-family: 'Lucida Sans',sans-serif;\"><span style=\"color: #000000;\">\u00a0<\/span><\/span><\/p>\n<\/div><\/div>\r\n\r\n<div class=\"wm-item wm-item-wrap tag-Dores\"><h3 class=\"wm-item-title tag-Dores\" data-tags=\"tag-Dores\" data-tag-names=\"Dores\"><span class=\"icon-help\" aria-hidden=\"true\"> <\/span>Poderei sentir algum desconforto ou dificuldade de adapta\u00e7\u00e3o?<\/h3><div class=\"wm-item-content clearfix Podereisentiralgumdesconfortooudificuldadedeadaptao\"><p>H\u00e1 interven\u00e7\u00f5es com t\u00e9cnicas minimamente invasivas, que normalmente evoluem com baix\u00edssimo desconforto. Mas h\u00e1 as interven\u00e7\u00f5es mais complexas, com envolvimento de \u00e1reas maiores, e estas precisam de um suporte medicamentoso que supra os desconfortos.<\/p>\n<\/div><\/div>\r\n\r\n<div class=\"wm-item wm-item-wrap tag-Manuteno\"><h3 class=\"wm-item-title tag-Manuteno\" data-tags=\"tag-Manuteno\" data-tag-names=\"Manuten\u00e7\u00e3o\"><span class=\"icon-help\" aria-hidden=\"true\"> <\/span>Como manter o resultado conseguido?<\/h3><div class=\"wm-item-content clearfix Comomanteroresultadoconseguido\"><p>Atente aos cuidados do p\u00f3s-operat\u00f3rio orientados pelo cirurgi\u00e3o, para que n\u00e3o haja comprometimento do resultado.<\/p>\n<p>Os resultados cir\u00fargicos dependem de quest\u00f5es biol\u00f3gicas envolvidas em cada procedimento proposto,\u00a0isso deve\u00a0ser discutido com o cirurgi\u00e3o respons\u00e1vel.<\/p>\n<p><span style=\"font-family: 'Lucida Sans',sans-serif;\"><span style=\"color: #000000;\">\u00a0<\/span><\/span><\/p>\n<\/div><\/div>\r\n\r\n<div class=\"wm-item wm-item-wrap tag-Procedimento\"><h3 class=\"wm-item-title tag-Procedimento\" data-tags=\"tag-Procedimento\" data-tag-names=\"Procedimento\"><span class=\"icon-help\" aria-hidden=\"true\"> <\/span>H\u00e1 riscos no procedimento?<\/h3><div class=\"wm-item-content clearfix Hriscosnoprocedimento\"><p>Todo procedimento cir\u00fargico envolve riscos\u00a0(biol\u00f3gicos, infecciosos e mec\u00e2nicos), e isso deve ser avaliado pelo cirurgi\u00e3o respons\u00e1vel com ci\u00eancia do paciente, analisando necessidade com oportunidade (h\u00e1 os procedimentos de emerg\u00eancia e os eletivos,\u00a0que podem ser feito\u00a0no melhor momento para a interven\u00e7\u00e3o).<\/p>\n<p>Tamb\u00e9m \u00e9 importante\u00a0avaliar o custo-benef\u00edcio, neste caso o biol\u00f3gico, para que se chegue a uma conclus\u00e3o\u00a0sobre todos os riscos e\u00a0envolvimentos que o ato acarretar\u00e1 diante dos benef\u00edcios que ele poder\u00e1 proporcionar ao paciente.<\/p>\n<\/div><\/div>\r\n\u00a0<\/div>\n<h2>Cuidados importantes<\/h2>\n<div class=\"wm-tabs clearfix layout-top tour-tabs\" data-active=\"1\"><ul class=\"wm-tab-links wm-tab-count-3\"><li class=\"wm-tab-items-Pr-Operatrio_332\"><a href=\"#Pr-Operatrio_332\" data-tab=\"#Pr-Operatrio_332\"><span class=\"icon-frown\" aria-hidden=\"true\"> <\/span>Pr\u00e9-Operat\u00f3rio<\/a><\/li><li class=\"wm-tab-items-Duranteotratamento_717\"><a href=\"#Duranteotratamento_717\" data-tab=\"#Duranteotratamento_717\"><span class=\"icon-meh\" aria-hidden=\"true\"> <\/span>Durante o tratamento<\/a><\/li><li class=\"wm-tab-items-PsOperatrio_688\"><a href=\"#PsOperatrio_688\" data-tab=\"#PsOperatrio_688\"><span class=\"icon-smile\" aria-hidden=\"true\"> <\/span>P\u00f3s Operat\u00f3rio<\/a><\/li><\/ul><div class=\"wm-tabs-items\">\r\n<div class=\"wm-item wm-item-wrap Pr-Operatrio_332\" id=\"Pr-Operatrio_332\" data-title=\"Pr-Operatrio_332&&&lt;span class=&quot;icon-frown&quot; aria-hidden=&quot;true&quot;&gt; &lt;\/span&gt;Pr\u00e9-Operat\u00f3rio\"><h2 class=\"screen-reader-text wm-item-title\"><span class=\"icon-frown\" aria-hidden=\"true\"> <\/span>Pr\u00e9-Operat\u00f3rio<\/h2><p>Avalia\u00e7\u00e3o do quadro cl\u00ednico geral pra chegar\u00a0se h\u00e1 alguma doen\u00e7a instalada e\/ou uso de medicamentos que possam comprometer o procedimento cir\u00fargico.<\/p>\n<p>Ap\u00f3s a anamnese feita pelo cirurgi\u00e3o, ele decide se h\u00e1 necessidade de exames complementares (cl\u00ednicos, laboratoriais ou radiogr\u00e1ficos) para saber se o paciente est\u00e1 apto\u00a0e\u00a0se h\u00e1 necessidade de alguma adequa\u00e7\u00e3o.<\/p>\n<\/div>\r\n\r\n<div class=\"wm-item wm-item-wrap Duranteotratamento_717\" id=\"Duranteotratamento_717\" data-title=\"Duranteotratamento_717&&&lt;span class=&quot;icon-meh&quot; aria-hidden=&quot;true&quot;&gt; &lt;\/span&gt;Durante o tratamento\"><h3 class=\"screen-reader-text wm-item-title\"><span class=\"icon-meh\" aria-hidden=\"true\"> <\/span>Durante o tratamento<\/h3><p>O paciente ser\u00e1 devidamente preparado, sob anestesia, para n\u00e3o haver desconforto doloroso. A depender do caso e do\u00a0perfil do paciente, o procedimento poder\u00e1 ser realizado sob a\u00e7\u00e3o de algum ansiol\u00edtico ou benzodiazep\u00ednico.<\/p>\n<p><span style=\"font-family: 'Lucida Sans',sans-serif;\"><span style=\"color: #000000;\">\u00a0<\/span><\/span><\/p>\n<\/div>\r\n\r\n<div class=\"wm-item wm-item-wrap PsOperatrio_688\" id=\"PsOperatrio_688\" data-title=\"PsOperatrio_688&&&lt;span class=&quot;icon-smile&quot; aria-hidden=&quot;true&quot;&gt; &lt;\/span&gt;P\u00f3s Operat\u00f3rio\"><h2 class=\"screen-reader-text wm-item-title\"><span class=\"icon-smile\" aria-hidden=\"true\"> <\/span>P\u00f3s Operat\u00f3rio<\/h2><p>Tomar todos os cuidados orientados pelo cirurgi\u00e3o, mantendo o ambiente o mais higienizado poss\u00edvel, sem que haja comprometimento do procedimento, como deslocamento\u00a0de tecidos ou rompimento de pontos, por exemplo, motivados pela mastiga\u00e7\u00e3o e\/ou por a\u00e7\u00f5es que possam deslocar co\u00e1gulos (bochechos, sopros e\u00a0suc\u00e7\u00f5es).<\/p>\n<p><span style=\"font-family: 'Lucida Sans',sans-serif;\"><span style=\"color: #000000;\">\u00a0<\/span><\/span><\/p>\n<\/div>\r\n<\/div><\/div>","protected":false},"excerpt":{"rendered":"<div class=\"entry-summary\">\n<div class=\"entry-summary\">\n\u00c9 a especialidade que contempla todas as interven\u00e7\u00f5es manuais ou auxiliadas por instrumentos no tratamento de doen\u00e7as ou traumatismos, no limite da face e tecidos relacionados do paciente. Do grego kheirourg\u00eda, \u201ctrabalho manual\u201d, e pelo latim chirurgia = \u201ccirurgia\u201d.\n<\/div>\n<div class=\"link-more\"><a href=\"https:\/\/liraodonto.com.br\/es\/tratamentos\/cirurgias-odontologicas\/\" class=\"more-link\">Continue reading<span class=\"screen-reader-text\"> &ldquo;Cirurgias Odontol\u00f3gicas&rdquo;<\/span>&hellip;<\/a><\/div>\n<\/div>\n<div class=\"link-more\"><a href=\"https:\/\/liraodonto.com.br\/es\/tratamentos\/cirurgias-odontologicas\/\" class=\"more-link\">Continue reading<span class=\"screen-reader-text\"> &ldquo;Cirurgias Odontol\u00f3gicas&rdquo;<\/span>&hellip;<\/a><\/div>","protected":false},"author":1,"featured_media":2347,"parent":1051,"menu_order":31,"comment_status":"closed","ping_status":"closed","template":"templates\/with-sidebar.php","meta":{"_acf_changed":false,"_monsterinsights_skip_tracking":false,"_monsterinsights_sitenote_active":false,"_monsterinsights_sitenote_note":"","_monsterinsights_sitenote_category":0,"_joinchat":[],"footnotes":""},"class_list":["post-2346","page","type-page","status-publish","has-post-thumbnail","hentry","entry"],"acf":[],"yoast_head":"<!-- This site is optimized with the Yoast SEO plugin v27.4 - https:\/\/yoast.com\/product\/yoast-seo-wordpress\/ -->\n<title>Cirurgias Odontol\u00f3gicas - Lira Odonto<\/title>\n<meta name=\"robots\" content=\"index, follow, max-snippet:-1, max-image-preview:large, max-video-preview:-1\" \/>\n<link rel=\"canonical\" href=\"https:\/\/liraodonto.com.br\/es\/tratamentos\/cirurgias-odontologicas\/\" \/>\n<meta property=\"og:locale\" content=\"es_ES\" \/>\n<meta property=\"og:type\" content=\"article\" \/>\n<meta property=\"og:title\" content=\"Cirurgias Odontol\u00f3gicas - Lira Odonto\" \/>\n<meta property=\"og:description\" content=\"\u00c9 a especialidade que contempla todas as interven\u00e7\u00f5es manuais ou auxiliadas por instrumentos no tratamento de doen\u00e7as ou traumatismos, no limite da face e tecidos relacionados do paciente. Do grego kheirourg\u00eda, \u201ctrabalho manual\u201d, e pelo latim chirurgia = \u201ccirurgia\u201d. Continue reading &ldquo;Cirurgias Odontol\u00f3gicas&rdquo;&hellip;\" \/>\n<meta property=\"og:url\" content=\"https:\/\/liraodonto.com.br\/es\/tratamentos\/cirurgias-odontologicas\/\" \/>\n<meta property=\"og:site_name\" content=\"Lira Odonto\" \/>\n<meta property=\"article:publisher\" content=\"https:\/\/www.facebook.com\/liraodonto\/\" \/>\n<meta property=\"article:modified_time\" content=\"2017-02-14T16:34:21+00:00\" \/>\n<meta property=\"og:image\" content=\"https:\/\/liraodonto.com.br\/wp-content\/uploads\/2016\/06\/cirurgia2.jpg\" \/>\n\t<meta property=\"og:image:width\" content=\"1640\" \/>\n\t<meta property=\"og:image:height\" content=\"547\" \/>\n\t<meta property=\"og:image:type\" content=\"image\/jpeg\" \/>\n<meta name=\"twitter:card\" content=\"summary_large_image\" \/>\n<meta name=\"twitter:label1\" content=\"Tiempo de lectura\" \/>\n\t<meta name=\"twitter:data1\" content=\"6 minutos\" \/>\n<script type=\"application\/ld+json\" class=\"yoast-schema-graph\">{\"@context\":\"https:\\\/\\\/schema.org\",\"@graph\":[{\"@type\":\"WebPage\",\"@id\":\"https:\\\/\\\/liraodonto.com.br\\\/tratamentos\\\/cirurgias-odontologicas\\\/\",\"url\":\"https:\\\/\\\/liraodonto.com.br\\\/tratamentos\\\/cirurgias-odontologicas\\\/\",\"name\":\"Cirurgias Odontol\u00f3gicas - Lira Odonto\",\"isPartOf\":{\"@id\":\"https:\\\/\\\/liraodonto.com.br\\\/#website\"},\"primaryImageOfPage\":{\"@id\":\"https:\\\/\\\/liraodonto.com.br\\\/tratamentos\\\/cirurgias-odontologicas\\\/#primaryimage\"},\"image\":{\"@id\":\"https:\\\/\\\/liraodonto.com.br\\\/tratamentos\\\/cirurgias-odontologicas\\\/#primaryimage\"},\"thumbnailUrl\":\"https:\\\/\\\/liraodonto.com.br\\\/wp-content\\\/uploads\\\/2016\\\/06\\\/cirurgia2.jpg\",\"datePublished\":\"2016-06-29T01:30:22+00:00\",\"dateModified\":\"2017-02-14T16:34:21+00:00\",\"breadcrumb\":{\"@id\":\"https:\\\/\\\/liraodonto.com.br\\\/tratamentos\\\/cirurgias-odontologicas\\\/#breadcrumb\"},\"inLanguage\":\"es\",\"potentialAction\":[{\"@type\":\"ReadAction\",\"target\":[\"https:\\\/\\\/liraodonto.com.br\\\/tratamentos\\\/cirurgias-odontologicas\\\/\"]}]},{\"@type\":\"ImageObject\",\"inLanguage\":\"es\",\"@id\":\"https:\\\/\\\/liraodonto.com.br\\\/tratamentos\\\/cirurgias-odontologicas\\\/#primaryimage\",\"url\":\"https:\\\/\\\/liraodonto.com.br\\\/wp-content\\\/uploads\\\/2016\\\/06\\\/cirurgia2.jpg\",\"contentUrl\":\"https:\\\/\\\/liraodonto.com.br\\\/wp-content\\\/uploads\\\/2016\\\/06\\\/cirurgia2.jpg\",\"width\":1640,\"height\":547},{\"@type\":\"BreadcrumbList\",\"@id\":\"https:\\\/\\\/liraodonto.com.br\\\/tratamentos\\\/cirurgias-odontologicas\\\/#breadcrumb\",\"itemListElement\":[{\"@type\":\"ListItem\",\"position\":1,\"name\":\"In\u00edcio\",\"item\":\"https:\\\/\\\/liraodonto.com.br\\\/\"},{\"@type\":\"ListItem\",\"position\":2,\"name\":\"Tratamentos\",\"item\":\"https:\\\/\\\/liraodonto.com.br\\\/tratamentos\\\/\"},{\"@type\":\"ListItem\",\"position\":3,\"name\":\"Cirurgias Odontol\u00f3gicas\"}]},{\"@type\":\"WebSite\",\"@id\":\"https:\\\/\\\/liraodonto.com.br\\\/#website\",\"url\":\"https:\\\/\\\/liraodonto.com.br\\\/\",\"name\":\"Lira Odonto\",\"description\":\"\",\"publisher\":{\"@id\":\"https:\\\/\\\/liraodonto.com.br\\\/#organization\"},\"potentialAction\":[{\"@type\":\"SearchAction\",\"target\":{\"@type\":\"EntryPoint\",\"urlTemplate\":\"https:\\\/\\\/liraodonto.com.br\\\/?s={search_term_string}\"},\"query-input\":{\"@type\":\"PropertyValueSpecification\",\"valueRequired\":true,\"valueName\":\"search_term_string\"}}],\"inLanguage\":\"es\"},{\"@type\":\"Organization\",\"@id\":\"https:\\\/\\\/liraodonto.com.br\\\/#organization\",\"name\":\"Lira Odonto\",\"url\":\"https:\\\/\\\/liraodonto.com.br\\\/\",\"logo\":{\"@type\":\"ImageObject\",\"inLanguage\":\"es\",\"@id\":\"https:\\\/\\\/liraodonto.com.br\\\/#\\\/schema\\\/logo\\\/image\\\/\",\"url\":\"https:\\\/\\\/liraodonto.com.br\\\/wp-content\\\/uploads\\\/2016\\\/04\\\/cropped-cropped-lira_odonto_site.png\",\"contentUrl\":\"https:\\\/\\\/liraodonto.com.br\\\/wp-content\\\/uploads\\\/2016\\\/04\\\/cropped-cropped-lira_odonto_site.png\",\"width\":200,\"height\":46,\"caption\":\"Lira Odonto\"},\"image\":{\"@id\":\"https:\\\/\\\/liraodonto.com.br\\\/#\\\/schema\\\/logo\\\/image\\\/\"},\"sameAs\":[\"https:\\\/\\\/www.facebook.com\\\/liraodonto\\\/\",\"https:\\\/\\\/www.instagram.com\\\/liraodonto\\\/\"]}]}<\/script>\n<!-- \/ Yoast SEO plugin. -->","yoast_head_json":{"title":"Cirurgias Odontol\u00f3gicas - Lira Odonto","robots":{"index":"index","follow":"follow","max-snippet":"max-snippet:-1","max-image-preview":"max-image-preview:large","max-video-preview":"max-video-preview:-1"},"canonical":"https:\/\/liraodonto.com.br\/es\/tratamentos\/cirurgias-odontologicas\/","og_locale":"es_ES","og_type":"article","og_title":"Cirurgias Odontol\u00f3gicas - Lira Odonto","og_description":"\u00c9 a especialidade que contempla todas as interven\u00e7\u00f5es manuais ou auxiliadas por instrumentos no tratamento de doen\u00e7as ou traumatismos, no limite da face e tecidos relacionados do paciente. Do grego kheirourg\u00eda, \u201ctrabalho manual\u201d, e pelo latim chirurgia = \u201ccirurgia\u201d. Continue reading &ldquo;Cirurgias Odontol\u00f3gicas&rdquo;&hellip;","og_url":"https:\/\/liraodonto.com.br\/es\/tratamentos\/cirurgias-odontologicas\/","og_site_name":"Lira Odonto","article_publisher":"https:\/\/www.facebook.com\/liraodonto\/","article_modified_time":"2017-02-14T16:34:21+00:00","og_image":[{"width":1640,"height":547,"url":"https:\/\/liraodonto.com.br\/wp-content\/uploads\/2016\/06\/cirurgia2.jpg","type":"image\/jpeg"}],"twitter_card":"summary_large_image","twitter_misc":{"Tiempo de lectura":"6 minutos"},"schema":{"@context":"https:\/\/schema.org","@graph":[{"@type":"WebPage","@id":"https:\/\/liraodonto.com.br\/tratamentos\/cirurgias-odontologicas\/","url":"https:\/\/liraodonto.com.br\/tratamentos\/cirurgias-odontologicas\/","name":"Cirurgias Odontol\u00f3gicas - Lira Odonto","isPartOf":{"@id":"https:\/\/liraodonto.com.br\/#website"},"primaryImageOfPage":{"@id":"https:\/\/liraodonto.com.br\/tratamentos\/cirurgias-odontologicas\/#primaryimage"},"image":{"@id":"https:\/\/liraodonto.com.br\/tratamentos\/cirurgias-odontologicas\/#primaryimage"},"thumbnailUrl":"https:\/\/liraodonto.com.br\/wp-content\/uploads\/2016\/06\/cirurgia2.jpg","datePublished":"2016-06-29T01:30:22+00:00","dateModified":"2017-02-14T16:34:21+00:00","breadcrumb":{"@id":"https:\/\/liraodonto.com.br\/tratamentos\/cirurgias-odontologicas\/#breadcrumb"},"inLanguage":"es","potentialAction":[{"@type":"ReadAction","target":["https:\/\/liraodonto.com.br\/tratamentos\/cirurgias-odontologicas\/"]}]},{"@type":"ImageObject","inLanguage":"es","@id":"https:\/\/liraodonto.com.br\/tratamentos\/cirurgias-odontologicas\/#primaryimage","url":"https:\/\/liraodonto.com.br\/wp-content\/uploads\/2016\/06\/cirurgia2.jpg","contentUrl":"https:\/\/liraodonto.com.br\/wp-content\/uploads\/2016\/06\/cirurgia2.jpg","width":1640,"height":547},{"@type":"BreadcrumbList","@id":"https:\/\/liraodonto.com.br\/tratamentos\/cirurgias-odontologicas\/#breadcrumb","itemListElement":[{"@type":"ListItem","position":1,"name":"In\u00edcio","item":"https:\/\/liraodonto.com.br\/"},{"@type":"ListItem","position":2,"name":"Tratamentos","item":"https:\/\/liraodonto.com.br\/tratamentos\/"},{"@type":"ListItem","position":3,"name":"Cirurgias Odontol\u00f3gicas"}]},{"@type":"WebSite","@id":"https:\/\/liraodonto.com.br\/#website","url":"https:\/\/liraodonto.com.br\/","name":"Lira Odonto","description":"","publisher":{"@id":"https:\/\/liraodonto.com.br\/#organization"},"potentialAction":[{"@type":"SearchAction","target":{"@type":"EntryPoint","urlTemplate":"https:\/\/liraodonto.com.br\/?s={search_term_string}"},"query-input":{"@type":"PropertyValueSpecification","valueRequired":true,"valueName":"search_term_string"}}],"inLanguage":"es"},{"@type":"Organization","@id":"https:\/\/liraodonto.com.br\/#organization","name":"Lira Odonto","url":"https:\/\/liraodonto.com.br\/","logo":{"@type":"ImageObject","inLanguage":"es","@id":"https:\/\/liraodonto.com.br\/#\/schema\/logo\/image\/","url":"https:\/\/liraodonto.com.br\/wp-content\/uploads\/2016\/04\/cropped-cropped-lira_odonto_site.png","contentUrl":"https:\/\/liraodonto.com.br\/wp-content\/uploads\/2016\/04\/cropped-cropped-lira_odonto_site.png","width":200,"height":46,"caption":"Lira Odonto"},"image":{"@id":"https:\/\/liraodonto.com.br\/#\/schema\/logo\/image\/"},"sameAs":["https:\/\/www.facebook.com\/liraodonto\/","https:\/\/www.instagram.com\/liraodonto\/"]}]}},"wps_subtitle":"","_links":{"self":[{"href":"https:\/\/liraodonto.com.br\/es\/wp-json\/wp\/v2\/pages\/2346","targetHints":{"allow":["GET"]}}],"collection":[{"href":"https:\/\/liraodonto.com.br\/es\/wp-json\/wp\/v2\/pages"}],"about":[{"href":"https:\/\/liraodonto.com.br\/es\/wp-json\/wp\/v2\/types\/page"}],"author":[{"embeddable":true,"href":"https:\/\/liraodonto.com.br\/es\/wp-json\/wp\/v2\/users\/1"}],"replies":[{"embeddable":true,"href":"https:\/\/liraodonto.com.br\/es\/wp-json\/wp\/v2\/comments?post=2346"}],"version-history":[{"count":13,"href":"https:\/\/liraodonto.com.br\/es\/wp-json\/wp\/v2\/pages\/2346\/revisions"}],"predecessor-version":[{"id":3126,"href":"https:\/\/liraodonto.com.br\/es\/wp-json\/wp\/v2\/pages\/2346\/revisions\/3126"}],"up":[{"embeddable":true,"href":"https:\/\/liraodonto.com.br\/es\/wp-json\/wp\/v2\/pages\/1051"}],"wp:featuredmedia":[{"embeddable":true,"href":"https:\/\/liraodonto.com.br\/es\/wp-json\/wp\/v2\/media\/2347"}],"wp:attachment":[{"href":"https:\/\/liraodonto.com.br\/es\/wp-json\/wp\/v2\/media?parent=2346"}],"curies":[{"name":"wp","href":"https:\/\/api.w.org\/{rel}","templated":true}]}}