{"id":2429,"date":"2016-07-08T18:22:14","date_gmt":"2016-07-08T18:22:14","guid":{"rendered":"https:\/\/liraodonto.com.br\/aprova\/?page_id=2429"},"modified":"2017-01-11T20:48:41","modified_gmt":"2017-01-11T20:48:41","slug":"raio-x-digital","status":"publish","type":"page","link":"https:\/\/liraodonto.com.br\/es\/tecnologia-2\/raio-x-digital\/","title":{"rendered":"Radiograf\u00eda Digital"},"content":{"rendered":"<div data-canvas-width=\"212.58322312500005\">La adquisici\u00f3n de im\u00e1genes radiogr\u00e1ficas a trav\u00e9s de sensores digitales representa un avance importante en el \u00e1rea del diagn\u00f3stico dental.<\/div>\n<div data-canvas-width=\"690.9662418750005\">La <strong>Lira Odonto<\/strong> cuenta con equipos de radiograf\u00eda panor\u00e1mica digital, as\u00ed como sensores intraorales digitales.<\/div>\n<div data-canvas-width=\"200.4053566666667\"><\/div>\n<div data-canvas-width=\"200.4053566666667\">Las radiograf\u00edas digitales ofrecen numerosas ventajas en su uso, como:<\/div>\n<div data-canvas-width=\"335.6798710416667\">- menor tiempo de exposici\u00f3n del paciente a rayos X;<\/div>\n<div data-canvas-width=\"519.6329016666667\">- Procesamiento de im\u00e1genes en tiempo real, lo que permite un diagn\u00f3stico m\u00e1s r\u00e1pido;<\/div>\n<div data-canvas-width=\"547.5771437500001\">- Software con recursos gr\u00e1ficos y de medici\u00f3n para ayudar a la planificaci\u00f3n quir\u00fargica;<\/div>\n<div data-canvas-width=\"229.01907437499997\">- No requiere procesamiento qu\u00edmico con sustancias contaminantes del medio ambiente.<\/div>\n<p>&nbsp;<\/p>","protected":false},"excerpt":{"rendered":"<div class=\"entry-summary\">\n<div class=\"entry-summary\">\nA aquisi\u00e7\u00e3o de imagens radiogr\u00e1ficas por meio de sensores digitais representa um grande avan\u00e7o na \u00e1rea de diagn\u00f3stico&hellip;\n<\/div>\n<div class=\"link-more\"><a href=\"https:\/\/liraodonto.com.br\/es\/tecnologia-2\/raio-x-digital\/\" class=\"more-link\">Continue reading<span class=\"screen-reader-text\"> &ldquo;Radiografia Digital&rdquo;<\/span>&hellip;<\/a><\/div>\n<\/div>\n<div class=\"link-more\"><a href=\"https:\/\/liraodonto.com.br\/es\/tecnologia-2\/raio-x-digital\/\" class=\"more-link\">Continue reading<span class=\"screen-reader-text\"> &ldquo;Radiografia Digital&rdquo;<\/span>&hellip;<\/a><\/div>","protected":false},"author":1,"featured_media":2181,"parent":2423,"menu_order":0,"comment_status":"closed","ping_status":"closed","template":"templates\/with-sidebar.php","meta":{"_acf_changed":false,"_monsterinsights_skip_tracking":false,"_monsterinsights_sitenote_active":false,"_monsterinsights_sitenote_note":"","_monsterinsights_sitenote_category":0,"_joinchat":[],"footnotes":""},"class_list":["post-2429","page","type-page","status-publish","has-post-thumbnail","hentry","entry"],"acf":[],"yoast_head":"<!-- This site is optimized with the Yoast SEO plugin v27.5 - https:\/\/yoast.com\/product\/yoast-seo-wordpress\/ -->\n<title>Radiografia Digital - Lira Odonto<\/title>\n<meta name=\"robots\" content=\"index, follow, max-snippet:-1, max-image-preview:large, max-video-preview:-1\" \/>\n<link rel=\"canonical\" href=\"https:\/\/liraodonto.com.br\/es\/tecnologia-2\/raio-x-digital\/\" \/>\n<meta property=\"og:locale\" content=\"es_ES\" \/>\n<meta property=\"og:type\" content=\"article\" \/>\n<meta property=\"og:title\" content=\"Radiografia Digital - Lira Odonto\" \/>\n<meta property=\"og:description\" content=\"A aquisi\u00e7\u00e3o de imagens radiogr\u00e1ficas por meio de sensores digitais representa um grande avan\u00e7o na \u00e1rea de diagn\u00f3stico&hellip; Continue reading &ldquo;Radiografia Digital&rdquo;&hellip;\" \/>\n<meta property=\"og:url\" content=\"https:\/\/liraodonto.com.br\/es\/tecnologia-2\/raio-x-digital\/\" \/>\n<meta property=\"og:site_name\" content=\"Lira Odonto\" \/>\n<meta property=\"article:publisher\" content=\"https:\/\/www.facebook.com\/liraodonto\/\" \/>\n<meta property=\"article:modified_time\" content=\"2017-01-11T20:48:41+00:00\" \/>\n<meta property=\"og:image\" content=\"https:\/\/liraodonto.com.br\/wp-content\/uploads\/2016\/06\/liraodonto_radiografia_panoramica.jpg\" \/>\n\t<meta property=\"og:image:width\" content=\"860\" \/>\n\t<meta property=\"og:image:height\" content=\"555\" \/>\n\t<meta property=\"og:image:type\" content=\"image\/jpeg\" \/>\n<meta name=\"twitter:card\" content=\"summary_large_image\" \/>\n<meta name=\"twitter:label1\" content=\"Tiempo de lectura\" \/>\n\t<meta name=\"twitter:data1\" content=\"1 minuto\" \/>\n<script type=\"application\/ld+json\" class=\"yoast-schema-graph\">{\"@context\":\"https:\\\/\\\/schema.org\",\"@graph\":[{\"@type\":\"WebPage\",\"@id\":\"https:\\\/\\\/liraodonto.com.br\\\/tecnologia-2\\\/raio-x-digital\\\/\",\"url\":\"https:\\\/\\\/liraodonto.com.br\\\/tecnologia-2\\\/raio-x-digital\\\/\",\"name\":\"Radiografia Digital - Lira Odonto\",\"isPartOf\":{\"@id\":\"https:\\\/\\\/liraodonto.com.br\\\/#website\"},\"primaryImageOfPage\":{\"@id\":\"https:\\\/\\\/liraodonto.com.br\\\/tecnologia-2\\\/raio-x-digital\\\/#primaryimage\"},\"image\":{\"@id\":\"https:\\\/\\\/liraodonto.com.br\\\/tecnologia-2\\\/raio-x-digital\\\/#primaryimage\"},\"thumbnailUrl\":\"https:\\\/\\\/liraodonto.com.br\\\/wp-content\\\/uploads\\\/2016\\\/06\\\/liraodonto_radiografia_panoramica.jpg\",\"datePublished\":\"2016-07-08T18:22:14+00:00\",\"dateModified\":\"2017-01-11T20:48:41+00:00\",\"breadcrumb\":{\"@id\":\"https:\\\/\\\/liraodonto.com.br\\\/tecnologia-2\\\/raio-x-digital\\\/#breadcrumb\"},\"inLanguage\":\"es\",\"potentialAction\":[{\"@type\":\"ReadAction\",\"target\":[\"https:\\\/\\\/liraodonto.com.br\\\/tecnologia-2\\\/raio-x-digital\\\/\"]}]},{\"@type\":\"ImageObject\",\"inLanguage\":\"es\",\"@id\":\"https:\\\/\\\/liraodonto.com.br\\\/tecnologia-2\\\/raio-x-digital\\\/#primaryimage\",\"url\":\"https:\\\/\\\/liraodonto.com.br\\\/wp-content\\\/uploads\\\/2016\\\/06\\\/liraodonto_radiografia_panoramica.jpg\",\"contentUrl\":\"https:\\\/\\\/liraodonto.com.br\\\/wp-content\\\/uploads\\\/2016\\\/06\\\/liraodonto_radiografia_panoramica.jpg\",\"width\":860,\"height\":555},{\"@type\":\"BreadcrumbList\",\"@id\":\"https:\\\/\\\/liraodonto.com.br\\\/tecnologia-2\\\/raio-x-digital\\\/#breadcrumb\",\"itemListElement\":[{\"@type\":\"ListItem\",\"position\":1,\"name\":\"In\u00edcio\",\"item\":\"https:\\\/\\\/liraodonto.com.br\\\/\"},{\"@type\":\"ListItem\",\"position\":2,\"name\":\"Tecnologia\",\"item\":\"https:\\\/\\\/liraodonto.com.br\\\/tecnologia-2\\\/\"},{\"@type\":\"ListItem\",\"position\":3,\"name\":\"Radiografia Digital\"}]},{\"@type\":\"WebSite\",\"@id\":\"https:\\\/\\\/liraodonto.com.br\\\/#website\",\"url\":\"https:\\\/\\\/liraodonto.com.br\\\/\",\"name\":\"Lira Odonto\",\"description\":\"\",\"publisher\":{\"@id\":\"https:\\\/\\\/liraodonto.com.br\\\/#organization\"},\"potentialAction\":[{\"@type\":\"SearchAction\",\"target\":{\"@type\":\"EntryPoint\",\"urlTemplate\":\"https:\\\/\\\/liraodonto.com.br\\\/?s={search_term_string}\"},\"query-input\":{\"@type\":\"PropertyValueSpecification\",\"valueRequired\":true,\"valueName\":\"search_term_string\"}}],\"inLanguage\":\"es\"},{\"@type\":\"Organization\",\"@id\":\"https:\\\/\\\/liraodonto.com.br\\\/#organization\",\"name\":\"Lira Odonto\",\"url\":\"https:\\\/\\\/liraodonto.com.br\\\/\",\"logo\":{\"@type\":\"ImageObject\",\"inLanguage\":\"es\",\"@id\":\"https:\\\/\\\/liraodonto.com.br\\\/#\\\/schema\\\/logo\\\/image\\\/\",\"url\":\"https:\\\/\\\/liraodonto.com.br\\\/wp-content\\\/uploads\\\/2016\\\/04\\\/cropped-cropped-lira_odonto_site.png\",\"contentUrl\":\"https:\\\/\\\/liraodonto.com.br\\\/wp-content\\\/uploads\\\/2016\\\/04\\\/cropped-cropped-lira_odonto_site.png\",\"width\":200,\"height\":46,\"caption\":\"Lira Odonto\"},\"image\":{\"@id\":\"https:\\\/\\\/liraodonto.com.br\\\/#\\\/schema\\\/logo\\\/image\\\/\"},\"sameAs\":[\"https:\\\/\\\/www.facebook.com\\\/liraodonto\\\/\",\"https:\\\/\\\/www.instagram.com\\\/liraodonto\\\/\"]}]}<\/script>\n<!-- \/ Yoast SEO plugin. -->","yoast_head_json":{"title":"Radiografia Digital - Lira Odonto","robots":{"index":"index","follow":"follow","max-snippet":"max-snippet:-1","max-image-preview":"max-image-preview:large","max-video-preview":"max-video-preview:-1"},"canonical":"https:\/\/liraodonto.com.br\/es\/tecnologia-2\/raio-x-digital\/","og_locale":"es_ES","og_type":"article","og_title":"Radiografia Digital - Lira Odonto","og_description":"A aquisi\u00e7\u00e3o de imagens radiogr\u00e1ficas por meio de sensores digitais representa um grande avan\u00e7o na \u00e1rea de diagn\u00f3stico&hellip; Continue reading &ldquo;Radiografia Digital&rdquo;&hellip;","og_url":"https:\/\/liraodonto.com.br\/es\/tecnologia-2\/raio-x-digital\/","og_site_name":"Lira Odonto","article_publisher":"https:\/\/www.facebook.com\/liraodonto\/","article_modified_time":"2017-01-11T20:48:41+00:00","og_image":[{"width":860,"height":555,"url":"https:\/\/liraodonto.com.br\/wp-content\/uploads\/2016\/06\/liraodonto_radiografia_panoramica.jpg","type":"image\/jpeg"}],"twitter_card":"summary_large_image","twitter_misc":{"Tiempo de lectura":"1 minuto"},"schema":{"@context":"https:\/\/schema.org","@graph":[{"@type":"WebPage","@id":"https:\/\/liraodonto.com.br\/tecnologia-2\/raio-x-digital\/","url":"https:\/\/liraodonto.com.br\/tecnologia-2\/raio-x-digital\/","name":"Radiografia Digital - Lira Odonto","isPartOf":{"@id":"https:\/\/liraodonto.com.br\/#website"},"primaryImageOfPage":{"@id":"https:\/\/liraodonto.com.br\/tecnologia-2\/raio-x-digital\/#primaryimage"},"image":{"@id":"https:\/\/liraodonto.com.br\/tecnologia-2\/raio-x-digital\/#primaryimage"},"thumbnailUrl":"https:\/\/liraodonto.com.br\/wp-content\/uploads\/2016\/06\/liraodonto_radiografia_panoramica.jpg","datePublished":"2016-07-08T18:22:14+00:00","dateModified":"2017-01-11T20:48:41+00:00","breadcrumb":{"@id":"https:\/\/liraodonto.com.br\/tecnologia-2\/raio-x-digital\/#breadcrumb"},"inLanguage":"es","potentialAction":[{"@type":"ReadAction","target":["https:\/\/liraodonto.com.br\/tecnologia-2\/raio-x-digital\/"]}]},{"@type":"ImageObject","inLanguage":"es","@id":"https:\/\/liraodonto.com.br\/tecnologia-2\/raio-x-digital\/#primaryimage","url":"https:\/\/liraodonto.com.br\/wp-content\/uploads\/2016\/06\/liraodonto_radiografia_panoramica.jpg","contentUrl":"https:\/\/liraodonto.com.br\/wp-content\/uploads\/2016\/06\/liraodonto_radiografia_panoramica.jpg","width":860,"height":555},{"@type":"BreadcrumbList","@id":"https:\/\/liraodonto.com.br\/tecnologia-2\/raio-x-digital\/#breadcrumb","itemListElement":[{"@type":"ListItem","position":1,"name":"In\u00edcio","item":"https:\/\/liraodonto.com.br\/"},{"@type":"ListItem","position":2,"name":"Tecnologia","item":"https:\/\/liraodonto.com.br\/tecnologia-2\/"},{"@type":"ListItem","position":3,"name":"Radiografia Digital"}]},{"@type":"WebSite","@id":"https:\/\/liraodonto.com.br\/#website","url":"https:\/\/liraodonto.com.br\/","name":"Lira Odonto","description":"","publisher":{"@id":"https:\/\/liraodonto.com.br\/#organization"},"potentialAction":[{"@type":"SearchAction","target":{"@type":"EntryPoint","urlTemplate":"https:\/\/liraodonto.com.br\/?s={search_term_string}"},"query-input":{"@type":"PropertyValueSpecification","valueRequired":true,"valueName":"search_term_string"}}],"inLanguage":"es"},{"@type":"Organization","@id":"https:\/\/liraodonto.com.br\/#organization","name":"Lira Odonto","url":"https:\/\/liraodonto.com.br\/","logo":{"@type":"ImageObject","inLanguage":"es","@id":"https:\/\/liraodonto.com.br\/#\/schema\/logo\/image\/","url":"https:\/\/liraodonto.com.br\/wp-content\/uploads\/2016\/04\/cropped-cropped-lira_odonto_site.png","contentUrl":"https:\/\/liraodonto.com.br\/wp-content\/uploads\/2016\/04\/cropped-cropped-lira_odonto_site.png","width":200,"height":46,"caption":"Lira Odonto"},"image":{"@id":"https:\/\/liraodonto.com.br\/#\/schema\/logo\/image\/"},"sameAs":["https:\/\/www.facebook.com\/liraodonto\/","https:\/\/www.instagram.com\/liraodonto\/"]}]}},"wps_subtitle":"","_links":{"self":[{"href":"https:\/\/liraodonto.com.br\/es\/wp-json\/wp\/v2\/pages\/2429","targetHints":{"allow":["GET"]}}],"collection":[{"href":"https:\/\/liraodonto.com.br\/es\/wp-json\/wp\/v2\/pages"}],"about":[{"href":"https:\/\/liraodonto.com.br\/es\/wp-json\/wp\/v2\/types\/page"}],"author":[{"embeddable":true,"href":"https:\/\/liraodonto.com.br\/es\/wp-json\/wp\/v2\/users\/1"}],"replies":[{"embeddable":true,"href":"https:\/\/liraodonto.com.br\/es\/wp-json\/wp\/v2\/comments?post=2429"}],"version-history":[{"count":7,"href":"https:\/\/liraodonto.com.br\/es\/wp-json\/wp\/v2\/pages\/2429\/revisions"}],"predecessor-version":[{"id":3022,"href":"https:\/\/liraodonto.com.br\/es\/wp-json\/wp\/v2\/pages\/2429\/revisions\/3022"}],"up":[{"embeddable":true,"href":"https:\/\/liraodonto.com.br\/es\/wp-json\/wp\/v2\/pages\/2423"}],"wp:featuredmedia":[{"embeddable":true,"href":"https:\/\/liraodonto.com.br\/es\/wp-json\/wp\/v2\/media\/2181"}],"wp:attachment":[{"href":"https:\/\/liraodonto.com.br\/es\/wp-json\/wp\/v2\/media?parent=2429"}],"curies":[{"name":"wp","href":"https:\/\/api.w.org\/{rel}","templated":true}]}}