{"id":2435,"date":"2016-07-08T18:33:03","date_gmt":"2016-07-08T18:33:03","guid":{"rendered":"https:\/\/liraodonto.com.br\/aprova\/?page_id=2435"},"modified":"2025-04-25T07:42:52","modified_gmt":"2025-04-25T10:42:52","slug":"dsd-digital-smile-design","status":"publish","type":"page","link":"https:\/\/liraodonto.com.br\/es\/tecnologia-2\/dsd-digital-smile-design\/","title":{"rendered":"DSD \u2013 Digital Smile Design"},"content":{"rendered":"<p>O Digital Smile Design \u00e9 uma ferramenta que veio para auxiliar os dentistas no planejamento dos tratamentos a serem executados.<\/p>\n<p>Por meio\u00a0dele \u00e9 poss\u00edvel mostrar ao paciente o planejamento est\u00e9tico e\u00a0as altera\u00e7\u00f5es necess\u00e1rias.<\/p>\n<p>Todo o tratamento \u00e9 realizado dentro do nosso est\u00fadio fotogr\u00e1fico, onde ap\u00f3s sess\u00f5es de fotografias intra e extra orais, o planejamento \u00e9 trabalhado atrav\u00e9s de desenhos e montado para an\u00e1lise do paciente.<\/p>\n<p>&nbsp;<\/p>","protected":false},"excerpt":{"rendered":"<div class=\"entry-summary\">\n<div class=\"entry-summary\">\nO Digital Smile Design \u00e9 uma ferramenta que veio para auxiliar os dentistas no planejamento dos tratamentos a&hellip;\n<\/div>\n<div class=\"link-more\"><a href=\"https:\/\/liraodonto.com.br\/es\/tecnologia-2\/dsd-digital-smile-design\/\" class=\"more-link\">Continue reading<span class=\"screen-reader-text\"> &ldquo;DSD &#8211; Digital Smile Design&rdquo;<\/span>&hellip;<\/a><\/div>\n<\/div>\n<div class=\"link-more\"><a href=\"https:\/\/liraodonto.com.br\/es\/tecnologia-2\/dsd-digital-smile-design\/\" class=\"more-link\">Continue reading<span class=\"screen-reader-text\"> &ldquo;DSD &#8211; Digital Smile Design&rdquo;<\/span>&hellip;<\/a><\/div>","protected":false},"author":1,"featured_media":2407,"parent":2423,"menu_order":2,"comment_status":"closed","ping_status":"closed","template":"templates\/with-sidebar.php","meta":{"_acf_changed":false,"_monsterinsights_skip_tracking":false,"_monsterinsights_sitenote_active":false,"_monsterinsights_sitenote_note":"","_monsterinsights_sitenote_category":0,"_joinchat":[],"footnotes":""},"class_list":["post-2435","page","type-page","status-publish","has-post-thumbnail","hentry","entry"],"acf":[],"yoast_head":"<!-- This site is optimized with the Yoast SEO plugin v27.5 - https:\/\/yoast.com\/product\/yoast-seo-wordpress\/ -->\n<title>DSD - Digital Smile Design - Lira Odonto<\/title>\n<meta name=\"robots\" content=\"index, follow, max-snippet:-1, max-image-preview:large, max-video-preview:-1\" \/>\n<link rel=\"canonical\" href=\"https:\/\/liraodonto.com.br\/es\/tecnologia-2\/dsd-digital-smile-design\/\" \/>\n<meta property=\"og:locale\" content=\"es_ES\" \/>\n<meta property=\"og:type\" content=\"article\" \/>\n<meta property=\"og:title\" content=\"DSD - Digital Smile Design - Lira Odonto\" \/>\n<meta property=\"og:description\" content=\"O Digital Smile Design \u00e9 uma ferramenta que veio para auxiliar os dentistas no planejamento dos tratamentos a&hellip; Continue reading &ldquo;DSD &#8211; Digital Smile Design&rdquo;&hellip;\" \/>\n<meta property=\"og:url\" content=\"https:\/\/liraodonto.com.br\/es\/tecnologia-2\/dsd-digital-smile-design\/\" \/>\n<meta property=\"og:site_name\" content=\"Lira Odonto\" \/>\n<meta property=\"article:publisher\" content=\"https:\/\/www.facebook.com\/liraodonto\/\" \/>\n<meta property=\"article:modified_time\" content=\"2025-04-25T10:42:52+00:00\" \/>\n<meta property=\"og:image\" content=\"https:\/\/liraodonto.com.br\/wp-content\/uploads\/2016\/07\/liraodonto_dsd_digitalSmileDesign.jpg\" \/>\n\t<meta property=\"og:image:width\" content=\"1920\" \/>\n\t<meta property=\"og:image:height\" content=\"1281\" \/>\n\t<meta property=\"og:image:type\" content=\"image\/jpeg\" \/>\n<meta name=\"twitter:card\" content=\"summary_large_image\" \/>\n<script type=\"application\/ld+json\" class=\"yoast-schema-graph\">{\"@context\":\"https:\\\/\\\/schema.org\",\"@graph\":[{\"@type\":\"WebPage\",\"@id\":\"https:\\\/\\\/liraodonto.com.br\\\/tecnologia-2\\\/dsd-digital-smile-design\\\/\",\"url\":\"https:\\\/\\\/liraodonto.com.br\\\/tecnologia-2\\\/dsd-digital-smile-design\\\/\",\"name\":\"DSD - Digital Smile Design - Lira Odonto\",\"isPartOf\":{\"@id\":\"https:\\\/\\\/liraodonto.com.br\\\/#website\"},\"primaryImageOfPage\":{\"@id\":\"https:\\\/\\\/liraodonto.com.br\\\/tecnologia-2\\\/dsd-digital-smile-design\\\/#primaryimage\"},\"image\":{\"@id\":\"https:\\\/\\\/liraodonto.com.br\\\/tecnologia-2\\\/dsd-digital-smile-design\\\/#primaryimage\"},\"thumbnailUrl\":\"https:\\\/\\\/liraodonto.com.br\\\/wp-content\\\/uploads\\\/2016\\\/07\\\/liraodonto_dsd_digitalSmileDesign.jpg\",\"datePublished\":\"2016-07-08T18:33:03+00:00\",\"dateModified\":\"2025-04-25T10:42:52+00:00\",\"breadcrumb\":{\"@id\":\"https:\\\/\\\/liraodonto.com.br\\\/tecnologia-2\\\/dsd-digital-smile-design\\\/#breadcrumb\"},\"inLanguage\":\"es\",\"potentialAction\":[{\"@type\":\"ReadAction\",\"target\":[\"https:\\\/\\\/liraodonto.com.br\\\/tecnologia-2\\\/dsd-digital-smile-design\\\/\"]}]},{\"@type\":\"ImageObject\",\"inLanguage\":\"es\",\"@id\":\"https:\\\/\\\/liraodonto.com.br\\\/tecnologia-2\\\/dsd-digital-smile-design\\\/#primaryimage\",\"url\":\"https:\\\/\\\/liraodonto.com.br\\\/wp-content\\\/uploads\\\/2016\\\/07\\\/liraodonto_dsd_digitalSmileDesign.jpg\",\"contentUrl\":\"https:\\\/\\\/liraodonto.com.br\\\/wp-content\\\/uploads\\\/2016\\\/07\\\/liraodonto_dsd_digitalSmileDesign.jpg\",\"width\":1920,\"height\":1281},{\"@type\":\"BreadcrumbList\",\"@id\":\"https:\\\/\\\/liraodonto.com.br\\\/tecnologia-2\\\/dsd-digital-smile-design\\\/#breadcrumb\",\"itemListElement\":[{\"@type\":\"ListItem\",\"position\":1,\"name\":\"In\u00edcio\",\"item\":\"https:\\\/\\\/liraodonto.com.br\\\/\"},{\"@type\":\"ListItem\",\"position\":2,\"name\":\"Tecnologia\",\"item\":\"https:\\\/\\\/liraodonto.com.br\\\/tecnologia-2\\\/\"},{\"@type\":\"ListItem\",\"position\":3,\"name\":\"DSD &#8211; Digital Smile Design\"}]},{\"@type\":\"WebSite\",\"@id\":\"https:\\\/\\\/liraodonto.com.br\\\/#website\",\"url\":\"https:\\\/\\\/liraodonto.com.br\\\/\",\"name\":\"Lira Odonto\",\"description\":\"\",\"publisher\":{\"@id\":\"https:\\\/\\\/liraodonto.com.br\\\/#organization\"},\"potentialAction\":[{\"@type\":\"SearchAction\",\"target\":{\"@type\":\"EntryPoint\",\"urlTemplate\":\"https:\\\/\\\/liraodonto.com.br\\\/?s={search_term_string}\"},\"query-input\":{\"@type\":\"PropertyValueSpecification\",\"valueRequired\":true,\"valueName\":\"search_term_string\"}}],\"inLanguage\":\"es\"},{\"@type\":\"Organization\",\"@id\":\"https:\\\/\\\/liraodonto.com.br\\\/#organization\",\"name\":\"Lira Odonto\",\"url\":\"https:\\\/\\\/liraodonto.com.br\\\/\",\"logo\":{\"@type\":\"ImageObject\",\"inLanguage\":\"es\",\"@id\":\"https:\\\/\\\/liraodonto.com.br\\\/#\\\/schema\\\/logo\\\/image\\\/\",\"url\":\"https:\\\/\\\/liraodonto.com.br\\\/wp-content\\\/uploads\\\/2016\\\/04\\\/cropped-cropped-lira_odonto_site.png\",\"contentUrl\":\"https:\\\/\\\/liraodonto.com.br\\\/wp-content\\\/uploads\\\/2016\\\/04\\\/cropped-cropped-lira_odonto_site.png\",\"width\":200,\"height\":46,\"caption\":\"Lira Odonto\"},\"image\":{\"@id\":\"https:\\\/\\\/liraodonto.com.br\\\/#\\\/schema\\\/logo\\\/image\\\/\"},\"sameAs\":[\"https:\\\/\\\/www.facebook.com\\\/liraodonto\\\/\",\"https:\\\/\\\/www.instagram.com\\\/liraodonto\\\/\"]}]}<\/script>\n<!-- \/ Yoast SEO plugin. -->","yoast_head_json":{"title":"DSD - Digital Smile Design - Lira Odonto","robots":{"index":"index","follow":"follow","max-snippet":"max-snippet:-1","max-image-preview":"max-image-preview:large","max-video-preview":"max-video-preview:-1"},"canonical":"https:\/\/liraodonto.com.br\/es\/tecnologia-2\/dsd-digital-smile-design\/","og_locale":"es_ES","og_type":"article","og_title":"DSD - Digital Smile Design - Lira Odonto","og_description":"O Digital Smile Design \u00e9 uma ferramenta que veio para auxiliar os dentistas no planejamento dos tratamentos a&hellip; Continue reading &ldquo;DSD &#8211; Digital Smile Design&rdquo;&hellip;","og_url":"https:\/\/liraodonto.com.br\/es\/tecnologia-2\/dsd-digital-smile-design\/","og_site_name":"Lira Odonto","article_publisher":"https:\/\/www.facebook.com\/liraodonto\/","article_modified_time":"2025-04-25T10:42:52+00:00","og_image":[{"width":1920,"height":1281,"url":"https:\/\/liraodonto.com.br\/wp-content\/uploads\/2016\/07\/liraodonto_dsd_digitalSmileDesign.jpg","type":"image\/jpeg"}],"twitter_card":"summary_large_image","schema":{"@context":"https:\/\/schema.org","@graph":[{"@type":"WebPage","@id":"https:\/\/liraodonto.com.br\/tecnologia-2\/dsd-digital-smile-design\/","url":"https:\/\/liraodonto.com.br\/tecnologia-2\/dsd-digital-smile-design\/","name":"DSD - Digital Smile Design - Lira Odonto","isPartOf":{"@id":"https:\/\/liraodonto.com.br\/#website"},"primaryImageOfPage":{"@id":"https:\/\/liraodonto.com.br\/tecnologia-2\/dsd-digital-smile-design\/#primaryimage"},"image":{"@id":"https:\/\/liraodonto.com.br\/tecnologia-2\/dsd-digital-smile-design\/#primaryimage"},"thumbnailUrl":"https:\/\/liraodonto.com.br\/wp-content\/uploads\/2016\/07\/liraodonto_dsd_digitalSmileDesign.jpg","datePublished":"2016-07-08T18:33:03+00:00","dateModified":"2025-04-25T10:42:52+00:00","breadcrumb":{"@id":"https:\/\/liraodonto.com.br\/tecnologia-2\/dsd-digital-smile-design\/#breadcrumb"},"inLanguage":"es","potentialAction":[{"@type":"ReadAction","target":["https:\/\/liraodonto.com.br\/tecnologia-2\/dsd-digital-smile-design\/"]}]},{"@type":"ImageObject","inLanguage":"es","@id":"https:\/\/liraodonto.com.br\/tecnologia-2\/dsd-digital-smile-design\/#primaryimage","url":"https:\/\/liraodonto.com.br\/wp-content\/uploads\/2016\/07\/liraodonto_dsd_digitalSmileDesign.jpg","contentUrl":"https:\/\/liraodonto.com.br\/wp-content\/uploads\/2016\/07\/liraodonto_dsd_digitalSmileDesign.jpg","width":1920,"height":1281},{"@type":"BreadcrumbList","@id":"https:\/\/liraodonto.com.br\/tecnologia-2\/dsd-digital-smile-design\/#breadcrumb","itemListElement":[{"@type":"ListItem","position":1,"name":"In\u00edcio","item":"https:\/\/liraodonto.com.br\/"},{"@type":"ListItem","position":2,"name":"Tecnologia","item":"https:\/\/liraodonto.com.br\/tecnologia-2\/"},{"@type":"ListItem","position":3,"name":"DSD &#8211; Digital Smile Design"}]},{"@type":"WebSite","@id":"https:\/\/liraodonto.com.br\/#website","url":"https:\/\/liraodonto.com.br\/","name":"Lira Odonto","description":"","publisher":{"@id":"https:\/\/liraodonto.com.br\/#organization"},"potentialAction":[{"@type":"SearchAction","target":{"@type":"EntryPoint","urlTemplate":"https:\/\/liraodonto.com.br\/?s={search_term_string}"},"query-input":{"@type":"PropertyValueSpecification","valueRequired":true,"valueName":"search_term_string"}}],"inLanguage":"es"},{"@type":"Organization","@id":"https:\/\/liraodonto.com.br\/#organization","name":"Lira Odonto","url":"https:\/\/liraodonto.com.br\/","logo":{"@type":"ImageObject","inLanguage":"es","@id":"https:\/\/liraodonto.com.br\/#\/schema\/logo\/image\/","url":"https:\/\/liraodonto.com.br\/wp-content\/uploads\/2016\/04\/cropped-cropped-lira_odonto_site.png","contentUrl":"https:\/\/liraodonto.com.br\/wp-content\/uploads\/2016\/04\/cropped-cropped-lira_odonto_site.png","width":200,"height":46,"caption":"Lira Odonto"},"image":{"@id":"https:\/\/liraodonto.com.br\/#\/schema\/logo\/image\/"},"sameAs":["https:\/\/www.facebook.com\/liraodonto\/","https:\/\/www.instagram.com\/liraodonto\/"]}]}},"wps_subtitle":"","_links":{"self":[{"href":"https:\/\/liraodonto.com.br\/es\/wp-json\/wp\/v2\/pages\/2435","targetHints":{"allow":["GET"]}}],"collection":[{"href":"https:\/\/liraodonto.com.br\/es\/wp-json\/wp\/v2\/pages"}],"about":[{"href":"https:\/\/liraodonto.com.br\/es\/wp-json\/wp\/v2\/types\/page"}],"author":[{"embeddable":true,"href":"https:\/\/liraodonto.com.br\/es\/wp-json\/wp\/v2\/users\/1"}],"replies":[{"embeddable":true,"href":"https:\/\/liraodonto.com.br\/es\/wp-json\/wp\/v2\/comments?post=2435"}],"version-history":[{"count":14,"href":"https:\/\/liraodonto.com.br\/es\/wp-json\/wp\/v2\/pages\/2435\/revisions"}],"predecessor-version":[{"id":5399,"href":"https:\/\/liraodonto.com.br\/es\/wp-json\/wp\/v2\/pages\/2435\/revisions\/5399"}],"up":[{"embeddable":true,"href":"https:\/\/liraodonto.com.br\/es\/wp-json\/wp\/v2\/pages\/2423"}],"wp:featuredmedia":[{"embeddable":true,"href":"https:\/\/liraodonto.com.br\/es\/wp-json\/wp\/v2\/media\/2407"}],"wp:attachment":[{"href":"https:\/\/liraodonto.com.br\/es\/wp-json\/wp\/v2\/media?parent=2435"}],"curies":[{"name":"wp","href":"https:\/\/api.w.org\/{rel}","templated":true}]}}