{"id":2446,"date":"2016-07-08T20:37:10","date_gmt":"2016-07-08T20:37:10","guid":{"rendered":"https:\/\/liraodonto.com.br\/aprova\/?page_id=2446"},"modified":"2025-03-12T16:28:39","modified_gmt":"2025-03-12T19:28:39","slug":"convenios","status":"publish","type":"page","link":"https:\/\/liraodonto.com.br\/es\/convenios\/","title":{"rendered":"Seguros Odontol\u00f3gicos"},"content":{"rendered":"<code>A Lira Odonto \u00e9 refer\u00eancia para planos odontol\u00f3gicos de primeira linha do mercado de odontologia.\n<\/code>\n\nVerifique a continuaci\u00f3n si Lira Odonto cumple con su tipo de seguro (o el seguro de su inter\u00e9s) y tenga acceso a la informaci\u00f3n necesaria para su servicio.<br \/>\nDocumentos necesarios para la asistencia:\n\n<ul>\n<li>documento con foto;<\/li>\n<li>tarjeta de identificaci\u00f3n del seguro odontol\u00f3gico, dentro de la fecha de vencimiento.<\/li>\n<\/ul>\n\nPara obtener informaci\u00f3n adicional, comun\u00edquese con nosotros al (11) 3373-4444 o <a href=\"https:\/\/liraodonto.com.br\/es\/fale-conosco\/\">clique aqui.<\/a>\n\n<img loading=\"lazy\" decoding=\"async\" src=\"..\/wp-content\/uploads\/2016\/07\/xx.png\" alt=\"\" width=\"508\" height=\"136\" \/>","protected":false},"excerpt":{"rendered":"<div class=\"entry-summary\">\n<div class=\"entry-summary\">\nA Lira Odonto \u00e9 refer\u00eancia para planos odontol\u00f3gicos de primeira linha do mercado de odontologia. Confira abaixo se&hellip;\n<\/div>\n<div class=\"link-more\"><a href=\"https:\/\/liraodonto.com.br\/es\/convenios\/\" class=\"more-link\">Continue reading<span class=\"screen-reader-text\"> &ldquo;Conv\u00eanios&rdquo;<\/span>&hellip;<\/a><\/div>\n<\/div>\n<div class=\"link-more\"><a href=\"https:\/\/liraodonto.com.br\/es\/convenios\/\" class=\"more-link\">Continue reading<span class=\"screen-reader-text\"> &ldquo;Conv\u00eanios&rdquo;<\/span>&hellip;<\/a><\/div>","protected":false},"author":1,"featured_media":0,"parent":0,"menu_order":0,"comment_status":"closed","ping_status":"closed","template":"","meta":{"_acf_changed":false,"_monsterinsights_skip_tracking":false,"_monsterinsights_sitenote_active":false,"_monsterinsights_sitenote_note":"","_monsterinsights_sitenote_category":0,"_joinchat":[],"footnotes":""},"class_list":["post-2446","page","type-page","status-publish","hentry","entry"],"acf":[],"yoast_head":"<!-- This site is optimized with the Yoast SEO plugin v27.5 - https:\/\/yoast.com\/product\/yoast-seo-wordpress\/ -->\n<title>Conv\u00eanios - Lira Odonto<\/title>\n<meta name=\"robots\" content=\"index, follow, max-snippet:-1, max-image-preview:large, max-video-preview:-1\" \/>\n<link rel=\"canonical\" href=\"https:\/\/liraodonto.com.br\/es\/convenios\/\" \/>\n<meta property=\"og:locale\" content=\"es_ES\" \/>\n<meta property=\"og:type\" content=\"article\" \/>\n<meta property=\"og:title\" content=\"Conv\u00eanios - Lira Odonto\" \/>\n<meta property=\"og:description\" content=\"A Lira Odonto \u00e9 refer\u00eancia para planos odontol\u00f3gicos de primeira linha do mercado de odontologia. Confira abaixo se&hellip; Continue reading &ldquo;Conv\u00eanios&rdquo;&hellip;\" \/>\n<meta property=\"og:url\" content=\"https:\/\/liraodonto.com.br\/es\/convenios\/\" \/>\n<meta property=\"og:site_name\" content=\"Lira Odonto\" \/>\n<meta property=\"article:publisher\" content=\"https:\/\/www.facebook.com\/liraodonto\/\" \/>\n<meta property=\"article:modified_time\" content=\"2025-03-12T19:28:39+00:00\" \/>\n<meta name=\"twitter:card\" content=\"summary_large_image\" \/>\n<meta name=\"twitter:label1\" content=\"Tiempo de lectura\" \/>\n\t<meta name=\"twitter:data1\" content=\"1 minuto\" \/>\n<script type=\"application\/ld+json\" class=\"yoast-schema-graph\">{\"@context\":\"https:\\\/\\\/schema.org\",\"@graph\":[{\"@type\":\"WebPage\",\"@id\":\"https:\\\/\\\/liraodonto.com.br\\\/convenios\\\/\",\"url\":\"https:\\\/\\\/liraodonto.com.br\\\/convenios\\\/\",\"name\":\"Conv\u00eanios - Lira Odonto\",\"isPartOf\":{\"@id\":\"https:\\\/\\\/liraodonto.com.br\\\/#website\"},\"datePublished\":\"2016-07-08T20:37:10+00:00\",\"dateModified\":\"2025-03-12T19:28:39+00:00\",\"breadcrumb\":{\"@id\":\"https:\\\/\\\/liraodonto.com.br\\\/convenios\\\/#breadcrumb\"},\"inLanguage\":\"es\",\"potentialAction\":[{\"@type\":\"ReadAction\",\"target\":[\"https:\\\/\\\/liraodonto.com.br\\\/convenios\\\/\"]}]},{\"@type\":\"BreadcrumbList\",\"@id\":\"https:\\\/\\\/liraodonto.com.br\\\/convenios\\\/#breadcrumb\",\"itemListElement\":[{\"@type\":\"ListItem\",\"position\":1,\"name\":\"In\u00edcio\",\"item\":\"https:\\\/\\\/liraodonto.com.br\\\/\"},{\"@type\":\"ListItem\",\"position\":2,\"name\":\"Conv\u00eanios\"}]},{\"@type\":\"WebSite\",\"@id\":\"https:\\\/\\\/liraodonto.com.br\\\/#website\",\"url\":\"https:\\\/\\\/liraodonto.com.br\\\/\",\"name\":\"Lira Odonto\",\"description\":\"\",\"publisher\":{\"@id\":\"https:\\\/\\\/liraodonto.com.br\\\/#organization\"},\"potentialAction\":[{\"@type\":\"SearchAction\",\"target\":{\"@type\":\"EntryPoint\",\"urlTemplate\":\"https:\\\/\\\/liraodonto.com.br\\\/?s={search_term_string}\"},\"query-input\":{\"@type\":\"PropertyValueSpecification\",\"valueRequired\":true,\"valueName\":\"search_term_string\"}}],\"inLanguage\":\"es\"},{\"@type\":\"Organization\",\"@id\":\"https:\\\/\\\/liraodonto.com.br\\\/#organization\",\"name\":\"Lira Odonto\",\"url\":\"https:\\\/\\\/liraodonto.com.br\\\/\",\"logo\":{\"@type\":\"ImageObject\",\"inLanguage\":\"es\",\"@id\":\"https:\\\/\\\/liraodonto.com.br\\\/#\\\/schema\\\/logo\\\/image\\\/\",\"url\":\"https:\\\/\\\/liraodonto.com.br\\\/wp-content\\\/uploads\\\/2016\\\/04\\\/cropped-cropped-lira_odonto_site.png\",\"contentUrl\":\"https:\\\/\\\/liraodonto.com.br\\\/wp-content\\\/uploads\\\/2016\\\/04\\\/cropped-cropped-lira_odonto_site.png\",\"width\":200,\"height\":46,\"caption\":\"Lira Odonto\"},\"image\":{\"@id\":\"https:\\\/\\\/liraodonto.com.br\\\/#\\\/schema\\\/logo\\\/image\\\/\"},\"sameAs\":[\"https:\\\/\\\/www.facebook.com\\\/liraodonto\\\/\",\"https:\\\/\\\/www.instagram.com\\\/liraodonto\\\/\"]}]}<\/script>\n<!-- \/ Yoast SEO plugin. -->","yoast_head_json":{"title":"Conv\u00eanios - Lira Odonto","robots":{"index":"index","follow":"follow","max-snippet":"max-snippet:-1","max-image-preview":"max-image-preview:large","max-video-preview":"max-video-preview:-1"},"canonical":"https:\/\/liraodonto.com.br\/es\/convenios\/","og_locale":"es_ES","og_type":"article","og_title":"Conv\u00eanios - Lira Odonto","og_description":"A Lira Odonto \u00e9 refer\u00eancia para planos odontol\u00f3gicos de primeira linha do mercado de odontologia. Confira abaixo se&hellip; Continue reading &ldquo;Conv\u00eanios&rdquo;&hellip;","og_url":"https:\/\/liraodonto.com.br\/es\/convenios\/","og_site_name":"Lira Odonto","article_publisher":"https:\/\/www.facebook.com\/liraodonto\/","article_modified_time":"2025-03-12T19:28:39+00:00","twitter_card":"summary_large_image","twitter_misc":{"Tiempo de lectura":"1 minuto"},"schema":{"@context":"https:\/\/schema.org","@graph":[{"@type":"WebPage","@id":"https:\/\/liraodonto.com.br\/convenios\/","url":"https:\/\/liraodonto.com.br\/convenios\/","name":"Conv\u00eanios - Lira Odonto","isPartOf":{"@id":"https:\/\/liraodonto.com.br\/#website"},"datePublished":"2016-07-08T20:37:10+00:00","dateModified":"2025-03-12T19:28:39+00:00","breadcrumb":{"@id":"https:\/\/liraodonto.com.br\/convenios\/#breadcrumb"},"inLanguage":"es","potentialAction":[{"@type":"ReadAction","target":["https:\/\/liraodonto.com.br\/convenios\/"]}]},{"@type":"BreadcrumbList","@id":"https:\/\/liraodonto.com.br\/convenios\/#breadcrumb","itemListElement":[{"@type":"ListItem","position":1,"name":"In\u00edcio","item":"https:\/\/liraodonto.com.br\/"},{"@type":"ListItem","position":2,"name":"Conv\u00eanios"}]},{"@type":"WebSite","@id":"https:\/\/liraodonto.com.br\/#website","url":"https:\/\/liraodonto.com.br\/","name":"Lira Odonto","description":"","publisher":{"@id":"https:\/\/liraodonto.com.br\/#organization"},"potentialAction":[{"@type":"SearchAction","target":{"@type":"EntryPoint","urlTemplate":"https:\/\/liraodonto.com.br\/?s={search_term_string}"},"query-input":{"@type":"PropertyValueSpecification","valueRequired":true,"valueName":"search_term_string"}}],"inLanguage":"es"},{"@type":"Organization","@id":"https:\/\/liraodonto.com.br\/#organization","name":"Lira Odonto","url":"https:\/\/liraodonto.com.br\/","logo":{"@type":"ImageObject","inLanguage":"es","@id":"https:\/\/liraodonto.com.br\/#\/schema\/logo\/image\/","url":"https:\/\/liraodonto.com.br\/wp-content\/uploads\/2016\/04\/cropped-cropped-lira_odonto_site.png","contentUrl":"https:\/\/liraodonto.com.br\/wp-content\/uploads\/2016\/04\/cropped-cropped-lira_odonto_site.png","width":200,"height":46,"caption":"Lira Odonto"},"image":{"@id":"https:\/\/liraodonto.com.br\/#\/schema\/logo\/image\/"},"sameAs":["https:\/\/www.facebook.com\/liraodonto\/","https:\/\/www.instagram.com\/liraodonto\/"]}]}},"wps_subtitle":"","_links":{"self":[{"href":"https:\/\/liraodonto.com.br\/es\/wp-json\/wp\/v2\/pages\/2446","targetHints":{"allow":["GET"]}}],"collection":[{"href":"https:\/\/liraodonto.com.br\/es\/wp-json\/wp\/v2\/pages"}],"about":[{"href":"https:\/\/liraodonto.com.br\/es\/wp-json\/wp\/v2\/types\/page"}],"author":[{"embeddable":true,"href":"https:\/\/liraodonto.com.br\/es\/wp-json\/wp\/v2\/users\/1"}],"replies":[{"embeddable":true,"href":"https:\/\/liraodonto.com.br\/es\/wp-json\/wp\/v2\/comments?post=2446"}],"version-history":[{"count":20,"href":"https:\/\/liraodonto.com.br\/es\/wp-json\/wp\/v2\/pages\/2446\/revisions"}],"predecessor-version":[{"id":5324,"href":"https:\/\/liraodonto.com.br\/es\/wp-json\/wp\/v2\/pages\/2446\/revisions\/5324"}],"wp:attachment":[{"href":"https:\/\/liraodonto.com.br\/es\/wp-json\/wp\/v2\/media?parent=2446"}],"curies":[{"name":"wp","href":"https:\/\/api.w.org\/{rel}","templated":true}]}}