{"id":2503,"date":"2016-01-02T22:57:20","date_gmt":"2016-01-02T22:57:20","guid":{"rendered":"http:\/\/themedemos.webmandesign.eu\/polyclinic\/?page_id=86"},"modified":"2026-03-30T08:20:19","modified_gmt":"2026-03-30T11:20:19","slug":"a-lira-odonto","status":"publish","type":"page","link":"https:\/\/liraodonto.com.br\/es\/a-lira-odonto\/","title":{"rendered":"A Lira Odonto"},"content":{"rendered":"<h2><strong>Lira Odonto cuida de usted<\/strong><\/h2>\n\t<p>Una hermosa sonrisa revela lo mejor de ti. Ser capaz de llevar la vida de una manera ligera y agradable es suficiente raz\u00f3n para sonre\u00edr. Una sonrisa despreocupada, desinhibida y contagiosa puede ser intensa y duradera cuando est\u00e1 bien cuidada.<\/p>\n<p>La <strong>Lira Odonto<\/strong> naci\u00f3 con el prop\u00f3sito de restaurar hermosas sonrisas y cuidar la salud bucal, prestando atenci\u00f3n al bienestar de sus pacientes con toda la comodidad y el confort que cada uno necesita y merece.<\/p>\n<p>Com duas unidades em S\u00e3o Paulo, desde 2009, oferece atendimento adequado \u00e0s necessidades de seus pacientes, com <a href=\"https:\/\/liraodonto.com.br\/es\/especialidades\/\">soluciones completas<\/a> e integradas, en un <a href=\"https:\/\/liraodonto.com.br\/es\/a-lira-odonto\/estrutura\/\">ambiente acogedor<\/a> que es capaz de transformar el miedo de ir al dentista en el placer de estar con \u00e9l.<\/p>\n<figure itemscope itemtype=\"https:\/\/schema.org\/ImageObject\">\n\t\t\t\t<img decoding=\"async\" src=\"https:\/\/liraodonto.com.br\/wp-content\/uploads\/2015\/09\/liraodonto_quemsomos.jpg\" alt=\"liraodonto_quemsomos\" height=\"320\" width=\"550\" title=\"liraodonto_quemsomos\" onerror=\"this.style.display='none'\" loading=\"lazy\" \/>\n\t<\/figure>\n\t<h2>NUESTRA FILOSOFIA<\/h2>\nCreemos en la salud oral como una forma de bienestar de las personas. Despu\u00e9s de todo, \u00a1una boca sana y hermosa eleva la autoestima!<br \/>\nUna hermosa sonrisa debe estar al alcance de todos. Por eso ofrecemos las principales <a href=\"https:\/\/liraodonto.com.br\/es\/tratamentos\/\">especialidades odontol\u00f3gicas<\/a> en un solo lugar, con altos est\u00e1ndares de calidad y m\u00faltiples opciones de pago. Nuestra filosof\u00eda de trabajo se basa en:\n\t<h2>Profesionalidad<\/h2>\n<p>Los dentistas de Lira Odonto son, ante todo, personas que tratan a personas. Profesionales cuidadosos y dedicados son supervisados por especialistas altamente capacitados y administran su tratamiento con t\u00e9cnicas y procedimientos de vanguardia.<\/p>\n\t<h3>Est\u00e1ndar de calidad<\/h3>\n<p>Nuestro est\u00e1ndar de calidad abarca actividades administrativas y dentales. El paciente se dar\u00e1 cuenta de esta calidad en todo momento. Es por eso que nuestros procesos est\u00e1n cuidadosamente dise\u00f1ados y respaldados por capacitaci\u00f3n, rutinas y sistemas que aseguran una experiencia de atenci\u00f3n superior.<\/p>\n\t<h3>Odontolog\u00eda integrada<\/h3>\n<p>La integraci\u00f3n de las especialidades de Lira Odonto permite la coordinaci\u00f3n completa de los tratamientos realizados. Desde la limpieza dental hasta los implantes complejos, siempre vemos al paciente por completo. Esto significa una mayor comunicaci\u00f3n entre profesionales, lo que resulta en tratamientos m\u00e1s efectivos y coordinados y una mayor comodidad para el paciente.<\/p>\n\t<h3>Control del paciente<\/h3>\n<p>En Lira Odonto, todo est\u00e1 dise\u00f1ado para brindar al paciente un mayor control sobre su propio tratamiento. Como resultado, ofrecemos una variedad de opciones de horario, excelente ubicaci\u00f3n y varias opciones de contacto. En Lira Odonto, el paciente nunca es tomado por sorpresa, siempre actuamos con claridad y transparencia.<\/p>","protected":false},"excerpt":{"rendered":"<div class=\"entry-summary\">\n<div class=\"entry-summary\">\nA Lira Odonto cuida de voc\u00ea Um belo sorriso revela o que h\u00e1 de melhor em voc\u00ea. Poder&hellip;\n<\/div>\n<div class=\"link-more\"><a href=\"https:\/\/liraodonto.com.br\/es\/a-lira-odonto\/\" class=\"more-link\">Continue reading<span class=\"screen-reader-text\"> &ldquo;A Lira Odonto&rdquo;<\/span>&hellip;<\/a><\/div>\n<\/div>\n<div class=\"link-more\"><a href=\"https:\/\/liraodonto.com.br\/es\/a-lira-odonto\/\" class=\"more-link\">Continue reading<span class=\"screen-reader-text\"> &ldquo;A Lira Odonto&rdquo;<\/span>&hellip;<\/a><\/div>","protected":false},"author":1,"featured_media":0,"parent":0,"menu_order":13,"comment_status":"closed","ping_status":"closed","template":"templates\/no-title.php","meta":{"_acf_changed":false,"_monsterinsights_skip_tracking":false,"_monsterinsights_sitenote_active":false,"_monsterinsights_sitenote_note":"","_monsterinsights_sitenote_category":0,"_joinchat":[],"footnotes":""},"class_list":["post-2503","page","type-page","status-publish","hentry","entry"],"acf":[],"yoast_head":"<!-- This site is optimized with the Yoast SEO plugin v27.5 - https:\/\/yoast.com\/product\/yoast-seo-wordpress\/ -->\n<title>A Lira Odonto - Lira Odonto<\/title>\n<meta name=\"robots\" content=\"index, follow, max-snippet:-1, max-image-preview:large, max-video-preview:-1\" \/>\n<link rel=\"canonical\" href=\"https:\/\/liraodonto.com.br\/es\/a-lira-odonto\/\" \/>\n<meta property=\"og:locale\" content=\"es_ES\" \/>\n<meta property=\"og:type\" content=\"article\" \/>\n<meta property=\"og:title\" content=\"A Lira Odonto - Lira Odonto\" \/>\n<meta property=\"og:description\" content=\"A Lira Odonto cuida de voc\u00ea Um belo sorriso revela o que h\u00e1 de melhor em voc\u00ea. Poder&hellip; Continue reading &ldquo;A Lira Odonto&rdquo;&hellip;\" \/>\n<meta property=\"og:url\" content=\"https:\/\/liraodonto.com.br\/es\/a-lira-odonto\/\" \/>\n<meta property=\"og:site_name\" content=\"Lira Odonto\" \/>\n<meta property=\"article:publisher\" content=\"https:\/\/www.facebook.com\/liraodonto\/\" \/>\n<meta property=\"article:modified_time\" content=\"2026-03-30T11:20:19+00:00\" \/>\n<meta property=\"og:image\" content=\"https:\/\/liraodonto.com.br\/wp-content\/uploads\/2015\/09\/liraodonto_quemsomos.jpg\" \/>\n<meta name=\"twitter:card\" content=\"summary_large_image\" \/>\n<meta name=\"twitter:label1\" content=\"Tiempo de lectura\" \/>\n\t<meta name=\"twitter:data1\" content=\"2 minutos\" \/>\n<script type=\"application\/ld+json\" class=\"yoast-schema-graph\">{\"@context\":\"https:\\\/\\\/schema.org\",\"@graph\":[{\"@type\":\"WebPage\",\"@id\":\"https:\\\/\\\/liraodonto.com.br\\\/a-lira-odonto\\\/\",\"url\":\"https:\\\/\\\/liraodonto.com.br\\\/a-lira-odonto\\\/\",\"name\":\"A Lira Odonto - Lira Odonto\",\"isPartOf\":{\"@id\":\"https:\\\/\\\/liraodonto.com.br\\\/#website\"},\"primaryImageOfPage\":{\"@id\":\"https:\\\/\\\/liraodonto.com.br\\\/a-lira-odonto\\\/#primaryimage\"},\"image\":{\"@id\":\"https:\\\/\\\/liraodonto.com.br\\\/a-lira-odonto\\\/#primaryimage\"},\"thumbnailUrl\":\"https:\\\/\\\/liraodonto.com.br\\\/wp-content\\\/uploads\\\/2015\\\/09\\\/liraodonto_quemsomos.jpg\",\"datePublished\":\"2016-01-02T22:57:20+00:00\",\"dateModified\":\"2026-03-30T11:20:19+00:00\",\"breadcrumb\":{\"@id\":\"https:\\\/\\\/liraodonto.com.br\\\/a-lira-odonto\\\/#breadcrumb\"},\"inLanguage\":\"es\",\"potentialAction\":[{\"@type\":\"ReadAction\",\"target\":[\"https:\\\/\\\/liraodonto.com.br\\\/a-lira-odonto\\\/\"]}]},{\"@type\":\"ImageObject\",\"inLanguage\":\"es\",\"@id\":\"https:\\\/\\\/liraodonto.com.br\\\/a-lira-odonto\\\/#primaryimage\",\"url\":\"https:\\\/\\\/liraodonto.com.br\\\/wp-content\\\/uploads\\\/2015\\\/09\\\/liraodonto_quemsomos.jpg\",\"contentUrl\":\"https:\\\/\\\/liraodonto.com.br\\\/wp-content\\\/uploads\\\/2015\\\/09\\\/liraodonto_quemsomos.jpg\"},{\"@type\":\"BreadcrumbList\",\"@id\":\"https:\\\/\\\/liraodonto.com.br\\\/a-lira-odonto\\\/#breadcrumb\",\"itemListElement\":[{\"@type\":\"ListItem\",\"position\":1,\"name\":\"In\u00edcio\",\"item\":\"https:\\\/\\\/liraodonto.com.br\\\/\"},{\"@type\":\"ListItem\",\"position\":2,\"name\":\"A Lira Odonto\"}]},{\"@type\":\"WebSite\",\"@id\":\"https:\\\/\\\/liraodonto.com.br\\\/#website\",\"url\":\"https:\\\/\\\/liraodonto.com.br\\\/\",\"name\":\"Lira Odonto\",\"description\":\"\",\"publisher\":{\"@id\":\"https:\\\/\\\/liraodonto.com.br\\\/#organization\"},\"potentialAction\":[{\"@type\":\"SearchAction\",\"target\":{\"@type\":\"EntryPoint\",\"urlTemplate\":\"https:\\\/\\\/liraodonto.com.br\\\/?s={search_term_string}\"},\"query-input\":{\"@type\":\"PropertyValueSpecification\",\"valueRequired\":true,\"valueName\":\"search_term_string\"}}],\"inLanguage\":\"es\"},{\"@type\":\"Organization\",\"@id\":\"https:\\\/\\\/liraodonto.com.br\\\/#organization\",\"name\":\"Lira Odonto\",\"url\":\"https:\\\/\\\/liraodonto.com.br\\\/\",\"logo\":{\"@type\":\"ImageObject\",\"inLanguage\":\"es\",\"@id\":\"https:\\\/\\\/liraodonto.com.br\\\/#\\\/schema\\\/logo\\\/image\\\/\",\"url\":\"https:\\\/\\\/liraodonto.com.br\\\/wp-content\\\/uploads\\\/2016\\\/04\\\/cropped-cropped-lira_odonto_site.png\",\"contentUrl\":\"https:\\\/\\\/liraodonto.com.br\\\/wp-content\\\/uploads\\\/2016\\\/04\\\/cropped-cropped-lira_odonto_site.png\",\"width\":200,\"height\":46,\"caption\":\"Lira Odonto\"},\"image\":{\"@id\":\"https:\\\/\\\/liraodonto.com.br\\\/#\\\/schema\\\/logo\\\/image\\\/\"},\"sameAs\":[\"https:\\\/\\\/www.facebook.com\\\/liraodonto\\\/\",\"https:\\\/\\\/www.instagram.com\\\/liraodonto\\\/\"]}]}<\/script>\n<!-- \/ Yoast SEO plugin. -->","yoast_head_json":{"title":"A Lira Odonto - Lira Odonto","robots":{"index":"index","follow":"follow","max-snippet":"max-snippet:-1","max-image-preview":"max-image-preview:large","max-video-preview":"max-video-preview:-1"},"canonical":"https:\/\/liraodonto.com.br\/es\/a-lira-odonto\/","og_locale":"es_ES","og_type":"article","og_title":"A Lira Odonto - Lira Odonto","og_description":"A Lira Odonto cuida de voc\u00ea Um belo sorriso revela o que h\u00e1 de melhor em voc\u00ea. Poder&hellip; Continue reading &ldquo;A Lira Odonto&rdquo;&hellip;","og_url":"https:\/\/liraodonto.com.br\/es\/a-lira-odonto\/","og_site_name":"Lira Odonto","article_publisher":"https:\/\/www.facebook.com\/liraodonto\/","article_modified_time":"2026-03-30T11:20:19+00:00","og_image":[{"url":"https:\/\/liraodonto.com.br\/wp-content\/uploads\/2015\/09\/liraodonto_quemsomos.jpg","type":"","width":"","height":""}],"twitter_card":"summary_large_image","twitter_misc":{"Tiempo de lectura":"2 minutos"},"schema":{"@context":"https:\/\/schema.org","@graph":[{"@type":"WebPage","@id":"https:\/\/liraodonto.com.br\/a-lira-odonto\/","url":"https:\/\/liraodonto.com.br\/a-lira-odonto\/","name":"A Lira Odonto - Lira Odonto","isPartOf":{"@id":"https:\/\/liraodonto.com.br\/#website"},"primaryImageOfPage":{"@id":"https:\/\/liraodonto.com.br\/a-lira-odonto\/#primaryimage"},"image":{"@id":"https:\/\/liraodonto.com.br\/a-lira-odonto\/#primaryimage"},"thumbnailUrl":"https:\/\/liraodonto.com.br\/wp-content\/uploads\/2015\/09\/liraodonto_quemsomos.jpg","datePublished":"2016-01-02T22:57:20+00:00","dateModified":"2026-03-30T11:20:19+00:00","breadcrumb":{"@id":"https:\/\/liraodonto.com.br\/a-lira-odonto\/#breadcrumb"},"inLanguage":"es","potentialAction":[{"@type":"ReadAction","target":["https:\/\/liraodonto.com.br\/a-lira-odonto\/"]}]},{"@type":"ImageObject","inLanguage":"es","@id":"https:\/\/liraodonto.com.br\/a-lira-odonto\/#primaryimage","url":"https:\/\/liraodonto.com.br\/wp-content\/uploads\/2015\/09\/liraodonto_quemsomos.jpg","contentUrl":"https:\/\/liraodonto.com.br\/wp-content\/uploads\/2015\/09\/liraodonto_quemsomos.jpg"},{"@type":"BreadcrumbList","@id":"https:\/\/liraodonto.com.br\/a-lira-odonto\/#breadcrumb","itemListElement":[{"@type":"ListItem","position":1,"name":"In\u00edcio","item":"https:\/\/liraodonto.com.br\/"},{"@type":"ListItem","position":2,"name":"A Lira Odonto"}]},{"@type":"WebSite","@id":"https:\/\/liraodonto.com.br\/#website","url":"https:\/\/liraodonto.com.br\/","name":"Lira Odonto","description":"","publisher":{"@id":"https:\/\/liraodonto.com.br\/#organization"},"potentialAction":[{"@type":"SearchAction","target":{"@type":"EntryPoint","urlTemplate":"https:\/\/liraodonto.com.br\/?s={search_term_string}"},"query-input":{"@type":"PropertyValueSpecification","valueRequired":true,"valueName":"search_term_string"}}],"inLanguage":"es"},{"@type":"Organization","@id":"https:\/\/liraodonto.com.br\/#organization","name":"Lira Odonto","url":"https:\/\/liraodonto.com.br\/","logo":{"@type":"ImageObject","inLanguage":"es","@id":"https:\/\/liraodonto.com.br\/#\/schema\/logo\/image\/","url":"https:\/\/liraodonto.com.br\/wp-content\/uploads\/2016\/04\/cropped-cropped-lira_odonto_site.png","contentUrl":"https:\/\/liraodonto.com.br\/wp-content\/uploads\/2016\/04\/cropped-cropped-lira_odonto_site.png","width":200,"height":46,"caption":"Lira Odonto"},"image":{"@id":"https:\/\/liraodonto.com.br\/#\/schema\/logo\/image\/"},"sameAs":["https:\/\/www.facebook.com\/liraodonto\/","https:\/\/www.instagram.com\/liraodonto\/"]}]}},"wps_subtitle":"","_links":{"self":[{"href":"https:\/\/liraodonto.com.br\/es\/wp-json\/wp\/v2\/pages\/2503","targetHints":{"allow":["GET"]}}],"collection":[{"href":"https:\/\/liraodonto.com.br\/es\/wp-json\/wp\/v2\/pages"}],"about":[{"href":"https:\/\/liraodonto.com.br\/es\/wp-json\/wp\/v2\/types\/page"}],"author":[{"embeddable":true,"href":"https:\/\/liraodonto.com.br\/es\/wp-json\/wp\/v2\/users\/1"}],"replies":[{"embeddable":true,"href":"https:\/\/liraodonto.com.br\/es\/wp-json\/wp\/v2\/comments?post=2503"}],"version-history":[{"count":18,"href":"https:\/\/liraodonto.com.br\/es\/wp-json\/wp\/v2\/pages\/2503\/revisions"}],"predecessor-version":[{"id":5434,"href":"https:\/\/liraodonto.com.br\/es\/wp-json\/wp\/v2\/pages\/2503\/revisions\/5434"}],"wp:attachment":[{"href":"https:\/\/liraodonto.com.br\/es\/wp-json\/wp\/v2\/media?parent=2503"}],"curies":[{"name":"wp","href":"https:\/\/api.w.org\/{rel}","templated":true}]}}