{"id":2845,"date":"2016-12-08T15:05:56","date_gmt":"2016-12-08T15:05:56","guid":{"rendered":"https:\/\/liraodonto.com.br\/aprova\/?page_id=2845"},"modified":"2017-02-07T00:02:39","modified_gmt":"2017-02-07T00:02:39","slug":"clareamento","status":"publish","type":"page","link":"https:\/\/liraodonto.com.br\/es\/tratamentos\/clareamento\/","title":{"rendered":"Blanqueamiento Dental"},"content":{"rendered":"<h2><span style=\"font-family: din1451; color: #4f8abe;\">\u00bfQu\u00e9 es el blanqueamiento dental?<\/span><\/h2>\n<p>El blanqueamiento dental es el proceso utilizado para hacer que sus dientes sean m\u00e1s claros que su color original, haci\u00e9ndolos m\u00e1s blancos y, por lo tanto, m\u00e1s agradables a la vista.<\/p>\n<p>Sabemos que con el tiempo los dientes muestran pigmentaci\u00f3n (manchas), causadas en gran medida por ciertos alimentos, bebidas y \/ o h\u00e1bitos, como los cigarrillos. Este proceso ayuda a eliminar estos pigmentos, proporcionando una sonrisa m\u00e1s bonita.<\/p>\n<h4><span style=\"font-family: din1451;\"><span style=\"color: #808080;\">Beneficios:<\/span><\/span><\/h4>\n<p>Los patrones est\u00e9ticos han cambiado con los a\u00f1os. Hoy el nivel de claridad de los dientes es parte del repertorio de los signos de belleza. En este sentido, los pacientes obtienen algunos beneficios, como:<\/p>\n<ul>\n<li>Mejora est\u00e9tica;<\/li>\n<li>Autoconfianza;<\/li>\n<li>Sensaci\u00f3n rejuvenecedora<\/li>\n<\/ul>\n<h4><span style=\"font-family: din1451; color: #808080;\">Riscos por falta de tratamento.<\/span><\/h4>\n<p>No existen riesgos para la salud con la falta de tratamiento del oscurecimiento de los dientes. Sin embargo, hay personas que son m\u00e1s sensibles al deterioro est\u00e9tico, que pueden tener problemas de socializaci\u00f3n y autoestima.<\/p>\n<p><span style=\"color: #808080; font-family: din1451; font-size: 18pt;\">Cuidados<\/span><\/p>\n<p>Las precauciones que se deben tomar despu\u00e9s del blanqueamiento son las mismas para mantener una boca sana, como cepillarse los dientes al menos tres veces al d\u00eda; hilo dental; hacer revisiones peri\u00f3dicas en el dentista; preferir alimentos saludables a los alimentos procesados con colorantes.<\/p>","protected":false},"excerpt":{"rendered":"<div class=\"entry-summary\">\n<div class=\"entry-summary\">\nO clareamento visa que os dentes adquiram uma cor mais branca e, portanto, mais agrad\u00e1vel \u00e0 vista.\n<\/div>\n<div class=\"link-more\"><a href=\"https:\/\/liraodonto.com.br\/es\/tratamentos\/clareamento\/\" class=\"more-link\">Continue reading<span class=\"screen-reader-text\"> &ldquo;Clareamento Dental&rdquo;<\/span>&hellip;<\/a><\/div>\n<\/div>\n<div class=\"link-more\"><a href=\"https:\/\/liraodonto.com.br\/es\/tratamentos\/clareamento\/\" class=\"more-link\">Continue reading<span class=\"screen-reader-text\"> &ldquo;Clareamento Dental&rdquo;<\/span>&hellip;<\/a><\/div>","protected":false},"author":1,"featured_media":2947,"parent":1051,"menu_order":31,"comment_status":"closed","ping_status":"closed","template":"templates\/with-sidebar.php","meta":{"_acf_changed":false,"_monsterinsights_skip_tracking":false,"_monsterinsights_sitenote_active":false,"_monsterinsights_sitenote_note":"","_monsterinsights_sitenote_category":0,"_joinchat":[],"footnotes":""},"class_list":["post-2845","page","type-page","status-publish","has-post-thumbnail","hentry","entry"],"acf":[],"yoast_head":"<!-- This site is optimized with the Yoast SEO plugin v27.5 - https:\/\/yoast.com\/product\/yoast-seo-wordpress\/ -->\n<title>Clareamento Dental - Lira Odonto<\/title>\n<meta name=\"robots\" content=\"index, follow, max-snippet:-1, max-image-preview:large, max-video-preview:-1\" \/>\n<link rel=\"canonical\" href=\"https:\/\/liraodonto.com.br\/es\/tratamentos\/clareamento\/\" \/>\n<meta property=\"og:locale\" content=\"es_ES\" \/>\n<meta property=\"og:type\" content=\"article\" \/>\n<meta property=\"og:title\" content=\"Clareamento Dental - Lira Odonto\" \/>\n<meta property=\"og:description\" content=\"O clareamento visa que os dentes adquiram uma cor mais branca e, portanto, mais agrad\u00e1vel \u00e0 vista. Continue reading &ldquo;Clareamento Dental&rdquo;&hellip;\" \/>\n<meta property=\"og:url\" content=\"https:\/\/liraodonto.com.br\/es\/tratamentos\/clareamento\/\" \/>\n<meta property=\"og:site_name\" content=\"Lira Odonto\" \/>\n<meta property=\"article:publisher\" content=\"https:\/\/www.facebook.com\/liraodonto\/\" \/>\n<meta property=\"article:modified_time\" content=\"2017-02-07T00:02:39+00:00\" \/>\n<meta property=\"og:image\" content=\"https:\/\/liraodonto.com.br\/wp-content\/uploads\/2016\/12\/clareamento.jpg\" \/>\n\t<meta property=\"og:image:width\" content=\"1640\" \/>\n\t<meta property=\"og:image:height\" content=\"547\" \/>\n\t<meta property=\"og:image:type\" content=\"image\/jpeg\" \/>\n<meta name=\"twitter:card\" content=\"summary_large_image\" \/>\n<meta name=\"twitter:label1\" content=\"Tiempo de lectura\" \/>\n\t<meta name=\"twitter:data1\" content=\"1 minuto\" \/>\n<script type=\"application\/ld+json\" class=\"yoast-schema-graph\">{\"@context\":\"https:\\\/\\\/schema.org\",\"@graph\":[{\"@type\":\"WebPage\",\"@id\":\"https:\\\/\\\/liraodonto.com.br\\\/tratamentos\\\/clareamento\\\/\",\"url\":\"https:\\\/\\\/liraodonto.com.br\\\/tratamentos\\\/clareamento\\\/\",\"name\":\"Clareamento Dental - Lira Odonto\",\"isPartOf\":{\"@id\":\"https:\\\/\\\/liraodonto.com.br\\\/#website\"},\"primaryImageOfPage\":{\"@id\":\"https:\\\/\\\/liraodonto.com.br\\\/tratamentos\\\/clareamento\\\/#primaryimage\"},\"image\":{\"@id\":\"https:\\\/\\\/liraodonto.com.br\\\/tratamentos\\\/clareamento\\\/#primaryimage\"},\"thumbnailUrl\":\"https:\\\/\\\/liraodonto.com.br\\\/wp-content\\\/uploads\\\/2016\\\/12\\\/clareamento.jpg\",\"datePublished\":\"2016-12-08T15:05:56+00:00\",\"dateModified\":\"2017-02-07T00:02:39+00:00\",\"breadcrumb\":{\"@id\":\"https:\\\/\\\/liraodonto.com.br\\\/tratamentos\\\/clareamento\\\/#breadcrumb\"},\"inLanguage\":\"es\",\"potentialAction\":[{\"@type\":\"ReadAction\",\"target\":[\"https:\\\/\\\/liraodonto.com.br\\\/tratamentos\\\/clareamento\\\/\"]}]},{\"@type\":\"ImageObject\",\"inLanguage\":\"es\",\"@id\":\"https:\\\/\\\/liraodonto.com.br\\\/tratamentos\\\/clareamento\\\/#primaryimage\",\"url\":\"https:\\\/\\\/liraodonto.com.br\\\/wp-content\\\/uploads\\\/2016\\\/12\\\/clareamento.jpg\",\"contentUrl\":\"https:\\\/\\\/liraodonto.com.br\\\/wp-content\\\/uploads\\\/2016\\\/12\\\/clareamento.jpg\",\"width\":1640,\"height\":547},{\"@type\":\"BreadcrumbList\",\"@id\":\"https:\\\/\\\/liraodonto.com.br\\\/tratamentos\\\/clareamento\\\/#breadcrumb\",\"itemListElement\":[{\"@type\":\"ListItem\",\"position\":1,\"name\":\"In\u00edcio\",\"item\":\"https:\\\/\\\/liraodonto.com.br\\\/\"},{\"@type\":\"ListItem\",\"position\":2,\"name\":\"Tratamentos\",\"item\":\"https:\\\/\\\/liraodonto.com.br\\\/tratamentos\\\/\"},{\"@type\":\"ListItem\",\"position\":3,\"name\":\"Clareamento Dental\"}]},{\"@type\":\"WebSite\",\"@id\":\"https:\\\/\\\/liraodonto.com.br\\\/#website\",\"url\":\"https:\\\/\\\/liraodonto.com.br\\\/\",\"name\":\"Lira Odonto\",\"description\":\"\",\"publisher\":{\"@id\":\"https:\\\/\\\/liraodonto.com.br\\\/#organization\"},\"potentialAction\":[{\"@type\":\"SearchAction\",\"target\":{\"@type\":\"EntryPoint\",\"urlTemplate\":\"https:\\\/\\\/liraodonto.com.br\\\/?s={search_term_string}\"},\"query-input\":{\"@type\":\"PropertyValueSpecification\",\"valueRequired\":true,\"valueName\":\"search_term_string\"}}],\"inLanguage\":\"es\"},{\"@type\":\"Organization\",\"@id\":\"https:\\\/\\\/liraodonto.com.br\\\/#organization\",\"name\":\"Lira Odonto\",\"url\":\"https:\\\/\\\/liraodonto.com.br\\\/\",\"logo\":{\"@type\":\"ImageObject\",\"inLanguage\":\"es\",\"@id\":\"https:\\\/\\\/liraodonto.com.br\\\/#\\\/schema\\\/logo\\\/image\\\/\",\"url\":\"https:\\\/\\\/liraodonto.com.br\\\/wp-content\\\/uploads\\\/2016\\\/04\\\/cropped-cropped-lira_odonto_site.png\",\"contentUrl\":\"https:\\\/\\\/liraodonto.com.br\\\/wp-content\\\/uploads\\\/2016\\\/04\\\/cropped-cropped-lira_odonto_site.png\",\"width\":200,\"height\":46,\"caption\":\"Lira Odonto\"},\"image\":{\"@id\":\"https:\\\/\\\/liraodonto.com.br\\\/#\\\/schema\\\/logo\\\/image\\\/\"},\"sameAs\":[\"https:\\\/\\\/www.facebook.com\\\/liraodonto\\\/\",\"https:\\\/\\\/www.instagram.com\\\/liraodonto\\\/\"]}]}<\/script>\n<!-- \/ Yoast SEO plugin. -->","yoast_head_json":{"title":"Clareamento Dental - Lira Odonto","robots":{"index":"index","follow":"follow","max-snippet":"max-snippet:-1","max-image-preview":"max-image-preview:large","max-video-preview":"max-video-preview:-1"},"canonical":"https:\/\/liraodonto.com.br\/es\/tratamentos\/clareamento\/","og_locale":"es_ES","og_type":"article","og_title":"Clareamento Dental - Lira Odonto","og_description":"O clareamento visa que os dentes adquiram uma cor mais branca e, portanto, mais agrad\u00e1vel \u00e0 vista. Continue reading &ldquo;Clareamento Dental&rdquo;&hellip;","og_url":"https:\/\/liraodonto.com.br\/es\/tratamentos\/clareamento\/","og_site_name":"Lira Odonto","article_publisher":"https:\/\/www.facebook.com\/liraodonto\/","article_modified_time":"2017-02-07T00:02:39+00:00","og_image":[{"width":1640,"height":547,"url":"https:\/\/liraodonto.com.br\/wp-content\/uploads\/2016\/12\/clareamento.jpg","type":"image\/jpeg"}],"twitter_card":"summary_large_image","twitter_misc":{"Tiempo de lectura":"1 minuto"},"schema":{"@context":"https:\/\/schema.org","@graph":[{"@type":"WebPage","@id":"https:\/\/liraodonto.com.br\/tratamentos\/clareamento\/","url":"https:\/\/liraodonto.com.br\/tratamentos\/clareamento\/","name":"Clareamento Dental - Lira Odonto","isPartOf":{"@id":"https:\/\/liraodonto.com.br\/#website"},"primaryImageOfPage":{"@id":"https:\/\/liraodonto.com.br\/tratamentos\/clareamento\/#primaryimage"},"image":{"@id":"https:\/\/liraodonto.com.br\/tratamentos\/clareamento\/#primaryimage"},"thumbnailUrl":"https:\/\/liraodonto.com.br\/wp-content\/uploads\/2016\/12\/clareamento.jpg","datePublished":"2016-12-08T15:05:56+00:00","dateModified":"2017-02-07T00:02:39+00:00","breadcrumb":{"@id":"https:\/\/liraodonto.com.br\/tratamentos\/clareamento\/#breadcrumb"},"inLanguage":"es","potentialAction":[{"@type":"ReadAction","target":["https:\/\/liraodonto.com.br\/tratamentos\/clareamento\/"]}]},{"@type":"ImageObject","inLanguage":"es","@id":"https:\/\/liraodonto.com.br\/tratamentos\/clareamento\/#primaryimage","url":"https:\/\/liraodonto.com.br\/wp-content\/uploads\/2016\/12\/clareamento.jpg","contentUrl":"https:\/\/liraodonto.com.br\/wp-content\/uploads\/2016\/12\/clareamento.jpg","width":1640,"height":547},{"@type":"BreadcrumbList","@id":"https:\/\/liraodonto.com.br\/tratamentos\/clareamento\/#breadcrumb","itemListElement":[{"@type":"ListItem","position":1,"name":"In\u00edcio","item":"https:\/\/liraodonto.com.br\/"},{"@type":"ListItem","position":2,"name":"Tratamentos","item":"https:\/\/liraodonto.com.br\/tratamentos\/"},{"@type":"ListItem","position":3,"name":"Clareamento Dental"}]},{"@type":"WebSite","@id":"https:\/\/liraodonto.com.br\/#website","url":"https:\/\/liraodonto.com.br\/","name":"Lira Odonto","description":"","publisher":{"@id":"https:\/\/liraodonto.com.br\/#organization"},"potentialAction":[{"@type":"SearchAction","target":{"@type":"EntryPoint","urlTemplate":"https:\/\/liraodonto.com.br\/?s={search_term_string}"},"query-input":{"@type":"PropertyValueSpecification","valueRequired":true,"valueName":"search_term_string"}}],"inLanguage":"es"},{"@type":"Organization","@id":"https:\/\/liraodonto.com.br\/#organization","name":"Lira Odonto","url":"https:\/\/liraodonto.com.br\/","logo":{"@type":"ImageObject","inLanguage":"es","@id":"https:\/\/liraodonto.com.br\/#\/schema\/logo\/image\/","url":"https:\/\/liraodonto.com.br\/wp-content\/uploads\/2016\/04\/cropped-cropped-lira_odonto_site.png","contentUrl":"https:\/\/liraodonto.com.br\/wp-content\/uploads\/2016\/04\/cropped-cropped-lira_odonto_site.png","width":200,"height":46,"caption":"Lira Odonto"},"image":{"@id":"https:\/\/liraodonto.com.br\/#\/schema\/logo\/image\/"},"sameAs":["https:\/\/www.facebook.com\/liraodonto\/","https:\/\/www.instagram.com\/liraodonto\/"]}]}},"wps_subtitle":"","_links":{"self":[{"href":"https:\/\/liraodonto.com.br\/es\/wp-json\/wp\/v2\/pages\/2845","targetHints":{"allow":["GET"]}}],"collection":[{"href":"https:\/\/liraodonto.com.br\/es\/wp-json\/wp\/v2\/pages"}],"about":[{"href":"https:\/\/liraodonto.com.br\/es\/wp-json\/wp\/v2\/types\/page"}],"author":[{"embeddable":true,"href":"https:\/\/liraodonto.com.br\/es\/wp-json\/wp\/v2\/users\/1"}],"replies":[{"embeddable":true,"href":"https:\/\/liraodonto.com.br\/es\/wp-json\/wp\/v2\/comments?post=2845"}],"version-history":[{"count":7,"href":"https:\/\/liraodonto.com.br\/es\/wp-json\/wp\/v2\/pages\/2845\/revisions"}],"predecessor-version":[{"id":3104,"href":"https:\/\/liraodonto.com.br\/es\/wp-json\/wp\/v2\/pages\/2845\/revisions\/3104"}],"up":[{"embeddable":true,"href":"https:\/\/liraodonto.com.br\/es\/wp-json\/wp\/v2\/pages\/1051"}],"wp:featuredmedia":[{"embeddable":true,"href":"https:\/\/liraodonto.com.br\/es\/wp-json\/wp\/v2\/media\/2947"}],"wp:attachment":[{"href":"https:\/\/liraodonto.com.br\/es\/wp-json\/wp\/v2\/media?parent=2845"}],"curies":[{"name":"wp","href":"https:\/\/api.w.org\/{rel}","templated":true}]}}