{"id":4094,"date":"2018-11-27T13:47:25","date_gmt":"2018-11-27T16:47:25","guid":{"rendered":"https:\/\/liraodonto.com.br\/?page_id=4094"},"modified":"2019-06-27T10:35:57","modified_gmt":"2019-06-27T13:35:57","slug":"imprensa-2","status":"publish","type":"page","link":"https:\/\/liraodonto.com.br\/es\/novidades\/imprensa-2\/","title":{"rendered":"Prensa"},"content":{"rendered":"<div class=\"wm-posts wm-posts-wrap clearfix wm-posts-post wm-posts-layout-default posts\"><div class=\"wm-filter\"><ul><li class=\"wm-filter-items-all active\"><a href=\"#\" data-filter=\"*\">All <span>Prensa<\/span><\/a><\/li><\/ul><\/div><div class=\"wm-posts-container wm-items-container with-margin filter-this\" data-columns=\"2\" data-time=\"0\" data-layout-mode=\"masonry\">\n<div class=\"wm-posts-item wm-posts-item-4555 wm-column width-1-2 with-margin category-imprensa has-thumbnail\">\n\n\t\n\n<article id=\"post-4555\" class=\"post-4555 post type-post status-publish format-standard has-post-thumbnail hentry category-imprensa entry\">\n\n\t<header class=\"entry-header\"><h2 class=\"entry-title\"><a href=\"https:\/\/liraodonto.com.br\/es\/hormonios-femininos-e-saude-bucal\/\" rel=\"bookmark\">Lira na M\u00eddia | Horm\u00f4nios femininos e sa\u00fade bucal<\/a><\/h2><\/header><div class=\"entry-media\"><figure class=\"post-thumbnail\"><a href=\"https:\/\/liraodonto.com.br\/es\/hormonios-femininos-e-saude-bucal\/\"><img loading=\"lazy\" decoding=\"async\" width=\"480\" height=\"270\" src=\"https:\/\/liraodonto.com.br\/wp-content\/uploads\/2019\/05\/Mexa-se_Destaque-480x270.jpg\" class=\"attachment-thumbnail size-thumbnail wp-post-image\" alt=\"\" \/><\/a><\/figure><\/div>\n\t<div class=\"entry-content\">\n\n\t\t\n\t\t<div class=\"entry-summary\">\n<div class=\"entry-summary\">\nHorm\u00f4nios femininos e sa\u00fade bucal ALTERA\u00c7\u00d5ES HORMONAIS DA MULHER: O QUE ISSO AFETA A SA\u00daDE BUCAL? Leia mat\u00e9ria&hellip;\n<\/div>\n<div class=\"link-more\"><a href=\"https:\/\/liraodonto.com.br\/es\/hormonios-femininos-e-saude-bucal\/\" class=\"more-link\">Continue reading<span class=\"screen-reader-text\"> &ldquo;Lira na M\u00eddia | Horm\u00f4nios femininos e sa\u00fade bucal&rdquo;<\/span>&hellip;<\/a><\/div>\n<\/div>\n<div class=\"link-more\"><a href=\"https:\/\/liraodonto.com.br\/es\/hormonios-femininos-e-saude-bucal\/\" class=\"more-link\">Continue reading<span class=\"screen-reader-text\"> &ldquo;Lira na M\u00eddia | Horm\u00f4nios femininos e sa\u00fade bucal&rdquo;<\/span>&hellip;<\/a><\/div>\n\n\t\t\n\t<\/div>\n\n\t<footer class=\"entry-meta\"><span class=\"entry-date entry-meta-element\"><span class=\"entry-meta-description\">Posted on: <\/span><a href=\"https:\/\/liraodonto.com.br\/es\/hormonios-femininos-e-saude-bucal\/\" rel=\"bookmark\"><time datetime=\"2019-05-31T14:08:55-03:00\" class=\"published\" title=\"31 de mayo de 2019 | 14:08\"><span class=\"day\">31<\/span> <span class=\"month\">May<\/span> <span class=\"year\">2019<\/span><\/time><\/a><\/span><span class=\"byline author vcard entry-meta-element\"><span class=\"entry-meta-description\">Written by: <\/span><a href=\"https:\/\/liraodonto.com.br\/es\/author\/admin\/\" class=\"url fn n\" rel=\"author\">admin<\/a><\/span><span class=\"comments-link entry-meta-element\"><span class=\"entry-meta-description\">Comments: <\/span><a href=\"https:\/\/liraodonto.com.br\/es\/hormonios-femininos-e-saude-bucal\/#respond\" title=\"Comments: 0\"><span class=\"comments-title\">Comments: <\/span><span class=\"comments-count\">0<\/span><\/a><\/span><\/footer>\n<\/article>\n\n\n<\/div>\n\n<div class=\"wm-posts-item wm-posts-item-4548 wm-column width-1-2 with-margin alt category-imprensa has-thumbnail\">\n\n\t\n\n<article id=\"post-4548\" class=\"post-4548 post type-post status-publish format-standard has-post-thumbnail hentry category-imprensa entry\">\n\n\t<header class=\"entry-header\"><h2 class=\"entry-title\"><a href=\"https:\/\/liraodonto.com.br\/es\/procedimentos-odontologicos-na-lista-pre-casamento\/\" rel=\"bookmark\">Lira na M\u00eddia | Procedimentos odontol\u00f3gicos<\/a><\/h2><\/header><div class=\"entry-media\"><figure class=\"post-thumbnail\"><a href=\"https:\/\/liraodonto.com.br\/es\/procedimentos-odontologicos-na-lista-pre-casamento\/\"><img loading=\"lazy\" decoding=\"async\" width=\"480\" height=\"270\" src=\"https:\/\/liraodonto.com.br\/wp-content\/uploads\/2019\/04\/Portal-Giro-480x270.jpg\" class=\"attachment-thumbnail size-thumbnail wp-post-image\" alt=\"Noivos j\u00e1 incluem procedimentos odontol\u00f3gicos na lista pr\u00e9-casamento\" \/><\/a><\/figure><\/div>\n\t<div class=\"entry-content\">\n\n\t\t\n\t\t<div class=\"entry-summary\">\nNoivos j\u00e1 incluem procedimentos odontol\u00f3gicos na lista pr\u00e9-casamento Leia mat\u00e9ria completa sobre Procedimentos odontol\u00f3gicos na lista pr\u00e9-casamento Procedimentos&hellip;\n<\/div>\n<div class=\"link-more\"><a href=\"https:\/\/liraodonto.com.br\/es\/procedimentos-odontologicos-na-lista-pre-casamento\/\" class=\"more-link\">Continue reading<span class=\"screen-reader-text\"> &ldquo;Lira na M\u00eddia | Procedimentos odontol\u00f3gicos&rdquo;<\/span>&hellip;<\/a><\/div>\n\n\t\t\n\t<\/div>\n\n\t<footer class=\"entry-meta\"><span class=\"entry-date entry-meta-element\"><span class=\"entry-meta-description\">Posted on: <\/span><a href=\"https:\/\/liraodonto.com.br\/es\/procedimentos-odontologicos-na-lista-pre-casamento\/\" rel=\"bookmark\"><time datetime=\"2019-05-31T13:10:08-03:00\" class=\"published\" title=\"31 de mayo de 2019 | 13:10\"><span class=\"day\">31<\/span> <span class=\"month\">May<\/span> <span class=\"year\">2019<\/span><\/time><\/a><\/span><span class=\"byline author vcard entry-meta-element\"><span class=\"entry-meta-description\">Written by: <\/span><a href=\"https:\/\/liraodonto.com.br\/es\/author\/admin\/\" class=\"url fn n\" rel=\"author\">admin<\/a><\/span><span class=\"comments-link entry-meta-element\"><span class=\"entry-meta-description\">Comments: <\/span><a href=\"https:\/\/liraodonto.com.br\/es\/procedimentos-odontologicos-na-lista-pre-casamento\/#respond\" title=\"Comments: 0\"><span class=\"comments-title\">Comments: <\/span><span class=\"comments-count\">0<\/span><\/a><\/span><\/footer>\n<\/article>\n\n\n<\/div>\n\n<div class=\"wm-posts-item wm-posts-item-4559 wm-column width-1-2 with-margin category-imprensa has-thumbnail\">\n\n\t\n\n<article id=\"post-4559\" class=\"post-4559 post type-post status-publish format-standard has-post-thumbnail hentry category-imprensa entry\">\n\n\t<header class=\"entry-header\"><h2 class=\"entry-title\"><a href=\"https:\/\/liraodonto.com.br\/es\/saude-bucal-da-mulher\/\" rel=\"bookmark\">Lira na M\u00eddia | Sa\u00fade bucal da mulher<\/a><\/h2><\/header><div class=\"entry-media\"><figure class=\"post-thumbnail\"><a href=\"https:\/\/liraodonto.com.br\/es\/saude-bucal-da-mulher\/\"><img loading=\"lazy\" decoding=\"async\" width=\"480\" height=\"270\" src=\"https:\/\/liraodonto.com.br\/wp-content\/uploads\/2019\/04\/Nova-Fam\u00edlia_Destaque-480x270.jpg\" class=\"attachment-thumbnail size-thumbnail wp-post-image\" alt=\"sa\u00fade bucal da mulher\" \/><\/a><\/figure><\/div>\n\t<div class=\"entry-content\">\n\n\t\t\n\t\t<div class=\"entry-summary\">\nSa\u00fade bucal\u00a0da mulher Altera\u00e7\u00f5es hormonais da mulher: o que isso afeta a sua sa\u00fade bucal? Leita mat\u00e9ria completa&hellip;\n<\/div>\n<div class=\"link-more\"><a href=\"https:\/\/liraodonto.com.br\/es\/saude-bucal-da-mulher\/\" class=\"more-link\">Continue reading<span class=\"screen-reader-text\"> &ldquo;Lira na M\u00eddia | Sa\u00fade bucal da mulher&rdquo;<\/span>&hellip;<\/a><\/div>\n\n\t\t\n\t<\/div>\n\n\t<footer class=\"entry-meta\"><span class=\"entry-date entry-meta-element\"><span class=\"entry-meta-description\">Posted on: <\/span><a href=\"https:\/\/liraodonto.com.br\/es\/saude-bucal-da-mulher\/\" rel=\"bookmark\"><time datetime=\"2019-05-22T14:21:54-03:00\" class=\"published\" title=\"22 de mayo de 2019 | 14:21\"><span class=\"day\">22<\/span> <span class=\"month\">May<\/span> <span class=\"year\">2019<\/span><\/time><\/a><\/span><span class=\"byline author vcard entry-meta-element\"><span class=\"entry-meta-description\">Written by: <\/span><a href=\"https:\/\/liraodonto.com.br\/es\/author\/admin\/\" class=\"url fn n\" rel=\"author\">admin<\/a><\/span><span class=\"comments-link entry-meta-element\"><span class=\"entry-meta-description\">Comments: <\/span><a href=\"https:\/\/liraodonto.com.br\/es\/saude-bucal-da-mulher\/#respond\" title=\"Comments: 0\"><span class=\"comments-title\">Comments: <\/span><span class=\"comments-count\">0<\/span><\/a><\/span><\/footer>\n<\/article>\n\n\n<\/div>\n\n<div class=\"wm-posts-item wm-posts-item-4552 wm-column width-1-2 with-margin alt category-imprensa has-thumbnail\">\n\n\t\n\n<article id=\"post-4552\" class=\"post-4552 post type-post status-publish format-standard has-post-thumbnail hentry category-imprensa entry\">\n\n\t<header class=\"entry-header\"><h2 class=\"entry-title\"><a href=\"https:\/\/liraodonto.com.br\/es\/alteracoes-hormonais-da-mulher\/\" rel=\"bookmark\">Lira na M\u00eddia | Altera\u00e7\u00f5es hormonais da mulher: o que isso afeta a sua sa\u00fade bucal?<\/a><\/h2><\/header><div class=\"entry-media\"><figure class=\"post-thumbnail\"><a href=\"https:\/\/liraodonto.com.br\/es\/alteracoes-hormonais-da-mulher\/\"><img loading=\"lazy\" decoding=\"async\" width=\"480\" height=\"270\" src=\"https:\/\/liraodonto.com.br\/wp-content\/uploads\/2019\/04\/Dicas-Mulher_Destaque-480x270.jpg\" class=\"attachment-thumbnail size-thumbnail wp-post-image\" alt=\"Altera\u00e7\u00f5es hormonais da mulher\" \/><\/a><\/figure><\/div>\n\t<div class=\"entry-content\">\n\n\t\t\n\t\t<div class=\"entry-summary\">\nAltera\u00e7\u00f5es hormonais da mulher: o que isso afeta a sua sa\u00fade bucal? Leia mat\u00e9ria completa, clicando aqui.\u00a0 Altera\u00e7\u00f5es&hellip;\n<\/div>\n<div class=\"link-more\"><a href=\"https:\/\/liraodonto.com.br\/es\/alteracoes-hormonais-da-mulher\/\" class=\"more-link\">Continue reading<span class=\"screen-reader-text\"> &ldquo;Lira na M\u00eddia | Altera\u00e7\u00f5es hormonais da mulher: o que isso afeta a sua sa\u00fade bucal?&rdquo;<\/span>&hellip;<\/a><\/div>\n\n\t\t\n\t<\/div>\n\n\t<footer class=\"entry-meta\"><span class=\"entry-date entry-meta-element\"><span class=\"entry-meta-description\">Posted on: <\/span><a href=\"https:\/\/liraodonto.com.br\/es\/alteracoes-hormonais-da-mulher\/\" rel=\"bookmark\"><time datetime=\"2019-05-21T13:18:31-03:00\" class=\"published\" title=\"21 de mayo de 2019 | 13:18\"><span class=\"day\">21<\/span> <span class=\"month\">May<\/span> <span class=\"year\">2019<\/span><\/time><\/a><\/span><span class=\"byline author vcard entry-meta-element\"><span class=\"entry-meta-description\">Written by: <\/span><a href=\"https:\/\/liraodonto.com.br\/es\/author\/admin\/\" class=\"url fn n\" rel=\"author\">admin<\/a><\/span><span class=\"comments-link entry-meta-element\"><span class=\"entry-meta-description\">Comments: <\/span><a href=\"https:\/\/liraodonto.com.br\/es\/alteracoes-hormonais-da-mulher\/#respond\" title=\"Comments: 0\"><span class=\"comments-title\">Comments: <\/span><span class=\"comments-count\">0<\/span><\/a><\/span><\/footer>\n<\/article>\n\n\n<\/div>\n\n<div class=\"wm-posts-item wm-posts-item-4534 wm-column width-1-2 with-margin category-imprensa has-thumbnail\">\n\n\t\n\n<article id=\"post-4534\" class=\"post-4534 post type-post status-publish format-standard has-post-thumbnail hentry category-imprensa entry\">\n\n\t<header class=\"entry-header\"><h2 class=\"entry-title\"><a href=\"https:\/\/liraodonto.com.br\/es\/lira-na-midia-saiba-mais-sobre-diastema\/\" rel=\"bookmark\">Lira na M\u00eddia | Saiba mais sobre diastema<\/a><\/h2><\/header><div class=\"entry-media\"><figure class=\"post-thumbnail\"><a href=\"https:\/\/liraodonto.com.br\/es\/lira-na-midia-saiba-mais-sobre-diastema\/\"><img loading=\"lazy\" decoding=\"async\" width=\"480\" height=\"270\" src=\"https:\/\/liraodonto.com.br\/wp-content\/uploads\/2019\/04\/Revista-News-480x270.jpg\" class=\"attachment-thumbnail size-thumbnail wp-post-image\" alt=\"Saiba mais sobre diastema\" \/><\/a><\/figure><\/div>\n\t<div class=\"entry-content\">\n\n\t\t\n\t\t<div class=\"entry-summary\">\nSaiba mais sobre diastema Leia mat\u00e9ria completa: Saiba mais sobre diastema Saiba mais sobre diastema Certamente voc\u00ea j\u00e1&hellip;\n<\/div>\n<div class=\"link-more\"><a href=\"https:\/\/liraodonto.com.br\/es\/lira-na-midia-saiba-mais-sobre-diastema\/\" class=\"more-link\">Continue reading<span class=\"screen-reader-text\"> &ldquo;Lira na M\u00eddia | Saiba mais sobre diastema&rdquo;<\/span>&hellip;<\/a><\/div>\n\n\t\t\n\t<\/div>\n\n\t<footer class=\"entry-meta\"><span class=\"entry-date entry-meta-element\"><span class=\"entry-meta-description\">Posted on: <\/span><a href=\"https:\/\/liraodonto.com.br\/es\/lira-na-midia-saiba-mais-sobre-diastema\/\" rel=\"bookmark\"><time datetime=\"2019-05-10T12:28:12-03:00\" class=\"published\" title=\"10 de mayo de 2019 | 12:28\"><span class=\"day\">10<\/span> <span class=\"month\">May<\/span> <span class=\"year\">2019<\/span><\/time><\/a><\/span><span class=\"byline author vcard entry-meta-element\"><span class=\"entry-meta-description\">Written by: <\/span><a href=\"https:\/\/liraodonto.com.br\/es\/author\/admin\/\" class=\"url fn n\" rel=\"author\">admin<\/a><\/span><span class=\"comments-link entry-meta-element\"><span class=\"entry-meta-description\">Comments: <\/span><a href=\"https:\/\/liraodonto.com.br\/es\/lira-na-midia-saiba-mais-sobre-diastema\/#respond\" title=\"Comments: 0\"><span class=\"comments-title\">Comments: <\/span><span class=\"comments-count\">0<\/span><\/a><\/span><\/footer>\n<\/article>\n\n\n<\/div>\n\n<div class=\"wm-posts-item wm-posts-item-4539 wm-column width-1-2 with-margin alt category-imprensa has-thumbnail\">\n\n\t\n\n<article id=\"post-4539\" class=\"post-4539 post type-post status-publish format-standard has-post-thumbnail hentry category-imprensa entry\">\n\n\t<header class=\"entry-header\"><h2 class=\"entry-title\"><a href=\"https:\/\/liraodonto.com.br\/es\/tratamentos-odontologicos-para-noivos\/\" rel=\"bookmark\">Lira na M\u00eddia | Tratamentos odontol\u00f3gicos para noivos<\/a><\/h2><\/header><div class=\"entry-media\"><figure class=\"post-thumbnail\"><a href=\"https:\/\/liraodonto.com.br\/es\/tratamentos-odontologicos-para-noivos\/\"><img loading=\"lazy\" decoding=\"async\" width=\"480\" height=\"270\" src=\"https:\/\/liraodonto.com.br\/wp-content\/uploads\/2019\/04\/Jornal-Joeense-News_Destaque-480x270.jpg\" class=\"attachment-thumbnail size-thumbnail wp-post-image\" alt=\"Noivos incluem tratamentos odontologicos\" \/><\/a><\/figure><\/div>\n\t<div class=\"entry-content\">\n\n\t\t\n\t\t<div class=\"entry-summary\">\nTratamentos odontol\u00f3gicos para noivos Leia mat\u00e9ria completa sobre\u00a0Tratamentos odontol\u00f3gicos para noivos Noivos j\u00e1 incluem procedimentos odontol\u00f3gicos na lista&hellip;\n<\/div>\n<div class=\"link-more\"><a href=\"https:\/\/liraodonto.com.br\/es\/tratamentos-odontologicos-para-noivos\/\" class=\"more-link\">Continue reading<span class=\"screen-reader-text\"> &ldquo;Lira na M\u00eddia | Tratamentos odontol\u00f3gicos para noivos&rdquo;<\/span>&hellip;<\/a><\/div>\n\n\t\t\n\t<\/div>\n\n\t<footer class=\"entry-meta\"><span class=\"entry-date entry-meta-element\"><span class=\"entry-meta-description\">Posted on: <\/span><a href=\"https:\/\/liraodonto.com.br\/es\/tratamentos-odontologicos-para-noivos\/\" rel=\"bookmark\"><time datetime=\"2019-05-09T12:57:51-03:00\" class=\"published\" title=\"9 de mayo de 2019 | 12:57\"><span class=\"day\">09<\/span> <span class=\"month\">May<\/span> <span class=\"year\">2019<\/span><\/time><\/a><\/span><span class=\"byline author vcard entry-meta-element\"><span class=\"entry-meta-description\">Written by: <\/span><a href=\"https:\/\/liraodonto.com.br\/es\/author\/admin\/\" class=\"url fn n\" rel=\"author\">admin<\/a><\/span><span class=\"comments-link entry-meta-element\"><span class=\"entry-meta-description\">Comments: <\/span><a href=\"https:\/\/liraodonto.com.br\/es\/tratamentos-odontologicos-para-noivos\/#respond\" title=\"Comments: 0\"><span class=\"comments-title\">Comments: <\/span><span class=\"comments-count\">0<\/span><\/a><\/span><\/footer>\n<\/article>\n\n\n<\/div>\n<\/div><div class=\"wm-pagination pagination\"><span aria-current=\"page\" class=\"page-numbers current\">1<\/span>\n<a class=\"page-numbers\" href=\"https:\/\/liraodonto.com.br\/es\/wp-json\/wp\/v2\/pages\/4094\/page\/2\/\">2<\/a>\n<a class=\"page-numbers\" href=\"https:\/\/liraodonto.com.br\/es\/wp-json\/wp\/v2\/pages\/4094\/page\/3\/\">3<\/a>\n<a class=\"page-numbers\" href=\"https:\/\/liraodonto.com.br\/es\/wp-json\/wp\/v2\/pages\/4094\/page\/4\/\">4<\/a>\n<a class=\"next page-numbers\" href=\"https:\/\/liraodonto.com.br\/es\/wp-json\/wp\/v2\/pages\/4094\/page\/2\/\">&raquo;<\/a><\/div><\/div>","protected":false},"excerpt":{"rendered":"<div class=\"entry-summary\">\nResumo das not\u00edcias veiculadas sobre a Lira Odonto nos principais jornais, blogs e revistas do pa\u00eds.\n<\/div>\n<div class=\"link-more\"><a href=\"https:\/\/liraodonto.com.br\/es\/tratamentos-odontologicos-para-noivos\/\" class=\"more-link\">Continue reading<span class=\"screen-reader-text\"> &ldquo;Lira na M\u00eddia | Tratamentos odontol\u00f3gicos para noivos&rdquo;<\/span>&hellip;<\/a><\/div>","protected":false},"author":1,"featured_media":0,"parent":4348,"menu_order":0,"comment_status":"closed","ping_status":"closed","template":"","meta":{"_acf_changed":false,"_monsterinsights_skip_tracking":false,"_monsterinsights_sitenote_active":false,"_monsterinsights_sitenote_note":"","_monsterinsights_sitenote_category":0,"_joinchat":[],"footnotes":""},"class_list":["post-4094","page","type-page","status-publish","hentry","entry"],"acf":[],"yoast_head":"<!-- This site is optimized with the Yoast SEO plugin v27.5 - https:\/\/yoast.com\/product\/yoast-seo-wordpress\/ -->\n<title>Imprensa - Lira Odonto<\/title>\n<meta name=\"robots\" content=\"index, follow, max-snippet:-1, max-image-preview:large, max-video-preview:-1\" \/>\n<link rel=\"canonical\" href=\"https:\/\/liraodonto.com.br\/es\/novidades\/imprensa-2\/\" \/>\n<meta property=\"og:locale\" content=\"es_ES\" \/>\n<meta property=\"og:type\" content=\"article\" \/>\n<meta property=\"og:title\" content=\"Imprensa - Lira Odonto\" \/>\n<meta property=\"og:description\" content=\"Resumo das not\u00edcias veiculadas sobre a Lira Odonto nos principais jornais, blogs e revistas do pa\u00eds. Continue reading &ldquo;Lira na M\u00eddia | Tratamentos odontol\u00f3gicos para noivos&rdquo;&hellip;\" \/>\n<meta property=\"og:url\" content=\"https:\/\/liraodonto.com.br\/es\/novidades\/imprensa-2\/\" \/>\n<meta property=\"og:site_name\" content=\"Lira Odonto\" \/>\n<meta property=\"article:publisher\" content=\"https:\/\/www.facebook.com\/liraodonto\/\" \/>\n<meta property=\"article:modified_time\" content=\"2019-06-27T13:35:57+00:00\" \/>\n<meta name=\"twitter:card\" content=\"summary_large_image\" \/>\n<script type=\"application\/ld+json\" class=\"yoast-schema-graph\">{\"@context\":\"https:\\\/\\\/schema.org\",\"@graph\":[{\"@type\":\"WebPage\",\"@id\":\"https:\\\/\\\/liraodonto.com.br\\\/novidades\\\/imprensa-2\\\/\",\"url\":\"https:\\\/\\\/liraodonto.com.br\\\/novidades\\\/imprensa-2\\\/\",\"name\":\"Imprensa - Lira Odonto\",\"isPartOf\":{\"@id\":\"https:\\\/\\\/liraodonto.com.br\\\/#website\"},\"datePublished\":\"2018-11-27T16:47:25+00:00\",\"dateModified\":\"2019-06-27T13:35:57+00:00\",\"breadcrumb\":{\"@id\":\"https:\\\/\\\/liraodonto.com.br\\\/novidades\\\/imprensa-2\\\/#breadcrumb\"},\"inLanguage\":\"es\",\"potentialAction\":[{\"@type\":\"ReadAction\",\"target\":[\"https:\\\/\\\/liraodonto.com.br\\\/novidades\\\/imprensa-2\\\/\"]}]},{\"@type\":\"BreadcrumbList\",\"@id\":\"https:\\\/\\\/liraodonto.com.br\\\/novidades\\\/imprensa-2\\\/#breadcrumb\",\"itemListElement\":[{\"@type\":\"ListItem\",\"position\":1,\"name\":\"In\u00edcio\",\"item\":\"https:\\\/\\\/liraodonto.com.br\\\/\"},{\"@type\":\"ListItem\",\"position\":2,\"name\":\"Novidades\",\"item\":\"https:\\\/\\\/liraodonto.com.br\\\/novidades\\\/\"},{\"@type\":\"ListItem\",\"position\":3,\"name\":\"Imprensa\"}]},{\"@type\":\"WebSite\",\"@id\":\"https:\\\/\\\/liraodonto.com.br\\\/#website\",\"url\":\"https:\\\/\\\/liraodonto.com.br\\\/\",\"name\":\"Lira Odonto\",\"description\":\"\",\"publisher\":{\"@id\":\"https:\\\/\\\/liraodonto.com.br\\\/#organization\"},\"potentialAction\":[{\"@type\":\"SearchAction\",\"target\":{\"@type\":\"EntryPoint\",\"urlTemplate\":\"https:\\\/\\\/liraodonto.com.br\\\/?s={search_term_string}\"},\"query-input\":{\"@type\":\"PropertyValueSpecification\",\"valueRequired\":true,\"valueName\":\"search_term_string\"}}],\"inLanguage\":\"es\"},{\"@type\":\"Organization\",\"@id\":\"https:\\\/\\\/liraodonto.com.br\\\/#organization\",\"name\":\"Lira Odonto\",\"url\":\"https:\\\/\\\/liraodonto.com.br\\\/\",\"logo\":{\"@type\":\"ImageObject\",\"inLanguage\":\"es\",\"@id\":\"https:\\\/\\\/liraodonto.com.br\\\/#\\\/schema\\\/logo\\\/image\\\/\",\"url\":\"https:\\\/\\\/liraodonto.com.br\\\/wp-content\\\/uploads\\\/2016\\\/04\\\/cropped-cropped-lira_odonto_site.png\",\"contentUrl\":\"https:\\\/\\\/liraodonto.com.br\\\/wp-content\\\/uploads\\\/2016\\\/04\\\/cropped-cropped-lira_odonto_site.png\",\"width\":200,\"height\":46,\"caption\":\"Lira Odonto\"},\"image\":{\"@id\":\"https:\\\/\\\/liraodonto.com.br\\\/#\\\/schema\\\/logo\\\/image\\\/\"},\"sameAs\":[\"https:\\\/\\\/www.facebook.com\\\/liraodonto\\\/\",\"https:\\\/\\\/www.instagram.com\\\/liraodonto\\\/\"]}]}<\/script>\n<!-- \/ Yoast SEO plugin. -->","yoast_head_json":{"title":"Imprensa - Lira Odonto","robots":{"index":"index","follow":"follow","max-snippet":"max-snippet:-1","max-image-preview":"max-image-preview:large","max-video-preview":"max-video-preview:-1"},"canonical":"https:\/\/liraodonto.com.br\/es\/novidades\/imprensa-2\/","og_locale":"es_ES","og_type":"article","og_title":"Imprensa - Lira Odonto","og_description":"Resumo das not\u00edcias veiculadas sobre a Lira Odonto nos principais jornais, blogs e revistas do pa\u00eds. Continue reading &ldquo;Lira na M\u00eddia | Tratamentos odontol\u00f3gicos para noivos&rdquo;&hellip;","og_url":"https:\/\/liraodonto.com.br\/es\/novidades\/imprensa-2\/","og_site_name":"Lira Odonto","article_publisher":"https:\/\/www.facebook.com\/liraodonto\/","article_modified_time":"2019-06-27T13:35:57+00:00","twitter_card":"summary_large_image","schema":{"@context":"https:\/\/schema.org","@graph":[{"@type":"WebPage","@id":"https:\/\/liraodonto.com.br\/novidades\/imprensa-2\/","url":"https:\/\/liraodonto.com.br\/novidades\/imprensa-2\/","name":"Imprensa - Lira Odonto","isPartOf":{"@id":"https:\/\/liraodonto.com.br\/#website"},"datePublished":"2018-11-27T16:47:25+00:00","dateModified":"2019-06-27T13:35:57+00:00","breadcrumb":{"@id":"https:\/\/liraodonto.com.br\/novidades\/imprensa-2\/#breadcrumb"},"inLanguage":"es","potentialAction":[{"@type":"ReadAction","target":["https:\/\/liraodonto.com.br\/novidades\/imprensa-2\/"]}]},{"@type":"BreadcrumbList","@id":"https:\/\/liraodonto.com.br\/novidades\/imprensa-2\/#breadcrumb","itemListElement":[{"@type":"ListItem","position":1,"name":"In\u00edcio","item":"https:\/\/liraodonto.com.br\/"},{"@type":"ListItem","position":2,"name":"Novidades","item":"https:\/\/liraodonto.com.br\/novidades\/"},{"@type":"ListItem","position":3,"name":"Imprensa"}]},{"@type":"WebSite","@id":"https:\/\/liraodonto.com.br\/#website","url":"https:\/\/liraodonto.com.br\/","name":"Lira Odonto","description":"","publisher":{"@id":"https:\/\/liraodonto.com.br\/#organization"},"potentialAction":[{"@type":"SearchAction","target":{"@type":"EntryPoint","urlTemplate":"https:\/\/liraodonto.com.br\/?s={search_term_string}"},"query-input":{"@type":"PropertyValueSpecification","valueRequired":true,"valueName":"search_term_string"}}],"inLanguage":"es"},{"@type":"Organization","@id":"https:\/\/liraodonto.com.br\/#organization","name":"Lira Odonto","url":"https:\/\/liraodonto.com.br\/","logo":{"@type":"ImageObject","inLanguage":"es","@id":"https:\/\/liraodonto.com.br\/#\/schema\/logo\/image\/","url":"https:\/\/liraodonto.com.br\/wp-content\/uploads\/2016\/04\/cropped-cropped-lira_odonto_site.png","contentUrl":"https:\/\/liraodonto.com.br\/wp-content\/uploads\/2016\/04\/cropped-cropped-lira_odonto_site.png","width":200,"height":46,"caption":"Lira Odonto"},"image":{"@id":"https:\/\/liraodonto.com.br\/#\/schema\/logo\/image\/"},"sameAs":["https:\/\/www.facebook.com\/liraodonto\/","https:\/\/www.instagram.com\/liraodonto\/"]}]}},"wps_subtitle":"","_links":{"self":[{"href":"https:\/\/liraodonto.com.br\/es\/wp-json\/wp\/v2\/pages\/4094","targetHints":{"allow":["GET"]}}],"collection":[{"href":"https:\/\/liraodonto.com.br\/es\/wp-json\/wp\/v2\/pages"}],"about":[{"href":"https:\/\/liraodonto.com.br\/es\/wp-json\/wp\/v2\/types\/page"}],"author":[{"embeddable":true,"href":"https:\/\/liraodonto.com.br\/es\/wp-json\/wp\/v2\/users\/1"}],"replies":[{"embeddable":true,"href":"https:\/\/liraodonto.com.br\/es\/wp-json\/wp\/v2\/comments?post=4094"}],"version-history":[{"count":6,"href":"https:\/\/liraodonto.com.br\/es\/wp-json\/wp\/v2\/pages\/4094\/revisions"}],"predecessor-version":[{"id":4577,"href":"https:\/\/liraodonto.com.br\/es\/wp-json\/wp\/v2\/pages\/4094\/revisions\/4577"}],"up":[{"embeddable":true,"href":"https:\/\/liraodonto.com.br\/es\/wp-json\/wp\/v2\/pages\/4348"}],"wp:attachment":[{"href":"https:\/\/liraodonto.com.br\/es\/wp-json\/wp\/v2\/media?parent=4094"}],"curies":[{"name":"wp","href":"https:\/\/api.w.org\/{rel}","templated":true}]}}