{"id":4634,"date":"2019-09-10T16:24:08","date_gmt":"2019-09-10T19:24:08","guid":{"rendered":"https:\/\/liraodonto.com.br\/?page_id=4634"},"modified":"2019-09-12T13:09:15","modified_gmt":"2019-09-12T16:09:15","slug":"pacientes-com-necessidades-especiais-pne","status":"publish","type":"page","link":"https:\/\/liraodonto.com.br\/es\/tratamentos\/pacientes-com-necessidades-especiais-pne\/","title":{"rendered":"Pacientes con Necesidades Especiales (PNE)"},"content":{"rendered":"<h2><span style=\"font-family: din1451; color: #4f8abe;\">\u00bfQu\u00e9 es la odontolog\u00eda para pacientes con necesidades especiales (PNE)?<\/span><\/h2>\n<p>La odontolog\u00eda para pacientes con necesidades especiales es un \u00e1rea de salud que abarca mucho m\u00e1s de lo que las personas se dan cuenta cuando se enfrentan con la palabra \"Especial\". El universo de pacientes con necesidades especiales es muy amplio, porque todas aquellas personas que tienen una enfermedad, trastorno, anomal\u00eda o que se encuentran en una situaci\u00f3n cl\u00ednica alterada, pueden requerir atenci\u00f3n dental diferenciada y m\u00e1s apropiada para su momento de vida.<\/p>\n<p>Este universo de pacientes incluye personas que est\u00e1n hospitalizadas en la UCI o no, aquellas con enfermedades metab\u00f3licas, oncol\u00f3gicas, aquellas con discrasias sangu\u00edneas, inmunosuprimidas, trasplantadas, aquellas con s\u00edndrome, aquellas con enfermedad mental, enfermedad card\u00edaca, nefropat\u00eda, enfermedad hep\u00e1tica, que requieren soporte de ox\u00edgeno, aquellos que requieren cuidados paliativos, atenci\u00f3n geri\u00e1trica, mujeres embarazadas de alto riesgo y aquellos que requieren sedaci\u00f3n o anestesia general o atenci\u00f3n en el domicilio.<\/p>\n<p>Dados da Organiza\u00e7\u00e3o das Na\u00e7\u00f5es Unidas (ONU) indicam que 10% da popula\u00e7\u00e3o mundial possui algum tipo de defici\u00eancia. No Brasil o Instituto Brasileiro de Geografia e Estat\u00edstica (IBGE) indicam que a popula\u00e7\u00e3o idosa, aqueles acima de 60 anos, em 2017 era de 28 milh\u00f5es e que esse n\u00famero ir\u00e1 dobrar at\u00e9 o ano de 2042.<\/p>\n<p>Esto indica que habr\u00e1 un gran aumento en la poblaci\u00f3n considerada PNE. Estudiar y especializarse en este servicio diferenciado es reconocer que muchas personas hoy en d\u00eda necesitan esta atenci\u00f3n, y darse cuenta de que en el futuro muchas otras personas necesitar\u00e1n esta atenci\u00f3n.<\/p>\n<div>\n<p>Se requiere preparaci\u00f3n para atender a pacientes con necesidades especiales. Pueden tener limitaciones f\u00edsicas, neurol\u00f3gicas o sist\u00e9micas, que requieren atenci\u00f3n en el consultorio o en el hospital con un profesional capacitado para comprender las limitaciones y las necesidades reales de estas personas.<\/p>\n<p>El profesional preparado para el cuidado de PNE siempre trabaja de manera multidisciplinaria y de acuerdo con las pautas m\u00e9dicas, porque existe una interdependencia entre los diversos profesionales que acompa\u00f1an a estos pacientes. Este es un factor clave en la seguridad del paciente, el \u00e9xito del tratamiento y la prevenci\u00f3n de diversos factores de riesgo.<\/p>\n<h4><span style=\"font-family: din1451; color: #808080;\">EQUIPO<\/span><\/h4>\n<p>Lira Odonto siempre se ha destacado por realizar odontolog\u00eda multidisciplinaria, con los mejores profesionales. Basado en la percepci\u00f3n de las experiencias y necesidades cotidianas, donde la demanda de atenci\u00f3n de una poblaci\u00f3n que cada vez disfruta de una mayor longevidad, el equipo cl\u00ednico se organiz\u00f3 para formar un equipo de profesionales que est\u00e1 preparado para enfrentar los desaf\u00edos de esta nueva realidad. Es por eso que Lira Odonto ha creado un \u00e1rea dirigida a la atenci\u00f3n de pacientes con necesidades especiales (PNE).<\/p>\n<\/div>","protected":false},"excerpt":{"rendered":"<div class=\"entry-summary\">\n<div class=\"entry-summary\">\nA Odontologia para Pacientes com Necessidades Especiais \u00e9 uma \u00e1rea da sa\u00fade que abrange muito mais do que as pessoas imaginam ao se defrontarem com a palavra \u201cEspeciais\u201d.\n<\/div>\n<div class=\"link-more\"><a href=\"https:\/\/liraodonto.com.br\/es\/tratamentos\/pacientes-com-necessidades-especiais-pne\/\" class=\"more-link\">Continue reading<span class=\"screen-reader-text\"> &ldquo;Pacientes com Necessidades Especiais (PNE)&rdquo;<\/span>&hellip;<\/a><\/div>\n<\/div>\n<div class=\"link-more\"><a href=\"https:\/\/liraodonto.com.br\/es\/tratamentos\/pacientes-com-necessidades-especiais-pne\/\" class=\"more-link\">Continue reading<span class=\"screen-reader-text\"> &ldquo;Pacientes com Necessidades Especiais (PNE)&rdquo;<\/span>&hellip;<\/a><\/div>","protected":false},"author":1,"featured_media":0,"parent":1051,"menu_order":31,"comment_status":"closed","ping_status":"closed","template":"templates\/with-sidebar.php","meta":{"_acf_changed":false,"_monsterinsights_skip_tracking":false,"_monsterinsights_sitenote_active":false,"_monsterinsights_sitenote_note":"","_monsterinsights_sitenote_category":0,"_joinchat":[],"footnotes":""},"class_list":["post-4634","page","type-page","status-publish","hentry","entry"],"acf":[],"yoast_head":"<!-- This site is optimized with the Yoast SEO plugin v27.5 - https:\/\/yoast.com\/product\/yoast-seo-wordpress\/ -->\n<title>Pacientes com Necessidades Especiais (PNE) - Lira Odonto<\/title>\n<meta name=\"robots\" content=\"index, follow, max-snippet:-1, max-image-preview:large, max-video-preview:-1\" \/>\n<link rel=\"canonical\" href=\"https:\/\/liraodonto.com.br\/es\/tratamentos\/pacientes-com-necessidades-especiais-pne\/\" \/>\n<meta property=\"og:locale\" content=\"es_ES\" \/>\n<meta property=\"og:type\" content=\"article\" \/>\n<meta property=\"og:title\" content=\"Pacientes com Necessidades Especiais (PNE) - Lira Odonto\" \/>\n<meta property=\"og:description\" content=\"A Odontologia para Pacientes com Necessidades Especiais \u00e9 uma \u00e1rea da sa\u00fade que abrange muito mais do que as pessoas imaginam ao se defrontarem com a palavra \u201cEspeciais\u201d. Continue reading &ldquo;Pacientes com Necessidades Especiais (PNE)&rdquo;&hellip;\" \/>\n<meta property=\"og:url\" content=\"https:\/\/liraodonto.com.br\/es\/tratamentos\/pacientes-com-necessidades-especiais-pne\/\" \/>\n<meta property=\"og:site_name\" content=\"Lira Odonto\" \/>\n<meta property=\"article:publisher\" content=\"https:\/\/www.facebook.com\/liraodonto\/\" \/>\n<meta property=\"article:modified_time\" content=\"2019-09-12T16:09:15+00:00\" \/>\n<meta name=\"twitter:card\" content=\"summary_large_image\" \/>\n<meta name=\"twitter:label1\" content=\"Tiempo de lectura\" \/>\n\t<meta name=\"twitter:data1\" content=\"2 minutos\" \/>\n<script type=\"application\/ld+json\" class=\"yoast-schema-graph\">{\"@context\":\"https:\\\/\\\/schema.org\",\"@graph\":[{\"@type\":\"WebPage\",\"@id\":\"https:\\\/\\\/liraodonto.com.br\\\/tratamentos\\\/pacientes-com-necessidades-especiais-pne\\\/\",\"url\":\"https:\\\/\\\/liraodonto.com.br\\\/tratamentos\\\/pacientes-com-necessidades-especiais-pne\\\/\",\"name\":\"Pacientes com Necessidades Especiais (PNE) - Lira Odonto\",\"isPartOf\":{\"@id\":\"https:\\\/\\\/liraodonto.com.br\\\/#website\"},\"datePublished\":\"2019-09-10T19:24:08+00:00\",\"dateModified\":\"2019-09-12T16:09:15+00:00\",\"breadcrumb\":{\"@id\":\"https:\\\/\\\/liraodonto.com.br\\\/tratamentos\\\/pacientes-com-necessidades-especiais-pne\\\/#breadcrumb\"},\"inLanguage\":\"es\",\"potentialAction\":[{\"@type\":\"ReadAction\",\"target\":[\"https:\\\/\\\/liraodonto.com.br\\\/tratamentos\\\/pacientes-com-necessidades-especiais-pne\\\/\"]}]},{\"@type\":\"BreadcrumbList\",\"@id\":\"https:\\\/\\\/liraodonto.com.br\\\/tratamentos\\\/pacientes-com-necessidades-especiais-pne\\\/#breadcrumb\",\"itemListElement\":[{\"@type\":\"ListItem\",\"position\":1,\"name\":\"In\u00edcio\",\"item\":\"https:\\\/\\\/liraodonto.com.br\\\/\"},{\"@type\":\"ListItem\",\"position\":2,\"name\":\"Tratamentos\",\"item\":\"https:\\\/\\\/liraodonto.com.br\\\/tratamentos\\\/\"},{\"@type\":\"ListItem\",\"position\":3,\"name\":\"Pacientes com Necessidades Especiais (PNE)\"}]},{\"@type\":\"WebSite\",\"@id\":\"https:\\\/\\\/liraodonto.com.br\\\/#website\",\"url\":\"https:\\\/\\\/liraodonto.com.br\\\/\",\"name\":\"Lira Odonto\",\"description\":\"\",\"publisher\":{\"@id\":\"https:\\\/\\\/liraodonto.com.br\\\/#organization\"},\"potentialAction\":[{\"@type\":\"SearchAction\",\"target\":{\"@type\":\"EntryPoint\",\"urlTemplate\":\"https:\\\/\\\/liraodonto.com.br\\\/?s={search_term_string}\"},\"query-input\":{\"@type\":\"PropertyValueSpecification\",\"valueRequired\":true,\"valueName\":\"search_term_string\"}}],\"inLanguage\":\"es\"},{\"@type\":\"Organization\",\"@id\":\"https:\\\/\\\/liraodonto.com.br\\\/#organization\",\"name\":\"Lira Odonto\",\"url\":\"https:\\\/\\\/liraodonto.com.br\\\/\",\"logo\":{\"@type\":\"ImageObject\",\"inLanguage\":\"es\",\"@id\":\"https:\\\/\\\/liraodonto.com.br\\\/#\\\/schema\\\/logo\\\/image\\\/\",\"url\":\"https:\\\/\\\/liraodonto.com.br\\\/wp-content\\\/uploads\\\/2016\\\/04\\\/cropped-cropped-lira_odonto_site.png\",\"contentUrl\":\"https:\\\/\\\/liraodonto.com.br\\\/wp-content\\\/uploads\\\/2016\\\/04\\\/cropped-cropped-lira_odonto_site.png\",\"width\":200,\"height\":46,\"caption\":\"Lira Odonto\"},\"image\":{\"@id\":\"https:\\\/\\\/liraodonto.com.br\\\/#\\\/schema\\\/logo\\\/image\\\/\"},\"sameAs\":[\"https:\\\/\\\/www.facebook.com\\\/liraodonto\\\/\",\"https:\\\/\\\/www.instagram.com\\\/liraodonto\\\/\"]}]}<\/script>\n<!-- \/ Yoast SEO plugin. -->","yoast_head_json":{"title":"Pacientes com Necessidades Especiais (PNE) - Lira Odonto","robots":{"index":"index","follow":"follow","max-snippet":"max-snippet:-1","max-image-preview":"max-image-preview:large","max-video-preview":"max-video-preview:-1"},"canonical":"https:\/\/liraodonto.com.br\/es\/tratamentos\/pacientes-com-necessidades-especiais-pne\/","og_locale":"es_ES","og_type":"article","og_title":"Pacientes com Necessidades Especiais (PNE) - Lira Odonto","og_description":"A Odontologia para Pacientes com Necessidades Especiais \u00e9 uma \u00e1rea da sa\u00fade que abrange muito mais do que as pessoas imaginam ao se defrontarem com a palavra \u201cEspeciais\u201d. Continue reading &ldquo;Pacientes com Necessidades Especiais (PNE)&rdquo;&hellip;","og_url":"https:\/\/liraodonto.com.br\/es\/tratamentos\/pacientes-com-necessidades-especiais-pne\/","og_site_name":"Lira Odonto","article_publisher":"https:\/\/www.facebook.com\/liraodonto\/","article_modified_time":"2019-09-12T16:09:15+00:00","twitter_card":"summary_large_image","twitter_misc":{"Tiempo de lectura":"2 minutos"},"schema":{"@context":"https:\/\/schema.org","@graph":[{"@type":"WebPage","@id":"https:\/\/liraodonto.com.br\/tratamentos\/pacientes-com-necessidades-especiais-pne\/","url":"https:\/\/liraodonto.com.br\/tratamentos\/pacientes-com-necessidades-especiais-pne\/","name":"Pacientes com Necessidades Especiais (PNE) - Lira Odonto","isPartOf":{"@id":"https:\/\/liraodonto.com.br\/#website"},"datePublished":"2019-09-10T19:24:08+00:00","dateModified":"2019-09-12T16:09:15+00:00","breadcrumb":{"@id":"https:\/\/liraodonto.com.br\/tratamentos\/pacientes-com-necessidades-especiais-pne\/#breadcrumb"},"inLanguage":"es","potentialAction":[{"@type":"ReadAction","target":["https:\/\/liraodonto.com.br\/tratamentos\/pacientes-com-necessidades-especiais-pne\/"]}]},{"@type":"BreadcrumbList","@id":"https:\/\/liraodonto.com.br\/tratamentos\/pacientes-com-necessidades-especiais-pne\/#breadcrumb","itemListElement":[{"@type":"ListItem","position":1,"name":"In\u00edcio","item":"https:\/\/liraodonto.com.br\/"},{"@type":"ListItem","position":2,"name":"Tratamentos","item":"https:\/\/liraodonto.com.br\/tratamentos\/"},{"@type":"ListItem","position":3,"name":"Pacientes com Necessidades Especiais (PNE)"}]},{"@type":"WebSite","@id":"https:\/\/liraodonto.com.br\/#website","url":"https:\/\/liraodonto.com.br\/","name":"Lira Odonto","description":"","publisher":{"@id":"https:\/\/liraodonto.com.br\/#organization"},"potentialAction":[{"@type":"SearchAction","target":{"@type":"EntryPoint","urlTemplate":"https:\/\/liraodonto.com.br\/?s={search_term_string}"},"query-input":{"@type":"PropertyValueSpecification","valueRequired":true,"valueName":"search_term_string"}}],"inLanguage":"es"},{"@type":"Organization","@id":"https:\/\/liraodonto.com.br\/#organization","name":"Lira Odonto","url":"https:\/\/liraodonto.com.br\/","logo":{"@type":"ImageObject","inLanguage":"es","@id":"https:\/\/liraodonto.com.br\/#\/schema\/logo\/image\/","url":"https:\/\/liraodonto.com.br\/wp-content\/uploads\/2016\/04\/cropped-cropped-lira_odonto_site.png","contentUrl":"https:\/\/liraodonto.com.br\/wp-content\/uploads\/2016\/04\/cropped-cropped-lira_odonto_site.png","width":200,"height":46,"caption":"Lira Odonto"},"image":{"@id":"https:\/\/liraodonto.com.br\/#\/schema\/logo\/image\/"},"sameAs":["https:\/\/www.facebook.com\/liraodonto\/","https:\/\/www.instagram.com\/liraodonto\/"]}]}},"wps_subtitle":"","_links":{"self":[{"href":"https:\/\/liraodonto.com.br\/es\/wp-json\/wp\/v2\/pages\/4634","targetHints":{"allow":["GET"]}}],"collection":[{"href":"https:\/\/liraodonto.com.br\/es\/wp-json\/wp\/v2\/pages"}],"about":[{"href":"https:\/\/liraodonto.com.br\/es\/wp-json\/wp\/v2\/types\/page"}],"author":[{"embeddable":true,"href":"https:\/\/liraodonto.com.br\/es\/wp-json\/wp\/v2\/users\/1"}],"replies":[{"embeddable":true,"href":"https:\/\/liraodonto.com.br\/es\/wp-json\/wp\/v2\/comments?post=4634"}],"version-history":[{"count":8,"href":"https:\/\/liraodonto.com.br\/es\/wp-json\/wp\/v2\/pages\/4634\/revisions"}],"predecessor-version":[{"id":4646,"href":"https:\/\/liraodonto.com.br\/es\/wp-json\/wp\/v2\/pages\/4634\/revisions\/4646"}],"up":[{"embeddable":true,"href":"https:\/\/liraodonto.com.br\/es\/wp-json\/wp\/v2\/pages\/1051"}],"wp:attachment":[{"href":"https:\/\/liraodonto.com.br\/es\/wp-json\/wp\/v2\/media?parent=4634"}],"curies":[{"name":"wp","href":"https:\/\/api.w.org\/{rel}","templated":true}]}}