{"id":90,"date":"2015-09-20T22:57:48","date_gmt":"2015-09-20T22:57:48","guid":{"rendered":"http:\/\/themedemos.webmandesign.eu\/polyclinic\/?page_id=90"},"modified":"2026-03-31T11:28:15","modified_gmt":"2026-03-31T14:28:15","slug":"unidades","status":"publish","type":"page","link":"https:\/\/liraodonto.com.br\/es\/unidades\/","title":{"rendered":"Unidades"},"content":{"rendered":"<section dir=\"auto\" data-turn-id=\"request-WEB:4b2328a8-3949-4dc0-aa7b-20ee2f3fe741-0\" data-testid=\"conversation-turn-2\" data-scroll-anchor=\"true\" data-turn=\"assistant\">\n\u00a0 \u00a0 \u00a0 H\u00e1 mais de 15 anos promovendo sa\u00fade e bem-estar na \u00e1rea da odontologia, a Lira Odonto se destaca por oferecer tratamentos integrados, reunindo uma equipe de profissionais experientes e altamente capacitados em todas as especialidades.\nNosso compromisso \u00e9 proporcionar aos pacientes acesso aos melhores tratamentos, com excel\u00eancia nos resultados e atendimento humanizado.\nCom duas unidades estrategicamente localizadas na cidade de S\u00e3o Paulo, contamos com uma estrutura moderna, acolhedora e confort\u00e1vel, pensada para garantir praticidade, f\u00e1cil acesso e uma experi\u00eancia tranquila em cada visita.\n<\/section>\n<form data-type=\"unified-composer\" action=\"\">\n<p>&nbsp;<\/p>\n<input type=\"hidden\" name=\"trp-form-language\" value=\"es\"\/><\/form>","protected":false},"excerpt":{"rendered":"<div class=\"entry-summary\">\n<div class=\"entry-summary\">\n\u00a0 \u00a0 \u00a0 H\u00e1 mais de 15 anos promovendo sa\u00fade e bem-estar na \u00e1rea da odontologia, a Lira&hellip;\n<\/div>\n<div class=\"link-more\"><a href=\"https:\/\/liraodonto.com.br\/es\/unidades\/\" class=\"more-link\">Continue reading<span class=\"screen-reader-text\"> &ldquo;Unidades&rdquo;<\/span>&hellip;<\/a><\/div>\n<\/div>\n<div class=\"link-more\"><a href=\"https:\/\/liraodonto.com.br\/es\/unidades\/\" class=\"more-link\">Continue reading<span class=\"screen-reader-text\"> &ldquo;Unidades&rdquo;<\/span>&hellip;<\/a><\/div>","protected":false},"author":1,"featured_media":5033,"parent":0,"menu_order":3,"comment_status":"closed","ping_status":"closed","template":"templates\/subpages.php","meta":{"_acf_changed":false,"_monsterinsights_skip_tracking":false,"_monsterinsights_sitenote_active":false,"_monsterinsights_sitenote_note":"","_monsterinsights_sitenote_category":0,"_joinchat":[],"footnotes":""},"class_list":["post-90","page","type-page","status-publish","has-post-thumbnail","hentry","entry"],"acf":[],"yoast_head":"<!-- This site is optimized with the Yoast SEO plugin v27.5 - https:\/\/yoast.com\/product\/yoast-seo-wordpress\/ -->\n<title>Unidades - Lira Odonto<\/title>\n<meta name=\"description\" content=\"Rua Le\u00f4ncio de Carvalho, 306, conj 41 - Para\u00edso\" \/>\n<meta name=\"robots\" content=\"index, follow, max-snippet:-1, max-image-preview:large, max-video-preview:-1\" \/>\n<link rel=\"canonical\" href=\"https:\/\/liraodonto.com.br\/es\/unidades\/\" \/>\n<meta property=\"og:locale\" content=\"es_ES\" \/>\n<meta property=\"og:type\" content=\"article\" \/>\n<meta property=\"og:title\" content=\"Unidades - Lira Odonto\" \/>\n<meta property=\"og:description\" content=\"Rua Le\u00f4ncio de Carvalho, 306, conj 41 - Para\u00edso\" \/>\n<meta property=\"og:url\" content=\"https:\/\/liraodonto.com.br\/es\/unidades\/\" \/>\n<meta property=\"og:site_name\" content=\"Lira Odonto\" \/>\n<meta property=\"article:publisher\" content=\"https:\/\/www.facebook.com\/liraodonto\/\" \/>\n<meta property=\"article:modified_time\" content=\"2026-03-31T14:28:15+00:00\" \/>\n<meta property=\"og:image\" content=\"https:\/\/liraodonto.com.br\/wp-content\/uploads\/2022\/10\/WhatsApp-Image-2022-09-21-at-17.32.14-4-e1774966987206.jpeg\" \/>\n\t<meta property=\"og:image:width\" content=\"810\" \/>\n\t<meta property=\"og:image:height\" content=\"772\" \/>\n\t<meta property=\"og:image:type\" content=\"image\/jpeg\" \/>\n<meta name=\"twitter:card\" content=\"summary_large_image\" \/>\n<meta name=\"twitter:label1\" content=\"Tiempo de lectura\" \/>\n\t<meta name=\"twitter:data1\" content=\"1 minuto\" \/>\n<script type=\"application\/ld+json\" class=\"yoast-schema-graph\">{\"@context\":\"https:\\\/\\\/schema.org\",\"@graph\":[{\"@type\":\"WebPage\",\"@id\":\"https:\\\/\\\/liraodonto.com.br\\\/unidades\\\/\",\"url\":\"https:\\\/\\\/liraodonto.com.br\\\/unidades\\\/\",\"name\":\"Unidades - Lira Odonto\",\"isPartOf\":{\"@id\":\"https:\\\/\\\/liraodonto.com.br\\\/#website\"},\"primaryImageOfPage\":{\"@id\":\"https:\\\/\\\/liraodonto.com.br\\\/unidades\\\/#primaryimage\"},\"image\":{\"@id\":\"https:\\\/\\\/liraodonto.com.br\\\/unidades\\\/#primaryimage\"},\"thumbnailUrl\":\"https:\\\/\\\/liraodonto.com.br\\\/wp-content\\\/uploads\\\/2022\\\/10\\\/WhatsApp-Image-2022-09-21-at-17.32.14-4-e1774966987206.jpeg\",\"datePublished\":\"2015-09-20T22:57:48+00:00\",\"dateModified\":\"2026-03-31T14:28:15+00:00\",\"description\":\"Rua Le\u00f4ncio de Carvalho, 306, conj 41 - Para\u00edso\",\"breadcrumb\":{\"@id\":\"https:\\\/\\\/liraodonto.com.br\\\/unidades\\\/#breadcrumb\"},\"inLanguage\":\"es\",\"potentialAction\":[{\"@type\":\"ReadAction\",\"target\":[\"https:\\\/\\\/liraodonto.com.br\\\/unidades\\\/\"]}]},{\"@type\":\"ImageObject\",\"inLanguage\":\"es\",\"@id\":\"https:\\\/\\\/liraodonto.com.br\\\/unidades\\\/#primaryimage\",\"url\":\"https:\\\/\\\/liraodonto.com.br\\\/wp-content\\\/uploads\\\/2022\\\/10\\\/WhatsApp-Image-2022-09-21-at-17.32.14-4-e1774966987206.jpeg\",\"contentUrl\":\"https:\\\/\\\/liraodonto.com.br\\\/wp-content\\\/uploads\\\/2022\\\/10\\\/WhatsApp-Image-2022-09-21-at-17.32.14-4-e1774966987206.jpeg\",\"width\":810,\"height\":772},{\"@type\":\"BreadcrumbList\",\"@id\":\"https:\\\/\\\/liraodonto.com.br\\\/unidades\\\/#breadcrumb\",\"itemListElement\":[{\"@type\":\"ListItem\",\"position\":1,\"name\":\"In\u00edcio\",\"item\":\"https:\\\/\\\/liraodonto.com.br\\\/\"},{\"@type\":\"ListItem\",\"position\":2,\"name\":\"Unidades\"}]},{\"@type\":\"WebSite\",\"@id\":\"https:\\\/\\\/liraodonto.com.br\\\/#website\",\"url\":\"https:\\\/\\\/liraodonto.com.br\\\/\",\"name\":\"Lira Odonto\",\"description\":\"\",\"publisher\":{\"@id\":\"https:\\\/\\\/liraodonto.com.br\\\/#organization\"},\"potentialAction\":[{\"@type\":\"SearchAction\",\"target\":{\"@type\":\"EntryPoint\",\"urlTemplate\":\"https:\\\/\\\/liraodonto.com.br\\\/?s={search_term_string}\"},\"query-input\":{\"@type\":\"PropertyValueSpecification\",\"valueRequired\":true,\"valueName\":\"search_term_string\"}}],\"inLanguage\":\"es\"},{\"@type\":\"Organization\",\"@id\":\"https:\\\/\\\/liraodonto.com.br\\\/#organization\",\"name\":\"Lira Odonto\",\"url\":\"https:\\\/\\\/liraodonto.com.br\\\/\",\"logo\":{\"@type\":\"ImageObject\",\"inLanguage\":\"es\",\"@id\":\"https:\\\/\\\/liraodonto.com.br\\\/#\\\/schema\\\/logo\\\/image\\\/\",\"url\":\"https:\\\/\\\/liraodonto.com.br\\\/wp-content\\\/uploads\\\/2016\\\/04\\\/cropped-cropped-lira_odonto_site.png\",\"contentUrl\":\"https:\\\/\\\/liraodonto.com.br\\\/wp-content\\\/uploads\\\/2016\\\/04\\\/cropped-cropped-lira_odonto_site.png\",\"width\":200,\"height\":46,\"caption\":\"Lira Odonto\"},\"image\":{\"@id\":\"https:\\\/\\\/liraodonto.com.br\\\/#\\\/schema\\\/logo\\\/image\\\/\"},\"sameAs\":[\"https:\\\/\\\/www.facebook.com\\\/liraodonto\\\/\",\"https:\\\/\\\/www.instagram.com\\\/liraodonto\\\/\"]}]}<\/script>\n<!-- \/ Yoast SEO plugin. -->","yoast_head_json":{"title":"Unidades - Lira Odonto","description":"Rua Le\u00f4ncio de Carvalho, 306, conj 41 - Para\u00edso","robots":{"index":"index","follow":"follow","max-snippet":"max-snippet:-1","max-image-preview":"max-image-preview:large","max-video-preview":"max-video-preview:-1"},"canonical":"https:\/\/liraodonto.com.br\/es\/unidades\/","og_locale":"es_ES","og_type":"article","og_title":"Unidades - Lira Odonto","og_description":"Rua Le\u00f4ncio de Carvalho, 306, conj 41 - Para\u00edso","og_url":"https:\/\/liraodonto.com.br\/es\/unidades\/","og_site_name":"Lira Odonto","article_publisher":"https:\/\/www.facebook.com\/liraodonto\/","article_modified_time":"2026-03-31T14:28:15+00:00","og_image":[{"width":810,"height":772,"url":"https:\/\/liraodonto.com.br\/wp-content\/uploads\/2022\/10\/WhatsApp-Image-2022-09-21-at-17.32.14-4-e1774966987206.jpeg","type":"image\/jpeg"}],"twitter_card":"summary_large_image","twitter_misc":{"Tiempo de lectura":"1 minuto"},"schema":{"@context":"https:\/\/schema.org","@graph":[{"@type":"WebPage","@id":"https:\/\/liraodonto.com.br\/unidades\/","url":"https:\/\/liraodonto.com.br\/unidades\/","name":"Unidades - Lira Odonto","isPartOf":{"@id":"https:\/\/liraodonto.com.br\/#website"},"primaryImageOfPage":{"@id":"https:\/\/liraodonto.com.br\/unidades\/#primaryimage"},"image":{"@id":"https:\/\/liraodonto.com.br\/unidades\/#primaryimage"},"thumbnailUrl":"https:\/\/liraodonto.com.br\/wp-content\/uploads\/2022\/10\/WhatsApp-Image-2022-09-21-at-17.32.14-4-e1774966987206.jpeg","datePublished":"2015-09-20T22:57:48+00:00","dateModified":"2026-03-31T14:28:15+00:00","description":"Rua Le\u00f4ncio de Carvalho, 306, conj 41 - Para\u00edso","breadcrumb":{"@id":"https:\/\/liraodonto.com.br\/unidades\/#breadcrumb"},"inLanguage":"es","potentialAction":[{"@type":"ReadAction","target":["https:\/\/liraodonto.com.br\/unidades\/"]}]},{"@type":"ImageObject","inLanguage":"es","@id":"https:\/\/liraodonto.com.br\/unidades\/#primaryimage","url":"https:\/\/liraodonto.com.br\/wp-content\/uploads\/2022\/10\/WhatsApp-Image-2022-09-21-at-17.32.14-4-e1774966987206.jpeg","contentUrl":"https:\/\/liraodonto.com.br\/wp-content\/uploads\/2022\/10\/WhatsApp-Image-2022-09-21-at-17.32.14-4-e1774966987206.jpeg","width":810,"height":772},{"@type":"BreadcrumbList","@id":"https:\/\/liraodonto.com.br\/unidades\/#breadcrumb","itemListElement":[{"@type":"ListItem","position":1,"name":"In\u00edcio","item":"https:\/\/liraodonto.com.br\/"},{"@type":"ListItem","position":2,"name":"Unidades"}]},{"@type":"WebSite","@id":"https:\/\/liraodonto.com.br\/#website","url":"https:\/\/liraodonto.com.br\/","name":"Lira Odonto","description":"","publisher":{"@id":"https:\/\/liraodonto.com.br\/#organization"},"potentialAction":[{"@type":"SearchAction","target":{"@type":"EntryPoint","urlTemplate":"https:\/\/liraodonto.com.br\/?s={search_term_string}"},"query-input":{"@type":"PropertyValueSpecification","valueRequired":true,"valueName":"search_term_string"}}],"inLanguage":"es"},{"@type":"Organization","@id":"https:\/\/liraodonto.com.br\/#organization","name":"Lira Odonto","url":"https:\/\/liraodonto.com.br\/","logo":{"@type":"ImageObject","inLanguage":"es","@id":"https:\/\/liraodonto.com.br\/#\/schema\/logo\/image\/","url":"https:\/\/liraodonto.com.br\/wp-content\/uploads\/2016\/04\/cropped-cropped-lira_odonto_site.png","contentUrl":"https:\/\/liraodonto.com.br\/wp-content\/uploads\/2016\/04\/cropped-cropped-lira_odonto_site.png","width":200,"height":46,"caption":"Lira Odonto"},"image":{"@id":"https:\/\/liraodonto.com.br\/#\/schema\/logo\/image\/"},"sameAs":["https:\/\/www.facebook.com\/liraodonto\/","https:\/\/www.instagram.com\/liraodonto\/"]}]}},"wps_subtitle":"","_links":{"self":[{"href":"https:\/\/liraodonto.com.br\/es\/wp-json\/wp\/v2\/pages\/90","targetHints":{"allow":["GET"]}}],"collection":[{"href":"https:\/\/liraodonto.com.br\/es\/wp-json\/wp\/v2\/pages"}],"about":[{"href":"https:\/\/liraodonto.com.br\/es\/wp-json\/wp\/v2\/types\/page"}],"author":[{"embeddable":true,"href":"https:\/\/liraodonto.com.br\/es\/wp-json\/wp\/v2\/users\/1"}],"replies":[{"embeddable":true,"href":"https:\/\/liraodonto.com.br\/es\/wp-json\/wp\/v2\/comments?post=90"}],"version-history":[{"count":21,"href":"https:\/\/liraodonto.com.br\/es\/wp-json\/wp\/v2\/pages\/90\/revisions"}],"predecessor-version":[{"id":5462,"href":"https:\/\/liraodonto.com.br\/es\/wp-json\/wp\/v2\/pages\/90\/revisions\/5462"}],"wp:featuredmedia":[{"embeddable":true,"href":"https:\/\/liraodonto.com.br\/es\/wp-json\/wp\/v2\/media\/5033"}],"wp:attachment":[{"href":"https:\/\/liraodonto.com.br\/es\/wp-json\/wp\/v2\/media?parent=90"}],"curies":[{"name":"wp","href":"https:\/\/api.w.org\/{rel}","templated":true}]}}